{"id":13824,"date":"2021-03-10T06:28:41","date_gmt":"2021-03-10T06:28:41","guid":{"rendered":"https:\/\/kruse.de\/konfliktmineralienpolitik\/"},"modified":"2025-02-20T16:07:20","modified_gmt":"2025-02-20T16:07:20","slug":"konfliktmineralienpolitik","status":"publish","type":"page","link":"https:\/\/kruse.de\/de\/konfliktmineralienpolitik\/","title":{"rendered":"Konfliktmineralienpolitik"},"content":{"rendered":"\t\t<div data-elementor-type=\"wp-page\" data-elementor-id=\"13824\" class=\"elementor elementor-13824 elementor-1328\" data-elementor-post-type=\"page\">\n\t\t\t\t\t\t<section class=\"elementor-section elementor-top-section elementor-element elementor-element-3aaa6ff elementor-section-boxed elementor-section-height-default elementor-section-height-default\" data-id=\"3aaa6ff\" data-element_type=\"section\" data-e-type=\"section\" data-settings=\"{&quot;background_background&quot;:&quot;classic&quot;}\">\n\t\t\t\t\t\t\t<div class=\"elementor-background-overlay\"><\/div>\n\t\t\t\t\t\t\t<div class=\"elementor-container elementor-column-gap-default\">\n\t\t\t\t\t<div class=\"elementor-column elementor-col-100 elementor-top-column elementor-element elementor-element-628dc34\" data-id=\"628dc34\" data-element_type=\"column\" data-e-type=\"column\">\n\t\t\t<div class=\"elementor-widget-wrap elementor-element-populated\">\n\t\t\t\t\t\t<div class=\"elementor-element elementor-element-c581393 elementor-widget elementor-widget-theme-post-title elementor-page-title elementor-widget-heading\" data-id=\"c581393\" data-element_type=\"widget\" data-e-type=\"widget\" data-widget_type=\"theme-post-title.default\">\n\t\t\t\t<div class=\"elementor-widget-container\">\n\t\t\t\t\t<h1 class=\"elementor-heading-title elementor-size-default\">Konfliktmineralienpolitik<\/h1>\t\t\t\t<\/div>\n\t\t\t\t<\/div>\n\t\t\t\t<div class=\"elementor-element elementor-element-be19083 elementor-align-center elementor-widget elementor-widget-breadcrumbs\" data-id=\"be19083\" data-element_type=\"widget\" data-e-type=\"widget\" data-widget_type=\"breadcrumbs.default\">\n\t\t\t\t<div class=\"elementor-widget-container\">\n\t\t\t\t\t<p id=\"breadcrumbs\"><\/p>\t\t\t\t<\/div>\n\t\t\t\t<\/div>\n\t\t\t\t\t<\/div>\n\t\t<\/div>\n\t\t\t\t\t<\/div>\n\t\t<\/section>\n\t\t\t\t<section class=\"elementor-section elementor-top-section elementor-element elementor-element-7e989ac elementor-section-boxed elementor-section-height-default elementor-section-height-default\" data-id=\"7e989ac\" data-element_type=\"section\" data-e-type=\"section\">\n\t\t\t\t\t\t<div class=\"elementor-container elementor-column-gap-default\">\n\t\t\t\t\t<div class=\"elementor-column elementor-col-100 elementor-top-column elementor-element elementor-element-4faa55a\" data-id=\"4faa55a\" data-element_type=\"column\" data-e-type=\"column\">\n\t\t\t<div class=\"elementor-widget-wrap elementor-element-populated\">\n\t\t\t\t\t\t<div class=\"elementor-element elementor-element-8516096 elementor-widget elementor-widget-spacer\" data-id=\"8516096\" data-element_type=\"widget\" data-e-type=\"widget\" data-widget_type=\"spacer.default\">\n\t\t\t\t<div class=\"elementor-widget-container\">\n\t\t\t\t\t\t\t<div class=\"elementor-spacer\">\n\t\t\t<div class=\"elementor-spacer-inner\"><\/div>\n\t\t<\/div>\n\t\t\t\t\t\t<\/div>\n\t\t\t\t<\/div>\n\t\t\t\t\t<\/div>\n\t\t<\/div>\n\t\t\t\t\t<\/div>\n\t\t<\/section>\n\t\t\t\t<section class=\"elementor-section elementor-top-section elementor-element elementor-element-86e5533 elementor-section-boxed elementor-section-height-default elementor-section-height-default\" data-id=\"86e5533\" data-element_type=\"section\" data-e-type=\"section\">\n\t\t\t\t\t\t<div class=\"elementor-container elementor-column-gap-default\">\n\t\t\t\t\t<div class=\"elementor-column elementor-col-50 elementor-top-column elementor-element elementor-element-6385955\" data-id=\"6385955\" data-element_type=\"column\" data-e-type=\"column\">\n\t\t\t<div class=\"elementor-widget-wrap elementor-element-populated\">\n\t\t\t\t\t\t<div class=\"elementor-element elementor-element-2b9aff2 elementor-widget elementor-widget-text-editor\" data-id=\"2b9aff2\" data-element_type=\"widget\" data-e-type=\"widget\" data-widget_type=\"text-editor.default\">\n\t\t\t\t<div class=\"elementor-widget-container\">\n\t\t\t\t\t\t\t\t\tStellungnahme zur Verwendung von \u201eKonfliktmineralien\u201c gem\u00e4\u00df Artikel 1502 des Dodd-Frank Wall Street Reform and Consumer Protection Act (Dodd-Frank-Act) \t\t\t\t\t\t\t\t<\/div>\n\t\t\t\t<\/div>\n\t\t\t\t<div class=\"elementor-element elementor-element-e995d09 elementor-widget elementor-widget-text-editor\" data-id=\"e995d09\" data-element_type=\"widget\" data-e-type=\"widget\" data-widget_type=\"text-editor.default\">\n\t\t\t\t<div class=\"elementor-widget-container\">\n\t\t\t\t\t\t\t\t\tDie Karl Kruse GmbH  Co KG ist sich der Berichte bewusst und beunruhigt dar\u00fcber, dass Gewinne aus dem Verkauf bestimmter in der Demokratischen Republik Kongo (DRK) oder angrenzenden L\u00e4ndern gef\u00f6rderter Metalle dazu beigetragen haben, Krieg und Menschenrechtsverletzungen im Ostkongo anzuheizen. Abschnitt 1502 des Dodd-Frank Wall Street Reform and Consumer Protection Act schreibt b\u00f6rsennotierten US-Unternehmen neue Lieferketten-Meldepflichten vor, um die Transparenz und das Verbraucherbewusstsein hinsichtlich der Verwendung von \u201eKonfliktmineralien\u201c (Tantal, Zinn, Gold und Wolfram oder \u201eKonfliktmineralien\u201c) zu f\u00f6rdern. 3TG\u201c), die bewaffnete Gruppen in dieser Region direkt oder indirekt finanzieren oder beg\u00fcnstigen.  \t\t\t\t\t\t\t\t<\/div>\n\t\t\t\t<\/div>\n\t\t\t\t<div class=\"elementor-element elementor-element-3d6e620 elementor-widget elementor-widget-text-editor\" data-id=\"3d6e620\" data-element_type=\"widget\" data-e-type=\"widget\" data-widget_type=\"text-editor.default\">\n\t\t\t\t<div class=\"elementor-widget-container\">\n\t\t\t\t\t\t\t\t\tDa die Karl Kruse GmbH  CO KG ein autorisierter H\u00e4ndler ohne Entwicklung, Produktion oder eigenen Fertigungseinrichtungen ist, k\u00f6nnen wir keine Materialdeklarationen in unserem Namen durchf\u00fchren. Wir sind weder ein US-amerikanisches noch ein b\u00f6rsennotiertes Unternehmen und unterliegen nicht per se dem Artikel 1502 des Dodd-Frank Wall Street Reform and Consumer Protection Act (Dodd-Frank-Act). Der Dodd-Frank-Act bezieht sich insbesondere auf Zinn, Tantal, Wolfram, Wolfram, Gold und seine Derivate, die in der Demokratischen Republik Kongo oder ihren Nachbarl\u00e4ndern abgebaut werden.   \t\t\t\t\t\t\t\t<\/div>\n\t\t\t\t<\/div>\n\t\t\t\t<div class=\"elementor-element elementor-element-31e0024 elementor-widget elementor-widget-text-editor\" data-id=\"31e0024\" data-element_type=\"widget\" data-e-type=\"widget\" data-widget_type=\"text-editor.default\">\n\t\t\t\t<div class=\"elementor-widget-container\">\n\t\t\t\t\t\t\t\t\tKarl Kruse ist sich der HR 4173 des US-Kongresses voll bewusst, insbesondere im Hinblick auf Abschnitt 1502 \u2013 Konfliktmineralien. \t\t\t\t\t\t\t\t<\/div>\n\t\t\t\t<\/div>\n\t\t\t\t<div class=\"elementor-element elementor-element-926c13b elementor-widget elementor-widget-text-editor\" data-id=\"926c13b\" data-element_type=\"widget\" data-e-type=\"widget\" data-widget_type=\"text-editor.default\">\n\t\t\t\t<div class=\"elementor-widget-container\">\n\t\t\t\t\t\t\t\t\tDie Karl Kruse GmbH  CO KG ist sich ihrer gesellschaftlichen Verantwortung in den Bereichen Gesundheit, Umwelt, Gesundheit, Menschenrechte und Arbeitssicherheit bewusst. Daher stehen wir im st\u00e4ndigen Kontakt mit unseren Vertragsherstellern, um sicherzustellen, dass die hergestellten Produkte unseres Sortiments allen relevanten gesetzlichen Vorschriften entsprechen.  \t\t\t\t\t\t\t\t<\/div>\n\t\t\t\t<\/div>\n\t\t\t\t<div class=\"elementor-element elementor-element-83a37d1 elementor-widget elementor-widget-text-editor\" data-id=\"83a37d1\" data-element_type=\"widget\" data-e-type=\"widget\" data-widget_type=\"text-editor.default\">\n\t\t\t\t<div class=\"elementor-widget-container\">\n\t\t\t\t\t\t\t\t\tWir verf\u00fcgen \u00fcber die Erkl\u00e4rungen aller unserer Hersteller zum Dodd-Franck Act (DFA), Abschnitt 1502. Unsere Vertragshersteller verwenden weder direkt noch indirekt Konfliktmineralien, die aus der Demokratischen Republik Kongo oder ihren Nachbarl\u00e4ndern stammen Aktuelle Informationen.  \t\t\t\t\t\t\t\t<\/div>\n\t\t\t\t<\/div>\n\t\t\t\t<div class=\"elementor-element elementor-element-a956865 elementor-widget elementor-widget-text-editor\" data-id=\"a956865\" data-element_type=\"widget\" data-e-type=\"widget\" data-widget_type=\"text-editor.default\">\n\t\t\t\t<div class=\"elementor-widget-container\">\n\t\t\t\t\t\t\t\t\tAls H\u00e4ndler haben wir keinen Einfluss auf die Herkunft der von unserem Lieferanten verwendeten Mineralien. Wir k\u00f6nnen nicht aussagen, ob Konfliktmaterialien in Hilfs- oder Prozessmaterialien verwendet wurden. Daher k\u00f6nnen wir keine Garantie geben. Wir k\u00f6nnen jedoch garantieren, dass wir keine Konfliktmineralien oder Mineralien direkt importieren.   \t\t\t\t\t\t\t\t<\/div>\n\t\t\t\t<\/div>\n\t\t\t\t<div class=\"elementor-element elementor-element-29350b8 elementor-widget elementor-widget-text-editor\" data-id=\"29350b8\" data-element_type=\"widget\" data-e-type=\"widget\" data-widget_type=\"text-editor.default\">\n\t\t\t\t<div class=\"elementor-widget-container\">\n\t\t\t\t\t\t\t\t\tBitte haben Sie Verst\u00e4ndnis daf\u00fcr, dass wir keine speziellen Frageb\u00f6gen ausf\u00fcllen k\u00f6nnen. \t\t\t\t\t\t\t\t<\/div>\n\t\t\t\t<\/div>\n\t\t\t\t<div class=\"elementor-element elementor-element-4f484ac elementor-widget elementor-widget-text-editor\" data-id=\"4f484ac\" data-element_type=\"widget\" data-e-type=\"widget\" data-widget_type=\"text-editor.default\">\n\t\t\t\t<div class=\"elementor-widget-container\">\n\t\t\t\t\t\t\t\t\tWenn uns Informationen zu einem Produkt mit Konfliktmineralien vorliegen, bieten wir Ihnen ein Alternativprodukt mit anderer Herkunft an und nehmen es aus unserem Programm. \t\t\t\t\t\t\t\t<\/div>\n\t\t\t\t<\/div>\n\t\t\t\t<div class=\"elementor-element elementor-element-240167f elementor-widget elementor-widget-text-editor\" data-id=\"240167f\" data-element_type=\"widget\" data-e-type=\"widget\" data-widget_type=\"text-editor.default\">\n\t\t\t\t<div class=\"elementor-widget-container\">\n\t\t\t\t\t\t\t\t\t<p>Wir beobachten weiterhin die laufenden SEC-Entwicklungen und sind bestrebt, unsere Kunden bei der Einhaltung aller Meldepflichten zu unterst\u00fctzen, sofern zutreffend.<\/p>\n\t\t\t\t\t\t\t\t<\/div>\n\t\t\t\t<\/div>\n\t\t\t\t\t<\/div>\n\t\t<\/div>\n\t\t\t\t<div class=\"elementor-column elementor-col-50 elementor-top-column elementor-element elementor-element-3707900\" data-id=\"3707900\" data-element_type=\"column\" data-e-type=\"column\">\n\t\t\t<div class=\"elementor-widget-wrap elementor-element-populated\">\n\t\t\t\t\t\t<section class=\"elementor-section elementor-inner-section elementor-element elementor-element-301aa1c elementor-section-boxed elementor-section-height-default elementor-section-height-default elementor-invisible\" data-id=\"301aa1c\" data-element_type=\"section\" data-e-type=\"section\" data-settings=\"{&quot;background_background&quot;:&quot;classic&quot;,&quot;sticky&quot;:&quot;top&quot;,&quot;sticky_offset&quot;:20,&quot;sticky_parent&quot;:&quot;yes&quot;,&quot;animation&quot;:&quot;fadeInDown&quot;,&quot;sticky_on&quot;:[&quot;desktop&quot;,&quot;tablet&quot;,&quot;mobile&quot;],&quot;sticky_effects_offset&quot;:0}\">\n\t\t\t\t\t\t<div class=\"elementor-container elementor-column-gap-default\">\n\t\t\t\t\t<div class=\"elementor-column elementor-col-100 elementor-inner-column elementor-element elementor-element-dd54a7b\" data-id=\"dd54a7b\" data-element_type=\"column\" data-e-type=\"column\" data-settings=\"{&quot;background_background&quot;:&quot;classic&quot;}\">\n\t\t\t<div class=\"elementor-widget-wrap elementor-element-populated\">\n\t\t\t\t\t\t<div class=\"elementor-element elementor-element-d0aebe7 elementor-widget elementor-widget-text-editor\" data-id=\"d0aebe7\" data-element_type=\"widget\" data-e-type=\"widget\" data-widget_type=\"text-editor.default\">\n\t\t\t\t<div class=\"elementor-widget-container\">\n\t\t\t\t\t\t\t\t\tRECHTSINFORMATION \t\t\t\t\t\t\t\t<\/div>\n\t\t\t\t<\/div>\n\t\t\t\t<div class=\"elementor-element elementor-element-b87bc54 elementor-nav-menu__align-left elementor-nav-menu--stretch elementor-widget__width-inherit elementor-nav-menu--dropdown-tablet elementor-nav-menu__text-align-aside elementor-widget elementor-widget-nav-menu\" data-id=\"b87bc54\" data-element_type=\"widget\" data-e-type=\"widget\" data-settings=\"{&quot;full_width&quot;:&quot;stretch&quot;,&quot;layout&quot;:&quot;horizontal&quot;,&quot;submenu_icon&quot;:{&quot;value&quot;:&quot;&lt;i class=\\&quot;fas fa-caret-down\\&quot;&gt;&lt;\\\/i&gt;&quot;,&quot;library&quot;:&quot;fa-solid&quot;}}\" data-widget_type=\"nav-menu.default\">\n\t\t\t\t<div class=\"elementor-widget-container\">\n\t\t\t\t\t\t\t\t<nav class=\"elementor-nav-menu--main elementor-nav-menu__container elementor-nav-menu--layout-horizontal e--pointer-background e--animation-fade\">\n\t\t\t\t<ul id=\"menu-1-b87bc54\" class=\"elementor-nav-menu\"><li class=\"menu-item menu-item-type-post_type menu-item-object-page menu-item-15049\"><a href=\"https:\/\/kruse.de\/de\/handelsregister\/\" class=\"elementor-item menu-link\">Handelsregister<\/a><\/li>\n<li class=\"menu-item menu-item-type-post_type menu-item-object-page menu-item-15050\"><a href=\"https:\/\/kruse.de\/de\/konfliktmineralienpolitik\/\" class=\"elementor-item menu-link\">Konfliktmineralienpolitik<\/a><\/li>\n<li class=\"menu-item menu-item-type-post_type menu-item-object-page menu-item-15051\"><a href=\"https:\/\/kruse.de\/de\/cookie-erklaerung\/\" class=\"elementor-item menu-link\">Cookie-Erkl\u00e4rung<\/a><\/li>\n<li class=\"menu-item menu-item-type-post_type menu-item-object-page menu-item-15052\"><a href=\"https:\/\/kruse.de\/de\/downloads\/\" class=\"elementor-item menu-link\">Downloads<\/a><\/li>\n<li class=\"menu-item menu-item-type-post_type menu-item-object-page menu-item-15053\"><a href=\"https:\/\/kruse.de\/de\/weitere-links\/\" class=\"elementor-item menu-link\">Weitere Links<\/a><\/li>\n<li class=\"menu-item menu-item-type-post_type menu-item-object-page menu-item-15054\"><a href=\"https:\/\/kruse.de\/de\/rechtliche-hinweise\/\" class=\"elementor-item menu-link\">Rechtliche Hinweise<\/a><\/li>\n<li class=\"menu-item menu-item-type-post_type menu-item-object-page menu-item-15055\"><a href=\"https:\/\/kruse.de\/de\/datenschutzrichtlinie\/\" class=\"elementor-item menu-link\">Datenschutzrichtlinie<\/a><\/li>\n<\/ul>\t\t\t<\/nav>\n\t\t\t\t\t\t<nav class=\"elementor-nav-menu--dropdown elementor-nav-menu__container\" aria-hidden=\"true\">\n\t\t\t\t<ul id=\"menu-2-b87bc54\" class=\"elementor-nav-menu\"><li class=\"menu-item menu-item-type-post_type menu-item-object-page menu-item-15049\"><a href=\"https:\/\/kruse.de\/de\/handelsregister\/\" class=\"elementor-item menu-link\" tabindex=\"-1\">Handelsregister<\/a><\/li>\n<li class=\"menu-item menu-item-type-post_type menu-item-object-page menu-item-15050\"><a href=\"https:\/\/kruse.de\/de\/konfliktmineralienpolitik\/\" class=\"elementor-item menu-link\" tabindex=\"-1\">Konfliktmineralienpolitik<\/a><\/li>\n<li class=\"menu-item menu-item-type-post_type menu-item-object-page menu-item-15051\"><a href=\"https:\/\/kruse.de\/de\/cookie-erklaerung\/\" class=\"elementor-item menu-link\" tabindex=\"-1\">Cookie-Erkl\u00e4rung<\/a><\/li>\n<li class=\"menu-item menu-item-type-post_type menu-item-object-page menu-item-15052\"><a href=\"https:\/\/kruse.de\/de\/downloads\/\" class=\"elementor-item menu-link\" tabindex=\"-1\">Downloads<\/a><\/li>\n<li class=\"menu-item menu-item-type-post_type menu-item-object-page menu-item-15053\"><a href=\"https:\/\/kruse.de\/de\/weitere-links\/\" class=\"elementor-item menu-link\" tabindex=\"-1\">Weitere Links<\/a><\/li>\n<li class=\"menu-item menu-item-type-post_type menu-item-object-page menu-item-15054\"><a href=\"https:\/\/kruse.de\/de\/rechtliche-hinweise\/\" class=\"elementor-item menu-link\" tabindex=\"-1\">Rechtliche Hinweise<\/a><\/li>\n<li class=\"menu-item menu-item-type-post_type menu-item-object-page menu-item-15055\"><a href=\"https:\/\/kruse.de\/de\/datenschutzrichtlinie\/\" class=\"elementor-item menu-link\" tabindex=\"-1\">Datenschutzrichtlinie<\/a><\/li>\n<\/ul>\t\t\t<\/nav>\n\t\t\t\t\t\t<\/div>\n\t\t\t\t<\/div>\n\t\t\t\t\t<\/div>\n\t\t<\/div>\n\t\t\t\t\t<\/div>\n\t\t<\/section>\n\t\t\t\t\t<\/div>\n\t\t<\/div>\n\t\t\t\t\t<\/div>\n\t\t<\/section>\n\t\t\t\t<\/div>\n\t\t","protected":false},"excerpt":{"rendered":"<p>Stellungnahme zur Verwendung von \u201eKonfliktmineralien\u201c gem\u00e4\u00df Artikel 1502 des Dodd-Frank Wall Street Reform and Consumer Protection Act (Dodd-Frank-Act) Die Karl Kruse GmbH Co KG ist sich der Berichte bewusst und beunruhigt dar\u00fcber, dass Gewinne aus dem Verkauf bestimmter in der Demokratischen Republik Kongo (DRK) oder angrenzenden L\u00e4ndern gef\u00f6rderter Metalle dazu beigetragen haben, Krieg und Menschenrechtsverletzungen [&hellip;]<\/p>\n","protected":false},"author":2,"featured_media":0,"parent":0,"menu_order":0,"comment_status":"closed","ping_status":"closed","template":"elementor_header_footer","meta":{"site-sidebar-layout":"default","site-content-layout":"","ast-site-content-layout":"default","site-content-style":"default","site-sidebar-style":"default","ast-global-header-display":"","ast-banner-title-visibility":"","ast-main-header-display":"","ast-hfb-above-header-display":"","ast-hfb-below-header-display":"","ast-hfb-mobile-header-display":"","site-post-title":"","ast-breadcrumbs-content":"","ast-featured-img":"","footer-sml-layout":"","ast-disable-related-posts":"","theme-transparent-header-meta":"","adv-header-id-meta":"","stick-header-meta":"","header-above-stick-meta":"","header-main-stick-meta":"","header-below-stick-meta":"","astra-migrate-meta-layouts":"default","ast-page-background-enabled":"default","ast-page-background-meta":{"desktop":{"background-color":"var(--ast-global-color-4)","background-image":"","background-repeat":"repeat","background-position":"center center","background-size":"auto","background-attachment":"scroll","background-type":"","background-media":"","overlay-type":"","overlay-color":"","overlay-opacity":"","overlay-gradient":""},"tablet":{"background-color":"","background-image":"","background-repeat":"repeat","background-position":"center center","background-size":"auto","background-attachment":"scroll","background-type":"","background-media":"","overlay-type":"","overlay-color":"","overlay-opacity":"","overlay-gradient":""},"mobile":{"background-color":"","background-image":"","background-repeat":"repeat","background-position":"center center","background-size":"auto","background-attachment":"scroll","background-type":"","background-media":"","overlay-type":"","overlay-color":"","overlay-opacity":"","overlay-gradient":""}},"ast-content-background-meta":{"desktop":{"background-color":"var(--ast-global-color-5)","background-image":"","background-repeat":"repeat","background-position":"center center","background-size":"auto","background-attachment":"scroll","background-type":"","background-media":"","overlay-type":"","overlay-color":"","overlay-opacity":"","overlay-gradient":""},"tablet":{"background-color":"var(--ast-global-color-5)","background-image":"","background-repeat":"repeat","background-position":"center center","background-size":"auto","background-attachment":"scroll","background-type":"","background-media":"","overlay-type":"","overlay-color":"","overlay-opacity":"","overlay-gradient":""},"mobile":{"background-color":"var(--ast-global-color-5)","background-image":"","background-repeat":"repeat","background-position":"center center","background-size":"auto","background-attachment":"scroll","background-type":"","background-media":"","overlay-type":"","overlay-color":"","overlay-opacity":"","overlay-gradient":""}},"footnotes":""},"class_list":["post-13824","page","type-page","status-publish","hentry"],"yoast_head":"<!-- This site is optimized with the Yoast SEO Premium plugin v23.0 (Yoast SEO v27.4) - https:\/\/yoast.com\/product\/yoast-seo-premium-wordpress\/ -->\n<title>Konfliktmineralienpolitik - Kruse electronic components | Obsolete electronic components<\/title>\n<meta name=\"robots\" content=\"index, follow, max-snippet:-1, max-image-preview:large, max-video-preview:-1\" \/>\n<link rel=\"canonical\" href=\"https:\/\/kruse.de\/de\/konfliktmineralienpolitik\/\" \/>\n<meta property=\"og:locale\" content=\"de_DE\" \/>\n<meta property=\"og:type\" content=\"article\" \/>\n<meta property=\"og:title\" content=\"Konfliktmineralienpolitik - Kruse electronic components | Obsolete electronic components\" \/>\n<meta property=\"og:description\" content=\"Stellungnahme zur Verwendung von \u201eKonfliktmineralien\u201c gem\u00e4\u00df Artikel 1502 des Dodd-Frank Wall Street Reform and Consumer Protection Act (Dodd-Frank-Act) Die Karl Kruse GmbH Co KG ist sich der Berichte bewusst und beunruhigt dar\u00fcber, dass Gewinne aus dem Verkauf bestimmter in der Demokratischen Republik Kongo (DRK) oder angrenzenden L\u00e4ndern gef\u00f6rderter Metalle dazu beigetragen haben, Krieg und Menschenrechtsverletzungen [&hellip;]\" \/>\n<meta property=\"og:url\" content=\"https:\/\/kruse.de\/de\/konfliktmineralienpolitik\/\" \/>\n<meta property=\"og:site_name\" content=\"Kruse electronic components | Obsolete electronic components\" \/>\n<meta property=\"article:modified_time\" content=\"2025-02-20T16:07:20+00:00\" \/>\n<meta name=\"twitter:card\" content=\"summary_large_image\" \/>\n<meta name=\"twitter:label1\" content=\"Gesch\u00e4tzte Lesezeit\" \/>\n\t<meta name=\"twitter:data1\" content=\"3\u00a0Minuten\" \/>\n<script type=\"application\/ld+json\" class=\"yoast-schema-graph\">{\"@context\":\"https:\\\/\\\/schema.org\",\"@graph\":[{\"@type\":\"WebPage\",\"@id\":\"https:\\\/\\\/kruse.de\\\/de\\\/konfliktmineralienpolitik\\\/\",\"url\":\"https:\\\/\\\/kruse.de\\\/de\\\/konfliktmineralienpolitik\\\/\",\"name\":\"Konfliktmineralienpolitik - Kruse electronic components | Obsolete electronic components\",\"isPartOf\":{\"@id\":\"https:\\\/\\\/kruse.de\\\/de\\\/#website\"},\"datePublished\":\"2021-03-10T06:28:41+00:00\",\"dateModified\":\"2025-02-20T16:07:20+00:00\",\"inLanguage\":\"de\",\"potentialAction\":[{\"@type\":\"ReadAction\",\"target\":[\"https:\\\/\\\/kruse.de\\\/de\\\/konfliktmineralienpolitik\\\/\"]}]},{\"@type\":\"WebSite\",\"@id\":\"https:\\\/\\\/kruse.de\\\/de\\\/#website\",\"url\":\"https:\\\/\\\/kruse.de\\\/de\\\/\",\"name\":\"Kruse electronic components | Obsolete electronic components\",\"description\":\"\",\"publisher\":{\"@id\":\"https:\\\/\\\/kruse.de\\\/de\\\/#organization\"},\"potentialAction\":[{\"@type\":\"SearchAction\",\"target\":{\"@type\":\"EntryPoint\",\"urlTemplate\":\"https:\\\/\\\/kruse.de\\\/de\\\/?s={search_term_string}\"},\"query-input\":{\"@type\":\"PropertyValueSpecification\",\"valueRequired\":true,\"valueName\":\"search_term_string\"}}],\"inLanguage\":\"de\"},{\"@type\":\"Organization\",\"@id\":\"https:\\\/\\\/kruse.de\\\/de\\\/#organization\",\"name\":\"Kruse electronic components | Obsolete electronic components\",\"url\":\"https:\\\/\\\/kruse.de\\\/de\\\/\",\"logo\":{\"@type\":\"ImageObject\",\"inLanguage\":\"de\",\"@id\":\"https:\\\/\\\/kruse.de\\\/de\\\/#\\\/schema\\\/logo\\\/image\\\/\",\"url\":\"https:\\\/\\\/kruse.de\\\/wp-content\\\/uploads\\\/2023\\\/05\\\/kruse-logo-0__1_-removebg-preview.png\",\"contentUrl\":\"https:\\\/\\\/kruse.de\\\/wp-content\\\/uploads\\\/2023\\\/05\\\/kruse-logo-0__1_-removebg-preview.png\",\"width\":250,\"height\":86,\"caption\":\"Kruse electronic components | Obsolete electronic components\"},\"image\":{\"@id\":\"https:\\\/\\\/kruse.de\\\/de\\\/#\\\/schema\\\/logo\\\/image\\\/\"}}]}<\/script>\n<!-- \/ Yoast SEO Premium plugin. -->","yoast_head_json":{"title":"Konfliktmineralienpolitik - Kruse electronic components | Obsolete electronic components","robots":{"index":"index","follow":"follow","max-snippet":"max-snippet:-1","max-image-preview":"max-image-preview:large","max-video-preview":"max-video-preview:-1"},"canonical":"https:\/\/kruse.de\/de\/konfliktmineralienpolitik\/","og_locale":"de_DE","og_type":"article","og_title":"Konfliktmineralienpolitik - Kruse electronic components | Obsolete electronic components","og_description":"Stellungnahme zur Verwendung von \u201eKonfliktmineralien\u201c gem\u00e4\u00df Artikel 1502 des Dodd-Frank Wall Street Reform and Consumer Protection Act (Dodd-Frank-Act) Die Karl Kruse GmbH Co KG ist sich der Berichte bewusst und beunruhigt dar\u00fcber, dass Gewinne aus dem Verkauf bestimmter in der Demokratischen Republik Kongo (DRK) oder angrenzenden L\u00e4ndern gef\u00f6rderter Metalle dazu beigetragen haben, Krieg und Menschenrechtsverletzungen [&hellip;]","og_url":"https:\/\/kruse.de\/de\/konfliktmineralienpolitik\/","og_site_name":"Kruse electronic components | Obsolete electronic components","article_modified_time":"2025-02-20T16:07:20+00:00","twitter_card":"summary_large_image","twitter_misc":{"Gesch\u00e4tzte Lesezeit":"3\u00a0Minuten"},"schema":{"@context":"https:\/\/schema.org","@graph":[{"@type":"WebPage","@id":"https:\/\/kruse.de\/de\/konfliktmineralienpolitik\/","url":"https:\/\/kruse.de\/de\/konfliktmineralienpolitik\/","name":"Konfliktmineralienpolitik - Kruse electronic components | Obsolete electronic components","isPartOf":{"@id":"https:\/\/kruse.de\/de\/#website"},"datePublished":"2021-03-10T06:28:41+00:00","dateModified":"2025-02-20T16:07:20+00:00","inLanguage":"de","potentialAction":[{"@type":"ReadAction","target":["https:\/\/kruse.de\/de\/konfliktmineralienpolitik\/"]}]},{"@type":"WebSite","@id":"https:\/\/kruse.de\/de\/#website","url":"https:\/\/kruse.de\/de\/","name":"Kruse electronic components | Obsolete electronic components","description":"","publisher":{"@id":"https:\/\/kruse.de\/de\/#organization"},"potentialAction":[{"@type":"SearchAction","target":{"@type":"EntryPoint","urlTemplate":"https:\/\/kruse.de\/de\/?s={search_term_string}"},"query-input":{"@type":"PropertyValueSpecification","valueRequired":true,"valueName":"search_term_string"}}],"inLanguage":"de"},{"@type":"Organization","@id":"https:\/\/kruse.de\/de\/#organization","name":"Kruse electronic components | Obsolete electronic components","url":"https:\/\/kruse.de\/de\/","logo":{"@type":"ImageObject","inLanguage":"de","@id":"https:\/\/kruse.de\/de\/#\/schema\/logo\/image\/","url":"https:\/\/kruse.de\/wp-content\/uploads\/2023\/05\/kruse-logo-0__1_-removebg-preview.png","contentUrl":"https:\/\/kruse.de\/wp-content\/uploads\/2023\/05\/kruse-logo-0__1_-removebg-preview.png","width":250,"height":86,"caption":"Kruse electronic components | Obsolete electronic components"},"image":{"@id":"https:\/\/kruse.de\/de\/#\/schema\/logo\/image\/"}}]}},"_links":{"self":[{"href":"https:\/\/kruse.de\/de\/wp-json\/wp\/v2\/pages\/13824","targetHints":{"allow":["GET"]}}],"collection":[{"href":"https:\/\/kruse.de\/de\/wp-json\/wp\/v2\/pages"}],"about":[{"href":"https:\/\/kruse.de\/de\/wp-json\/wp\/v2\/types\/page"}],"author":[{"embeddable":true,"href":"https:\/\/kruse.de\/de\/wp-json\/wp\/v2\/users\/2"}],"replies":[{"embeddable":true,"href":"https:\/\/kruse.de\/de\/wp-json\/wp\/v2\/comments?post=13824"}],"version-history":[{"count":4,"href":"https:\/\/kruse.de\/de\/wp-json\/wp\/v2\/pages\/13824\/revisions"}],"predecessor-version":[{"id":15280,"href":"https:\/\/kruse.de\/de\/wp-json\/wp\/v2\/pages\/13824\/revisions\/15280"}],"wp:attachment":[{"href":"https:\/\/kruse.de\/de\/wp-json\/wp\/v2\/media?parent=13824"}],"curies":[{"name":"wp","href":"https:\/\/api.w.org\/{rel}","templated":true}]}}