{"id":13822,"date":"2021-03-10T06:29:29","date_gmt":"2021-03-10T06:29:29","guid":{"rendered":"https:\/\/kruse.de\/handelsregister\/"},"modified":"2025-02-20T16:04:13","modified_gmt":"2025-02-20T16:04:13","slug":"handelsregister","status":"publish","type":"page","link":"https:\/\/kruse.de\/de\/handelsregister\/","title":{"rendered":"Handelsregister"},"content":{"rendered":"\t\t<div data-elementor-type=\"wp-page\" data-elementor-id=\"13822\" class=\"elementor elementor-13822 elementor-1332\" data-elementor-post-type=\"page\">\n\t\t\t\t\t\t<section class=\"elementor-section elementor-top-section elementor-element elementor-element-664d43d elementor-section-boxed elementor-section-height-default elementor-section-height-default\" data-id=\"664d43d\" data-element_type=\"section\" data-e-type=\"section\" data-settings=\"{&quot;background_background&quot;:&quot;classic&quot;}\">\n\t\t\t\t\t\t\t<div class=\"elementor-background-overlay\"><\/div>\n\t\t\t\t\t\t\t<div class=\"elementor-container elementor-column-gap-default\">\n\t\t\t\t\t<div class=\"elementor-column elementor-col-100 elementor-top-column elementor-element elementor-element-11831e8\" data-id=\"11831e8\" data-element_type=\"column\" data-e-type=\"column\">\n\t\t\t<div class=\"elementor-widget-wrap elementor-element-populated\">\n\t\t\t\t\t\t<div class=\"elementor-element elementor-element-3954909 elementor-widget elementor-widget-theme-post-title elementor-page-title elementor-widget-heading\" data-id=\"3954909\" data-element_type=\"widget\" data-e-type=\"widget\" data-widget_type=\"theme-post-title.default\">\n\t\t\t\t<div class=\"elementor-widget-container\">\n\t\t\t\t\t<h1 class=\"elementor-heading-title elementor-size-default\">Handelsregister<\/h1>\t\t\t\t<\/div>\n\t\t\t\t<\/div>\n\t\t\t\t<div class=\"elementor-element elementor-element-ef08e98 elementor-align-center elementor-widget elementor-widget-breadcrumbs\" data-id=\"ef08e98\" data-element_type=\"widget\" data-e-type=\"widget\" data-widget_type=\"breadcrumbs.default\">\n\t\t\t\t<div class=\"elementor-widget-container\">\n\t\t\t\t\t<p id=\"breadcrumbs\"><\/p>\t\t\t\t<\/div>\n\t\t\t\t<\/div>\n\t\t\t\t\t<\/div>\n\t\t<\/div>\n\t\t\t\t\t<\/div>\n\t\t<\/section>\n\t\t\t\t<section class=\"elementor-section elementor-top-section elementor-element elementor-element-73c93be elementor-section-boxed elementor-section-height-default elementor-section-height-default\" data-id=\"73c93be\" data-element_type=\"section\" data-e-type=\"section\">\n\t\t\t\t\t\t<div class=\"elementor-container elementor-column-gap-default\">\n\t\t\t\t\t<div class=\"elementor-column elementor-col-100 elementor-top-column elementor-element elementor-element-c4f6279\" data-id=\"c4f6279\" data-element_type=\"column\" data-e-type=\"column\">\n\t\t\t<div class=\"elementor-widget-wrap elementor-element-populated\">\n\t\t\t\t\t\t<div class=\"elementor-element elementor-element-eedc863 elementor-widget elementor-widget-spacer\" data-id=\"eedc863\" data-element_type=\"widget\" data-e-type=\"widget\" data-widget_type=\"spacer.default\">\n\t\t\t\t<div class=\"elementor-widget-container\">\n\t\t\t\t\t\t\t<div class=\"elementor-spacer\">\n\t\t\t<div class=\"elementor-spacer-inner\"><\/div>\n\t\t<\/div>\n\t\t\t\t\t\t<\/div>\n\t\t\t\t<\/div>\n\t\t\t\t\t<\/div>\n\t\t<\/div>\n\t\t\t\t\t<\/div>\n\t\t<\/section>\n\t\t\t\t<section class=\"elementor-section elementor-top-section elementor-element elementor-element-fe62a34 elementor-section-boxed elementor-section-height-default elementor-section-height-default\" data-id=\"fe62a34\" data-element_type=\"section\" data-e-type=\"section\">\n\t\t\t\t\t\t<div class=\"elementor-container elementor-column-gap-default\">\n\t\t\t\t\t<div class=\"elementor-column elementor-col-50 elementor-top-column elementor-element elementor-element-e3be236\" data-id=\"e3be236\" data-element_type=\"column\" data-e-type=\"column\">\n\t\t\t<div class=\"elementor-widget-wrap elementor-element-populated\">\n\t\t\t\t\t\t<div class=\"elementor-element elementor-element-b926a1a elementor-widget elementor-widget-text-editor\" data-id=\"b926a1a\" data-element_type=\"widget\" data-e-type=\"widget\" data-widget_type=\"text-editor.default\">\n\t\t\t\t<div class=\"elementor-widget-container\">\n\t\t\t\t\t\t\t\t\tDies ist die Unternehmenswebsite der Karl Kruse GmbH Co KG. \t\t\t\t\t\t\t\t<\/div>\n\t\t\t\t<\/div>\n\t\t\t\t<div class=\"elementor-element elementor-element-251c688 elementor-widget elementor-widget-text-editor\" data-id=\"251c688\" data-element_type=\"widget\" data-e-type=\"widget\" data-widget_type=\"text-editor.default\">\n\t\t\t\t<div class=\"elementor-widget-container\">\n\t\t\t\t\t\t\t\t\t<p>Die Karl Kruse GmbH CO KG ist ein unabh\u00e4ngiger und weltweit agierender Franchise-Distributor f\u00fcr elektronische Komponenten. Das Unternehmen hat seinen Hauptsitz in D\u00fcsseldorf \/ Deutschland. <\/p>\n<p><strong><span style=\"font-size: 18px;\">Informationen und Kontaktm\u00f6glichkeiten zur Karl Kruse GmbH Co. KG:<\/span><\/strong><\/p>\n\t\t\t\t\t\t\t\t<\/div>\n\t\t\t\t<\/div>\n\t\t\t\t<section class=\"elementor-section elementor-inner-section elementor-element elementor-element-a5e8f2b elementor-section-boxed elementor-section-height-default elementor-section-height-default\" data-id=\"a5e8f2b\" data-element_type=\"section\" data-e-type=\"section\">\n\t\t\t\t\t\t<div class=\"elementor-container elementor-column-gap-default\">\n\t\t\t\t\t<div class=\"elementor-column elementor-col-50 elementor-inner-column elementor-element elementor-element-6a20548\" data-id=\"6a20548\" data-element_type=\"column\" data-e-type=\"column\" data-settings=\"{&quot;background_background&quot;:&quot;classic&quot;}\">\n\t\t\t<div class=\"elementor-widget-wrap elementor-element-populated\">\n\t\t\t\t\t\t<div class=\"elementor-element elementor-element-d620fd5 elementor-widget elementor-widget-text-editor\" data-id=\"d620fd5\" data-element_type=\"widget\" data-e-type=\"widget\" data-widget_type=\"text-editor.default\">\n\t\t\t\t<div class=\"elementor-widget-container\">\n\t\t\t\t\t\t\t\t\t<p><strong>Sitz:<\/strong><br \/>Handelsregister D\u00fcsseldorf Amtsgericht D\u00fcsseldorf HRA 24841<\/p>\n<p><strong>Personally liable partner:<br \/><\/strong>Karl Kruse<br \/>Verwaltungs-GmbH<br \/><span style=\"font-style: inherit; font-weight: inherit;\">Commercial Register Amtsgericht (District Court of) D\u00fcsseldorf HRB3193<\/span><\/p>\n<p><strong>Managing Director: <\/strong><br \/>Klaus P. Kruse<br \/><span style=\"font-style: inherit; font-weight: inherit;\">Inhaltlich Verantwortlicher gem\u00e4\u00df \u00a7 55 Abs. 2 RStV: <br \/><\/span><span style=\"font-style: inherit; font-weight: inherit;\">Schirmerstra\u00dfe 59, 40211 D\u00fcsseldorf Deutschland<\/span><\/p>\n\t\t\t\t\t\t\t\t<\/div>\n\t\t\t\t<\/div>\n\t\t\t\t\t<\/div>\n\t\t<\/div>\n\t\t\t\t<div class=\"elementor-column elementor-col-50 elementor-inner-column elementor-element elementor-element-9f2da2e\" data-id=\"9f2da2e\" data-element_type=\"column\" data-e-type=\"column\" data-settings=\"{&quot;background_background&quot;:&quot;classic&quot;}\">\n\t\t\t<div class=\"elementor-widget-wrap elementor-element-populated\">\n\t\t\t\t\t\t<div class=\"elementor-element elementor-element-77adfaf elementor-widget elementor-widget-text-editor\" data-id=\"77adfaf\" data-element_type=\"widget\" data-e-type=\"widget\" data-widget_type=\"text-editor.default\">\n\t\t\t\t<div class=\"elementor-widget-container\">\n\t\t\t\t\t\t\t\t\t<p><b>Karl Kruse GmbH Co KG<br \/><\/b><span style=\"font-style: inherit; font-weight: inherit;\">Schirmerstrasse 59, 40211 Duesseldorf Germany<\/span><\/p>\n<p><strong>Phone:<\/strong> <a style=\"color: #105188;\" href=\"tel:+49%20(0)211-27403530\"><span style=\"color: #105188;\">+49 (0)211-27403530<\/span><\/a><br \/><strong>Fax:<\/strong> <span style=\"color: #105188;\">+49 (0)211-27403533<br \/><\/span><strong style=\"font-style: inherit;\">website:<\/strong><span style=\"font-style: inherit; font-weight: inherit;\"> <\/span><span style=\"font-style: inherit; font-weight: inherit;\"> <\/span><span style=\"font-style: inherit;\"><a style=\"color: #105188; font-weight: inherit;\" href=\"http:\/\/www.kruse.de\/\">www.kruse.de<\/a><span style=\"color: #105188;\"><br \/><\/span><\/span><strong style=\"font-style: inherit;\">Email: <\/strong><span style=\"font-style: inherit;\"><a style=\"color: #105188; font-weight: inherit;\" href=\"mailto:info@kruse.de\">info@kruse.de<\/a><span style=\"color: #105188;\"><br \/><\/span><\/span><strong style=\"font-style: inherit;\">VAT ID No. :<\/strong><span style=\"font-style: inherit; font-weight: inherit;\"> DE120594345<\/span><\/p>\n\t\t\t\t\t\t\t\t<\/div>\n\t\t\t\t<\/div>\n\t\t\t\t\t<\/div>\n\t\t<\/div>\n\t\t\t\t\t<\/div>\n\t\t<\/section>\n\t\t\t\t<div class=\"elementor-element elementor-element-64e4fb7 elementor-widget elementor-widget-text-editor\" data-id=\"64e4fb7\" data-element_type=\"widget\" data-e-type=\"widget\" data-widget_type=\"text-editor.default\">\n\t\t\t\t<div class=\"elementor-widget-container\">\n\t\t\t\t\t\t\t\t\tStreitbeilegung \t\t\t\t\t\t\t\t<\/div>\n\t\t\t\t<\/div>\n\t\t\t\t<div class=\"elementor-element elementor-element-83bc0db elementor-widget elementor-widget-text-editor\" data-id=\"83bc0db\" data-element_type=\"widget\" data-e-type=\"widget\" data-widget_type=\"text-editor.default\">\n\t\t\t\t<div class=\"elementor-widget-container\">\n\t\t\t\t\t\t\t\t\t<p>The European Commission provides a platform for online dispute resolution (OS): <span style=\"color: #105188;\"><a style=\"color: #105188;\" href=\"https:\/\/ec.europa.eu\/consumers\/odr\">https:\/\/ec.europa.eu\/consumers\/odr.<\/a><br \/><\/span>You will find our e-mail address above in the imprint.<\/p>\n<p>Wir sind nicht bereit oder verpflichtet, an Streitbeilegungsverfahren vor einer Verbraucherschlichtungsstelle teilzunehmen.<\/p>\n\t\t\t\t\t\t\t\t<\/div>\n\t\t\t\t<\/div>\n\t\t\t\t\t<\/div>\n\t\t<\/div>\n\t\t\t\t<div class=\"elementor-column elementor-col-50 elementor-top-column elementor-element elementor-element-98d1d27\" data-id=\"98d1d27\" data-element_type=\"column\" data-e-type=\"column\">\n\t\t\t<div class=\"elementor-widget-wrap elementor-element-populated\">\n\t\t\t\t\t\t<section class=\"elementor-section elementor-inner-section elementor-element elementor-element-97203c7 elementor-section-boxed elementor-section-height-default elementor-section-height-default elementor-invisible\" data-id=\"97203c7\" data-element_type=\"section\" data-e-type=\"section\" data-settings=\"{&quot;background_background&quot;:&quot;classic&quot;,&quot;sticky&quot;:&quot;top&quot;,&quot;sticky_offset&quot;:20,&quot;sticky_parent&quot;:&quot;yes&quot;,&quot;animation&quot;:&quot;fadeInDown&quot;,&quot;sticky_on&quot;:[&quot;desktop&quot;,&quot;tablet&quot;,&quot;mobile&quot;],&quot;sticky_effects_offset&quot;:0}\">\n\t\t\t\t\t\t<div class=\"elementor-container elementor-column-gap-default\">\n\t\t\t\t\t<div class=\"elementor-column elementor-col-100 elementor-inner-column elementor-element elementor-element-1a7ab82\" data-id=\"1a7ab82\" data-element_type=\"column\" data-e-type=\"column\" data-settings=\"{&quot;background_background&quot;:&quot;classic&quot;}\">\n\t\t\t<div class=\"elementor-widget-wrap elementor-element-populated\">\n\t\t\t\t\t\t<div class=\"elementor-element elementor-element-3ff05b0 elementor-widget elementor-widget-text-editor\" data-id=\"3ff05b0\" data-element_type=\"widget\" data-e-type=\"widget\" data-widget_type=\"text-editor.default\">\n\t\t\t\t<div class=\"elementor-widget-container\">\n\t\t\t\t\t\t\t\t\tRECHTSINFORMATION \t\t\t\t\t\t\t\t<\/div>\n\t\t\t\t<\/div>\n\t\t\t\t<div class=\"elementor-element elementor-element-45caa5b elementor-nav-menu__align-left elementor-nav-menu--stretch elementor-widget__width-inherit elementor-nav-menu--dropdown-tablet elementor-nav-menu__text-align-aside elementor-widget elementor-widget-nav-menu\" data-id=\"45caa5b\" data-element_type=\"widget\" data-e-type=\"widget\" data-settings=\"{&quot;full_width&quot;:&quot;stretch&quot;,&quot;layout&quot;:&quot;horizontal&quot;,&quot;submenu_icon&quot;:{&quot;value&quot;:&quot;&lt;i class=\\&quot;fas fa-caret-down\\&quot;&gt;&lt;\\\/i&gt;&quot;,&quot;library&quot;:&quot;fa-solid&quot;}}\" data-widget_type=\"nav-menu.default\">\n\t\t\t\t<div class=\"elementor-widget-container\">\n\t\t\t\t\t\t\t\t<nav class=\"elementor-nav-menu--main elementor-nav-menu__container elementor-nav-menu--layout-horizontal e--pointer-background e--animation-fade\">\n\t\t\t\t<ul id=\"menu-1-45caa5b\" class=\"elementor-nav-menu\"><li class=\"menu-item menu-item-type-post_type menu-item-object-page menu-item-15049\"><a href=\"https:\/\/kruse.de\/de\/handelsregister\/\" class=\"elementor-item menu-link\">Handelsregister<\/a><\/li>\n<li class=\"menu-item menu-item-type-post_type menu-item-object-page menu-item-15050\"><a href=\"https:\/\/kruse.de\/de\/konfliktmineralienpolitik\/\" class=\"elementor-item menu-link\">Konfliktmineralienpolitik<\/a><\/li>\n<li class=\"menu-item menu-item-type-post_type menu-item-object-page menu-item-15051\"><a href=\"https:\/\/kruse.de\/de\/cookie-erklaerung\/\" class=\"elementor-item menu-link\">Cookie-Erkl\u00e4rung<\/a><\/li>\n<li class=\"menu-item menu-item-type-post_type menu-item-object-page menu-item-15052\"><a href=\"https:\/\/kruse.de\/de\/downloads\/\" class=\"elementor-item menu-link\">Downloads<\/a><\/li>\n<li class=\"menu-item menu-item-type-post_type menu-item-object-page menu-item-15053\"><a href=\"https:\/\/kruse.de\/de\/weitere-links\/\" class=\"elementor-item menu-link\">Weitere Links<\/a><\/li>\n<li class=\"menu-item menu-item-type-post_type menu-item-object-page menu-item-15054\"><a href=\"https:\/\/kruse.de\/de\/rechtliche-hinweise\/\" class=\"elementor-item menu-link\">Rechtliche Hinweise<\/a><\/li>\n<li class=\"menu-item menu-item-type-post_type menu-item-object-page menu-item-15055\"><a href=\"https:\/\/kruse.de\/de\/datenschutzrichtlinie\/\" class=\"elementor-item menu-link\">Datenschutzrichtlinie<\/a><\/li>\n<\/ul>\t\t\t<\/nav>\n\t\t\t\t\t\t<nav class=\"elementor-nav-menu--dropdown elementor-nav-menu__container\" aria-hidden=\"true\">\n\t\t\t\t<ul id=\"menu-2-45caa5b\" class=\"elementor-nav-menu\"><li class=\"menu-item menu-item-type-post_type menu-item-object-page menu-item-15049\"><a href=\"https:\/\/kruse.de\/de\/handelsregister\/\" class=\"elementor-item menu-link\" tabindex=\"-1\">Handelsregister<\/a><\/li>\n<li class=\"menu-item menu-item-type-post_type menu-item-object-page menu-item-15050\"><a href=\"https:\/\/kruse.de\/de\/konfliktmineralienpolitik\/\" class=\"elementor-item menu-link\" tabindex=\"-1\">Konfliktmineralienpolitik<\/a><\/li>\n<li class=\"menu-item menu-item-type-post_type menu-item-object-page menu-item-15051\"><a href=\"https:\/\/kruse.de\/de\/cookie-erklaerung\/\" class=\"elementor-item menu-link\" tabindex=\"-1\">Cookie-Erkl\u00e4rung<\/a><\/li>\n<li class=\"menu-item menu-item-type-post_type menu-item-object-page menu-item-15052\"><a href=\"https:\/\/kruse.de\/de\/downloads\/\" class=\"elementor-item menu-link\" tabindex=\"-1\">Downloads<\/a><\/li>\n<li class=\"menu-item menu-item-type-post_type menu-item-object-page menu-item-15053\"><a href=\"https:\/\/kruse.de\/de\/weitere-links\/\" class=\"elementor-item menu-link\" tabindex=\"-1\">Weitere Links<\/a><\/li>\n<li class=\"menu-item menu-item-type-post_type menu-item-object-page menu-item-15054\"><a href=\"https:\/\/kruse.de\/de\/rechtliche-hinweise\/\" class=\"elementor-item menu-link\" tabindex=\"-1\">Rechtliche Hinweise<\/a><\/li>\n<li class=\"menu-item menu-item-type-post_type menu-item-object-page menu-item-15055\"><a href=\"https:\/\/kruse.de\/de\/datenschutzrichtlinie\/\" class=\"elementor-item menu-link\" tabindex=\"-1\">Datenschutzrichtlinie<\/a><\/li>\n<\/ul>\t\t\t<\/nav>\n\t\t\t\t\t\t<\/div>\n\t\t\t\t<\/div>\n\t\t\t\t\t<\/div>\n\t\t<\/div>\n\t\t\t\t\t<\/div>\n\t\t<\/section>\n\t\t\t\t\t<\/div>\n\t\t<\/div>\n\t\t\t\t\t<\/div>\n\t\t<\/section>\n\t\t\t\t<\/div>\n\t\t","protected":false},"excerpt":{"rendered":"<p>Dies ist die Unternehmenswebsite der Karl Kruse GmbH Co KG. Die Karl Kruse GmbH CO KG ist ein unabh\u00e4ngiger und weltweit agierender Franchise-Distributor f\u00fcr elektronische Komponenten. Das Unternehmen hat seinen Hauptsitz in D\u00fcsseldorf \/ Deutschland. Informationen und Kontaktm\u00f6glichkeiten zur Karl Kruse GmbH Co. KG: Sitz:Handelsregister D\u00fcsseldorf Amtsgericht D\u00fcsseldorf HRA 24841 Personally liable partner:Karl KruseVerwaltungs-GmbHCommercial Register [&hellip;]<\/p>\n","protected":false},"author":2,"featured_media":0,"parent":0,"menu_order":0,"comment_status":"closed","ping_status":"closed","template":"elementor_header_footer","meta":{"site-sidebar-layout":"default","site-content-layout":"","ast-site-content-layout":"default","site-content-style":"default","site-sidebar-style":"default","ast-global-header-display":"","ast-banner-title-visibility":"","ast-main-header-display":"","ast-hfb-above-header-display":"","ast-hfb-below-header-display":"","ast-hfb-mobile-header-display":"","site-post-title":"","ast-breadcrumbs-content":"","ast-featured-img":"","footer-sml-layout":"","ast-disable-related-posts":"","theme-transparent-header-meta":"","adv-header-id-meta":"","stick-header-meta":"","header-above-stick-meta":"","header-main-stick-meta":"","header-below-stick-meta":"","astra-migrate-meta-layouts":"default","ast-page-background-enabled":"default","ast-page-background-meta":{"desktop":{"background-color":"var(--ast-global-color-4)","background-image":"","background-repeat":"repeat","background-position":"center center","background-size":"auto","background-attachment":"scroll","background-type":"","background-media":"","overlay-type":"","overlay-color":"","overlay-opacity":"","overlay-gradient":""},"tablet":{"background-color":"","background-image":"","background-repeat":"repeat","background-position":"center center","background-size":"auto","background-attachment":"scroll","background-type":"","background-media":"","overlay-type":"","overlay-color":"","overlay-opacity":"","overlay-gradient":""},"mobile":{"background-color":"","background-image":"","background-repeat":"repeat","background-position":"center center","background-size":"auto","background-attachment":"scroll","background-type":"","background-media":"","overlay-type":"","overlay-color":"","overlay-opacity":"","overlay-gradient":""}},"ast-content-background-meta":{"desktop":{"background-color":"var(--ast-global-color-5)","background-image":"","background-repeat":"repeat","background-position":"center center","background-size":"auto","background-attachment":"scroll","background-type":"","background-media":"","overlay-type":"","overlay-color":"","overlay-opacity":"","overlay-gradient":""},"tablet":{"background-color":"var(--ast-global-color-5)","background-image":"","background-repeat":"repeat","background-position":"center center","background-size":"auto","background-attachment":"scroll","background-type":"","background-media":"","overlay-type":"","overlay-color":"","overlay-opacity":"","overlay-gradient":""},"mobile":{"background-color":"var(--ast-global-color-5)","background-image":"","background-repeat":"repeat","background-position":"center center","background-size":"auto","background-attachment":"scroll","background-type":"","background-media":"","overlay-type":"","overlay-color":"","overlay-opacity":"","overlay-gradient":""}},"footnotes":""},"class_list":["post-13822","page","type-page","status-publish","hentry"],"yoast_head":"<!-- This site is optimized with the Yoast SEO Premium plugin v23.0 (Yoast SEO v27.4) - https:\/\/yoast.com\/product\/yoast-seo-premium-wordpress\/ -->\n<title>Handelsregister - Kruse electronic components | Obsolete electronic components<\/title>\n<meta name=\"robots\" content=\"index, follow, max-snippet:-1, max-image-preview:large, max-video-preview:-1\" \/>\n<link rel=\"canonical\" href=\"https:\/\/kruse.de\/de\/handelsregister\/\" \/>\n<meta property=\"og:locale\" content=\"de_DE\" \/>\n<meta property=\"og:type\" content=\"article\" \/>\n<meta property=\"og:title\" content=\"Handelsregister - Kruse electronic components | Obsolete electronic components\" \/>\n<meta property=\"og:description\" content=\"Dies ist die Unternehmenswebsite der Karl Kruse GmbH Co KG. Die Karl Kruse GmbH CO KG ist ein unabh\u00e4ngiger und weltweit agierender Franchise-Distributor f\u00fcr elektronische Komponenten. Das Unternehmen hat seinen Hauptsitz in D\u00fcsseldorf \/ Deutschland. Informationen und Kontaktm\u00f6glichkeiten zur Karl Kruse GmbH Co. KG: Sitz:Handelsregister D\u00fcsseldorf Amtsgericht D\u00fcsseldorf HRA 24841 Personally liable partner:Karl KruseVerwaltungs-GmbHCommercial Register [&hellip;]\" \/>\n<meta property=\"og:url\" content=\"https:\/\/kruse.de\/de\/handelsregister\/\" \/>\n<meta property=\"og:site_name\" content=\"Kruse electronic components | Obsolete electronic components\" \/>\n<meta property=\"article:modified_time\" content=\"2025-02-20T16:04:13+00:00\" \/>\n<meta name=\"twitter:card\" content=\"summary_large_image\" \/>\n<meta name=\"twitter:label1\" content=\"Gesch\u00e4tzte Lesezeit\" \/>\n\t<meta name=\"twitter:data1\" content=\"2\u00a0Minuten\" \/>\n<script type=\"application\/ld+json\" class=\"yoast-schema-graph\">{\"@context\":\"https:\\\/\\\/schema.org\",\"@graph\":[{\"@type\":\"WebPage\",\"@id\":\"https:\\\/\\\/kruse.de\\\/de\\\/handelsregister\\\/\",\"url\":\"https:\\\/\\\/kruse.de\\\/de\\\/handelsregister\\\/\",\"name\":\"Handelsregister - Kruse electronic components | Obsolete electronic components\",\"isPartOf\":{\"@id\":\"https:\\\/\\\/kruse.de\\\/de\\\/#website\"},\"datePublished\":\"2021-03-10T06:29:29+00:00\",\"dateModified\":\"2025-02-20T16:04:13+00:00\",\"inLanguage\":\"de\",\"potentialAction\":[{\"@type\":\"ReadAction\",\"target\":[\"https:\\\/\\\/kruse.de\\\/de\\\/handelsregister\\\/\"]}]},{\"@type\":\"WebSite\",\"@id\":\"https:\\\/\\\/kruse.de\\\/de\\\/#website\",\"url\":\"https:\\\/\\\/kruse.de\\\/de\\\/\",\"name\":\"Kruse electronic components | Obsolete electronic components\",\"description\":\"\",\"publisher\":{\"@id\":\"https:\\\/\\\/kruse.de\\\/de\\\/#organization\"},\"potentialAction\":[{\"@type\":\"SearchAction\",\"target\":{\"@type\":\"EntryPoint\",\"urlTemplate\":\"https:\\\/\\\/kruse.de\\\/de\\\/?s={search_term_string}\"},\"query-input\":{\"@type\":\"PropertyValueSpecification\",\"valueRequired\":true,\"valueName\":\"search_term_string\"}}],\"inLanguage\":\"de\"},{\"@type\":\"Organization\",\"@id\":\"https:\\\/\\\/kruse.de\\\/de\\\/#organization\",\"name\":\"Kruse electronic components | Obsolete electronic components\",\"url\":\"https:\\\/\\\/kruse.de\\\/de\\\/\",\"logo\":{\"@type\":\"ImageObject\",\"inLanguage\":\"de\",\"@id\":\"https:\\\/\\\/kruse.de\\\/de\\\/#\\\/schema\\\/logo\\\/image\\\/\",\"url\":\"https:\\\/\\\/kruse.de\\\/wp-content\\\/uploads\\\/2023\\\/05\\\/kruse-logo-0__1_-removebg-preview.png\",\"contentUrl\":\"https:\\\/\\\/kruse.de\\\/wp-content\\\/uploads\\\/2023\\\/05\\\/kruse-logo-0__1_-removebg-preview.png\",\"width\":250,\"height\":86,\"caption\":\"Kruse electronic components | Obsolete electronic components\"},\"image\":{\"@id\":\"https:\\\/\\\/kruse.de\\\/de\\\/#\\\/schema\\\/logo\\\/image\\\/\"}}]}<\/script>\n<!-- \/ Yoast SEO Premium plugin. -->","yoast_head_json":{"title":"Handelsregister - Kruse electronic components | Obsolete electronic components","robots":{"index":"index","follow":"follow","max-snippet":"max-snippet:-1","max-image-preview":"max-image-preview:large","max-video-preview":"max-video-preview:-1"},"canonical":"https:\/\/kruse.de\/de\/handelsregister\/","og_locale":"de_DE","og_type":"article","og_title":"Handelsregister - Kruse electronic components | Obsolete electronic components","og_description":"Dies ist die Unternehmenswebsite der Karl Kruse GmbH Co KG. Die Karl Kruse GmbH CO KG ist ein unabh\u00e4ngiger und weltweit agierender Franchise-Distributor f\u00fcr elektronische Komponenten. Das Unternehmen hat seinen Hauptsitz in D\u00fcsseldorf \/ Deutschland. Informationen und Kontaktm\u00f6glichkeiten zur Karl Kruse GmbH Co. KG: Sitz:Handelsregister D\u00fcsseldorf Amtsgericht D\u00fcsseldorf HRA 24841 Personally liable partner:Karl KruseVerwaltungs-GmbHCommercial Register [&hellip;]","og_url":"https:\/\/kruse.de\/de\/handelsregister\/","og_site_name":"Kruse electronic components | Obsolete electronic components","article_modified_time":"2025-02-20T16:04:13+00:00","twitter_card":"summary_large_image","twitter_misc":{"Gesch\u00e4tzte Lesezeit":"2\u00a0Minuten"},"schema":{"@context":"https:\/\/schema.org","@graph":[{"@type":"WebPage","@id":"https:\/\/kruse.de\/de\/handelsregister\/","url":"https:\/\/kruse.de\/de\/handelsregister\/","name":"Handelsregister - Kruse electronic components | Obsolete electronic components","isPartOf":{"@id":"https:\/\/kruse.de\/de\/#website"},"datePublished":"2021-03-10T06:29:29+00:00","dateModified":"2025-02-20T16:04:13+00:00","inLanguage":"de","potentialAction":[{"@type":"ReadAction","target":["https:\/\/kruse.de\/de\/handelsregister\/"]}]},{"@type":"WebSite","@id":"https:\/\/kruse.de\/de\/#website","url":"https:\/\/kruse.de\/de\/","name":"Kruse electronic components | Obsolete electronic components","description":"","publisher":{"@id":"https:\/\/kruse.de\/de\/#organization"},"potentialAction":[{"@type":"SearchAction","target":{"@type":"EntryPoint","urlTemplate":"https:\/\/kruse.de\/de\/?s={search_term_string}"},"query-input":{"@type":"PropertyValueSpecification","valueRequired":true,"valueName":"search_term_string"}}],"inLanguage":"de"},{"@type":"Organization","@id":"https:\/\/kruse.de\/de\/#organization","name":"Kruse electronic components | Obsolete electronic components","url":"https:\/\/kruse.de\/de\/","logo":{"@type":"ImageObject","inLanguage":"de","@id":"https:\/\/kruse.de\/de\/#\/schema\/logo\/image\/","url":"https:\/\/kruse.de\/wp-content\/uploads\/2023\/05\/kruse-logo-0__1_-removebg-preview.png","contentUrl":"https:\/\/kruse.de\/wp-content\/uploads\/2023\/05\/kruse-logo-0__1_-removebg-preview.png","width":250,"height":86,"caption":"Kruse electronic components | Obsolete electronic components"},"image":{"@id":"https:\/\/kruse.de\/de\/#\/schema\/logo\/image\/"}}]}},"_links":{"self":[{"href":"https:\/\/kruse.de\/de\/wp-json\/wp\/v2\/pages\/13822","targetHints":{"allow":["GET"]}}],"collection":[{"href":"https:\/\/kruse.de\/de\/wp-json\/wp\/v2\/pages"}],"about":[{"href":"https:\/\/kruse.de\/de\/wp-json\/wp\/v2\/types\/page"}],"author":[{"embeddable":true,"href":"https:\/\/kruse.de\/de\/wp-json\/wp\/v2\/users\/2"}],"replies":[{"embeddable":true,"href":"https:\/\/kruse.de\/de\/wp-json\/wp\/v2\/comments?post=13822"}],"version-history":[{"count":7,"href":"https:\/\/kruse.de\/de\/wp-json\/wp\/v2\/pages\/13822\/revisions"}],"predecessor-version":[{"id":15277,"href":"https:\/\/kruse.de\/de\/wp-json\/wp\/v2\/pages\/13822\/revisions\/15277"}],"wp:attachment":[{"href":"https:\/\/kruse.de\/de\/wp-json\/wp\/v2\/media?parent=13822"}],"curies":[{"name":"wp","href":"https:\/\/api.w.org\/{rel}","templated":true}]}}