{"id":13820,"date":"2021-03-15T12:52:26","date_gmt":"2021-03-15T12:52:26","guid":{"rendered":"https:\/\/kruse.de\/downloads\/"},"modified":"2025-10-14T15:58:41","modified_gmt":"2025-10-14T15:58:41","slug":"downloads","status":"publish","type":"page","link":"https:\/\/kruse.de\/de\/downloads\/","title":{"rendered":"Downloads"},"content":{"rendered":"\t\t<div data-elementor-type=\"wp-page\" data-elementor-id=\"13820\" class=\"elementor elementor-13820 elementor-1598\" data-elementor-post-type=\"page\">\n\t\t\t\t\t\t<section class=\"elementor-section elementor-top-section elementor-element elementor-element-9af78e0 elementor-section-boxed elementor-section-height-default elementor-section-height-default\" data-id=\"9af78e0\" data-element_type=\"section\" data-e-type=\"section\" data-settings=\"{&quot;background_background&quot;:&quot;classic&quot;}\">\n\t\t\t\t\t\t\t<div class=\"elementor-background-overlay\"><\/div>\n\t\t\t\t\t\t\t<div class=\"elementor-container elementor-column-gap-default\">\n\t\t\t\t\t<div class=\"elementor-column elementor-col-100 elementor-top-column elementor-element elementor-element-db5eb57\" data-id=\"db5eb57\" data-element_type=\"column\" data-e-type=\"column\">\n\t\t\t<div class=\"elementor-widget-wrap elementor-element-populated\">\n\t\t\t\t\t\t<div class=\"elementor-element elementor-element-f1e87d6 elementor-widget elementor-widget-theme-post-title elementor-page-title elementor-widget-heading\" data-id=\"f1e87d6\" data-element_type=\"widget\" data-e-type=\"widget\" data-widget_type=\"theme-post-title.default\">\n\t\t\t\t<div class=\"elementor-widget-container\">\n\t\t\t\t\t<h1 class=\"elementor-heading-title elementor-size-default\">Downloads<\/h1>\t\t\t\t<\/div>\n\t\t\t\t<\/div>\n\t\t\t\t<div class=\"elementor-element elementor-element-bfaa532 elementor-align-center elementor-widget elementor-widget-breadcrumbs\" data-id=\"bfaa532\" data-element_type=\"widget\" data-e-type=\"widget\" data-widget_type=\"breadcrumbs.default\">\n\t\t\t\t<div class=\"elementor-widget-container\">\n\t\t\t\t\t<p id=\"breadcrumbs\"><\/p>\t\t\t\t<\/div>\n\t\t\t\t<\/div>\n\t\t\t\t\t<\/div>\n\t\t<\/div>\n\t\t\t\t\t<\/div>\n\t\t<\/section>\n\t\t\t\t<section class=\"elementor-section elementor-top-section elementor-element elementor-element-ae5356e elementor-section-boxed elementor-section-height-default elementor-section-height-default\" data-id=\"ae5356e\" data-element_type=\"section\" data-e-type=\"section\">\n\t\t\t\t\t\t<div class=\"elementor-container elementor-column-gap-default\">\n\t\t\t\t\t<div class=\"elementor-column elementor-col-100 elementor-top-column elementor-element elementor-element-1ad9543\" data-id=\"1ad9543\" data-element_type=\"column\" data-e-type=\"column\">\n\t\t\t<div class=\"elementor-widget-wrap elementor-element-populated\">\n\t\t\t\t\t\t<div class=\"elementor-element elementor-element-19eaad5 elementor-widget elementor-widget-spacer\" data-id=\"19eaad5\" data-element_type=\"widget\" data-e-type=\"widget\" data-widget_type=\"spacer.default\">\n\t\t\t\t<div class=\"elementor-widget-container\">\n\t\t\t\t\t\t\t<div class=\"elementor-spacer\">\n\t\t\t<div class=\"elementor-spacer-inner\"><\/div>\n\t\t<\/div>\n\t\t\t\t\t\t<\/div>\n\t\t\t\t<\/div>\n\t\t\t\t\t<\/div>\n\t\t<\/div>\n\t\t\t\t\t<\/div>\n\t\t<\/section>\n\t\t\t\t<section class=\"elementor-section elementor-top-section elementor-element elementor-element-8462630 elementor-section-boxed elementor-section-height-default elementor-section-height-default\" data-id=\"8462630\" data-element_type=\"section\" data-e-type=\"section\">\n\t\t\t\t\t\t<div class=\"elementor-container elementor-column-gap-default\">\n\t\t\t\t\t<div class=\"elementor-column elementor-col-33 elementor-top-column elementor-element elementor-element-f396f99\" data-id=\"f396f99\" data-element_type=\"column\" data-e-type=\"column\">\n\t\t\t<div class=\"elementor-widget-wrap elementor-element-populated\">\n\t\t\t\t\t\t<div class=\"elementor-element elementor-element-7ede2a6 elementor-view-stacked elementor-widget__width-inherit elementor-shape-circle elementor-position-block-start elementor-mobile-position-block-start elementor-widget elementor-widget-icon-box\" data-id=\"7ede2a6\" data-element_type=\"widget\" data-e-type=\"widget\" data-widget_type=\"icon-box.default\">\n\t\t\t\t<div class=\"elementor-widget-container\">\n\t\t\t\t\t\t\t<div class=\"elementor-icon-box-wrapper\">\n\n\t\t\t\t\t\t<div class=\"elementor-icon-box-icon\">\n\t\t\t\t<a href=\"https:\/\/kruse.de\/wp-content\/uploads\/2025\/10\/Verhaltenskodex_Karl-Kruse.pdf\" target=\"_blank\" class=\"elementor-icon\" tabindex=\"-1\" aria-label=\"GESCH\u00c4FTSVERHALTENSKODEX KARL KRUSE\">\n\t\t\t\t<i aria-hidden=\"true\" class=\"fas fa-file-code\"><\/i>\t\t\t\t<\/a>\n\t\t\t<\/div>\n\t\t\t\n\t\t\t\t\t\t<div class=\"elementor-icon-box-content\">\n\n\t\t\t\t\t\t\t\t\t<h3 class=\"elementor-icon-box-title\">\n\t\t\t\t\t\t<a href=\"https:\/\/kruse.de\/wp-content\/uploads\/2025\/10\/Verhaltenskodex_Karl-Kruse.pdf\" target=\"_blank\" >\n\t\t\t\t\t\t\tGESCH\u00c4FTSVERHALTENSKODEX KARL KRUSE\t\t\t\t\t\t<\/a>\n\t\t\t\t\t<\/h3>\n\t\t\t\t\n\t\t\t\t\n\t\t\t<\/div>\n\t\t\t\n\t\t<\/div>\n\t\t\t\t\t\t<\/div>\n\t\t\t\t<\/div>\n\t\t\t\t<div class=\"elementor-element elementor-element-b08916d elementor-view-stacked elementor-widget__width-inherit elementor-shape-circle elementor-position-block-start elementor-mobile-position-block-start elementor-widget elementor-widget-icon-box\" data-id=\"b08916d\" data-element_type=\"widget\" data-e-type=\"widget\" data-widget_type=\"icon-box.default\">\n\t\t\t\t<div class=\"elementor-widget-container\">\n\t\t\t\t\t\t\t<div class=\"elementor-icon-box-wrapper\">\n\n\t\t\t\t\t\t<div class=\"elementor-icon-box-icon\">\n\t\t\t\t<a href=\"https:\/\/kruse.de\/wp-content\/uploads\/2025\/10\/AGB-Einkauf-national-Karl-Kruse.pdf\" target=\"_blank\" class=\"elementor-icon\" tabindex=\"-1\" aria-label=\"INTERNATIONALE EINKAUFSBEDINGUNGEN\">\n\t\t\t\t<i aria-hidden=\"true\" class=\"fas fa-shopping-cart\"><\/i>\t\t\t\t<\/a>\n\t\t\t<\/div>\n\t\t\t\n\t\t\t\t\t\t<div class=\"elementor-icon-box-content\">\n\n\t\t\t\t\t\t\t\t\t<h3 class=\"elementor-icon-box-title\">\n\t\t\t\t\t\t<a href=\"https:\/\/kruse.de\/wp-content\/uploads\/2025\/10\/AGB-Einkauf-national-Karl-Kruse.pdf\" target=\"_blank\" >\n\t\t\t\t\t\t\tINTERNATIONALE EINKAUFSBEDINGUNGEN\t\t\t\t\t\t<\/a>\n\t\t\t\t\t<\/h3>\n\t\t\t\t\n\t\t\t\t\n\t\t\t<\/div>\n\t\t\t\n\t\t<\/div>\n\t\t\t\t\t\t<\/div>\n\t\t\t\t<\/div>\n\t\t\t\t<div class=\"elementor-element elementor-element-a67a691 elementor-view-stacked elementor-widget__width-inherit elementor-shape-circle elementor-position-block-start elementor-mobile-position-block-start elementor-widget elementor-widget-icon-box\" data-id=\"a67a691\" data-element_type=\"widget\" data-e-type=\"widget\" data-widget_type=\"icon-box.default\">\n\t\t\t\t<div class=\"elementor-widget-container\">\n\t\t\t\t\t\t\t<div class=\"elementor-icon-box-wrapper\">\n\n\t\t\t\t\t\t<div class=\"elementor-icon-box-icon\">\n\t\t\t\t<a href=\"https:\/\/kruse.de\/wp-content\/uploads\/2024\/09\/032005-100-HZ-DE.pdf\" target=\"_blank\" class=\"elementor-icon\" tabindex=\"-1\" aria-label=\"T\u00dcV-ZERTIFIKAT\">\n\t\t\t\t<i aria-hidden=\"true\" class=\"fas fa-certificate\"><\/i>\t\t\t\t<\/a>\n\t\t\t<\/div>\n\t\t\t\n\t\t\t\t\t\t<div class=\"elementor-icon-box-content\">\n\n\t\t\t\t\t\t\t\t\t<h3 class=\"elementor-icon-box-title\">\n\t\t\t\t\t\t<a href=\"https:\/\/kruse.de\/wp-content\/uploads\/2024\/09\/032005-100-HZ-DE.pdf\" target=\"_blank\" >\n\t\t\t\t\t\t\tT\u00dcV-ZERTIFIKAT\t\t\t\t\t\t<\/a>\n\t\t\t\t\t<\/h3>\n\t\t\t\t\n\t\t\t\t\n\t\t\t<\/div>\n\t\t\t\n\t\t<\/div>\n\t\t\t\t\t\t<\/div>\n\t\t\t\t<\/div>\n\t\t\t\t\t<\/div>\n\t\t<\/div>\n\t\t\t\t<div class=\"elementor-column elementor-col-33 elementor-top-column elementor-element elementor-element-a6394bd\" data-id=\"a6394bd\" data-element_type=\"column\" data-e-type=\"column\">\n\t\t\t<div class=\"elementor-widget-wrap elementor-element-populated\">\n\t\t\t\t\t\t<div class=\"elementor-element elementor-element-761affe elementor-view-stacked elementor-widget__width-inherit elementor-shape-circle elementor-position-block-start elementor-mobile-position-block-start elementor-widget elementor-widget-icon-box\" data-id=\"761affe\" data-element_type=\"widget\" data-e-type=\"widget\" data-widget_type=\"icon-box.default\">\n\t\t\t\t<div class=\"elementor-widget-container\">\n\t\t\t\t\t\t\t<div class=\"elementor-icon-box-wrapper\">\n\n\t\t\t\t\t\t<div class=\"elementor-icon-box-icon\">\n\t\t\t\t<a href=\"https:\/\/kruse.de\/wp-content\/uploads\/2025\/10\/Karl-Kruse-Allgemeine-Lieferbedingungen.pdf\" target=\"_blank\" class=\"elementor-icon\" tabindex=\"-1\" aria-label=\"INTERNATIONALE LIEFER- UND LEISTUNGSBEDINGUNGEN\">\n\t\t\t\t<i aria-hidden=\"true\" class=\"fas fa-star\"><\/i>\t\t\t\t<\/a>\n\t\t\t<\/div>\n\t\t\t\n\t\t\t\t\t\t<div class=\"elementor-icon-box-content\">\n\n\t\t\t\t\t\t\t\t\t<h3 class=\"elementor-icon-box-title\">\n\t\t\t\t\t\t<a href=\"https:\/\/kruse.de\/wp-content\/uploads\/2025\/10\/Karl-Kruse-Allgemeine-Lieferbedingungen.pdf\" target=\"_blank\" >\n\t\t\t\t\t\t\tINTERNATIONALE LIEFER- UND LEISTUNGSBEDINGUNGEN\t\t\t\t\t\t<\/a>\n\t\t\t\t\t<\/h3>\n\t\t\t\t\n\t\t\t\t\n\t\t\t<\/div>\n\t\t\t\n\t\t<\/div>\n\t\t\t\t\t\t<\/div>\n\t\t\t\t<\/div>\n\t\t\t\t<div class=\"elementor-element elementor-element-7d66631 elementor-view-stacked elementor-widget__width-inherit elementor-shape-circle elementor-position-block-start elementor-mobile-position-block-start elementor-widget elementor-widget-icon-box\" data-id=\"7d66631\" data-element_type=\"widget\" data-e-type=\"widget\" data-widget_type=\"icon-box.default\">\n\t\t\t\t<div class=\"elementor-widget-container\">\n\t\t\t\t\t\t\t<div class=\"elementor-icon-box-wrapper\">\n\n\t\t\t\t\t\t<div class=\"elementor-icon-box-icon\">\n\t\t\t\t<a href=\"https:\/\/kruse.de\/wp-content\/uploads\/2025\/10\/Nutzungsbedingungen-Karl-Kruse-Website.pdf\" target=\"_blank\" https=\"\" class=\"elementor-icon\" tabindex=\"-1\" aria-label=\"ALLGEMEINE GESCH\u00c4FTSBEDINGUNGEN F\u00dcR DIE NUTZUNG DER KARL KRUSE-WEBSITE\">\n\t\t\t\t<i aria-hidden=\"true\" class=\"fas fa-sticky-note\"><\/i>\t\t\t\t<\/a>\n\t\t\t<\/div>\n\t\t\t\n\t\t\t\t\t\t<div class=\"elementor-icon-box-content\">\n\n\t\t\t\t\t\t\t\t\t<h3 class=\"elementor-icon-box-title\">\n\t\t\t\t\t\t<a href=\"https:\/\/kruse.de\/wp-content\/uploads\/2025\/10\/Nutzungsbedingungen-Karl-Kruse-Website.pdf\" target=\"_blank\" https=\"\" >\n\t\t\t\t\t\t\tALLGEMEINE GESCH\u00c4FTSBEDINGUNGEN F\u00dcR DIE NUTZUNG DER KARL KRUSE-WEBSITE\t\t\t\t\t\t<\/a>\n\t\t\t\t\t<\/h3>\n\t\t\t\t\n\t\t\t\t\n\t\t\t<\/div>\n\t\t\t\n\t\t<\/div>\n\t\t\t\t\t\t<\/div>\n\t\t\t\t<\/div>\n\t\t\t\t\t<\/div>\n\t\t<\/div>\n\t\t\t\t<div class=\"elementor-column elementor-col-33 elementor-top-column elementor-element elementor-element-3ddbc52\" data-id=\"3ddbc52\" data-element_type=\"column\" data-e-type=\"column\">\n\t\t\t<div class=\"elementor-widget-wrap elementor-element-populated\">\n\t\t\t\t\t\t<section class=\"elementor-section elementor-inner-section elementor-element elementor-element-913191b elementor-section-boxed elementor-section-height-default elementor-section-height-default elementor-invisible\" data-id=\"913191b\" data-element_type=\"section\" data-e-type=\"section\" data-settings=\"{&quot;background_background&quot;:&quot;classic&quot;,&quot;sticky&quot;:&quot;top&quot;,&quot;sticky_offset&quot;:20,&quot;sticky_parent&quot;:&quot;yes&quot;,&quot;animation&quot;:&quot;fadeInDown&quot;,&quot;sticky_on&quot;:[&quot;desktop&quot;,&quot;tablet&quot;,&quot;mobile&quot;],&quot;sticky_effects_offset&quot;:0}\">\n\t\t\t\t\t\t<div class=\"elementor-container elementor-column-gap-default\">\n\t\t\t\t\t<div class=\"elementor-column elementor-col-100 elementor-inner-column elementor-element elementor-element-d0a012f\" data-id=\"d0a012f\" data-element_type=\"column\" data-e-type=\"column\" data-settings=\"{&quot;background_background&quot;:&quot;classic&quot;}\">\n\t\t\t<div class=\"elementor-widget-wrap elementor-element-populated\">\n\t\t\t\t\t\t<div class=\"elementor-element elementor-element-379f3ae elementor-widget elementor-widget-text-editor\" data-id=\"379f3ae\" data-element_type=\"widget\" data-e-type=\"widget\" data-widget_type=\"text-editor.default\">\n\t\t\t\t<div class=\"elementor-widget-container\">\n\t\t\t\t\t\t\t\t\tRECHTSINFORMATION \t\t\t\t\t\t\t\t<\/div>\n\t\t\t\t<\/div>\n\t\t\t\t<div class=\"elementor-element elementor-element-85f139c elementor-nav-menu__align-left elementor-nav-menu--stretch elementor-widget__width-inherit elementor-nav-menu--dropdown-tablet elementor-nav-menu__text-align-aside elementor-widget elementor-widget-nav-menu\" data-id=\"85f139c\" data-element_type=\"widget\" data-e-type=\"widget\" data-settings=\"{&quot;full_width&quot;:&quot;stretch&quot;,&quot;layout&quot;:&quot;horizontal&quot;,&quot;submenu_icon&quot;:{&quot;value&quot;:&quot;&lt;i class=\\&quot;fas fa-caret-down\\&quot;&gt;&lt;\\\/i&gt;&quot;,&quot;library&quot;:&quot;fa-solid&quot;}}\" data-widget_type=\"nav-menu.default\">\n\t\t\t\t<div class=\"elementor-widget-container\">\n\t\t\t\t\t\t\t\t<nav class=\"elementor-nav-menu--main elementor-nav-menu__container elementor-nav-menu--layout-horizontal e--pointer-background e--animation-fade\">\n\t\t\t\t<ul id=\"menu-1-85f139c\" class=\"elementor-nav-menu\"><li class=\"menu-item menu-item-type-post_type menu-item-object-page menu-item-15049\"><a href=\"https:\/\/kruse.de\/de\/handelsregister\/\" class=\"elementor-item menu-link\">Handelsregister<\/a><\/li>\n<li class=\"menu-item menu-item-type-post_type menu-item-object-page menu-item-15050\"><a href=\"https:\/\/kruse.de\/de\/konfliktmineralienpolitik\/\" class=\"elementor-item menu-link\">Konfliktmineralienpolitik<\/a><\/li>\n<li class=\"menu-item menu-item-type-post_type menu-item-object-page menu-item-15051\"><a href=\"https:\/\/kruse.de\/de\/cookie-erklaerung\/\" class=\"elementor-item menu-link\">Cookie-Erkl\u00e4rung<\/a><\/li>\n<li class=\"menu-item menu-item-type-post_type menu-item-object-page menu-item-15052\"><a href=\"https:\/\/kruse.de\/de\/downloads\/\" class=\"elementor-item menu-link\">Downloads<\/a><\/li>\n<li class=\"menu-item menu-item-type-post_type menu-item-object-page menu-item-15053\"><a href=\"https:\/\/kruse.de\/de\/weitere-links\/\" class=\"elementor-item menu-link\">Weitere Links<\/a><\/li>\n<li class=\"menu-item menu-item-type-post_type menu-item-object-page menu-item-15054\"><a href=\"https:\/\/kruse.de\/de\/rechtliche-hinweise\/\" class=\"elementor-item menu-link\">Rechtliche Hinweise<\/a><\/li>\n<li class=\"menu-item menu-item-type-post_type menu-item-object-page menu-item-15055\"><a href=\"https:\/\/kruse.de\/de\/datenschutzrichtlinie\/\" class=\"elementor-item menu-link\">Datenschutzrichtlinie<\/a><\/li>\n<\/ul>\t\t\t<\/nav>\n\t\t\t\t\t\t<nav class=\"elementor-nav-menu--dropdown elementor-nav-menu__container\" aria-hidden=\"true\">\n\t\t\t\t<ul id=\"menu-2-85f139c\" class=\"elementor-nav-menu\"><li class=\"menu-item menu-item-type-post_type menu-item-object-page menu-item-15049\"><a href=\"https:\/\/kruse.de\/de\/handelsregister\/\" class=\"elementor-item menu-link\" tabindex=\"-1\">Handelsregister<\/a><\/li>\n<li class=\"menu-item menu-item-type-post_type menu-item-object-page menu-item-15050\"><a href=\"https:\/\/kruse.de\/de\/konfliktmineralienpolitik\/\" class=\"elementor-item menu-link\" tabindex=\"-1\">Konfliktmineralienpolitik<\/a><\/li>\n<li class=\"menu-item menu-item-type-post_type menu-item-object-page menu-item-15051\"><a href=\"https:\/\/kruse.de\/de\/cookie-erklaerung\/\" class=\"elementor-item menu-link\" tabindex=\"-1\">Cookie-Erkl\u00e4rung<\/a><\/li>\n<li class=\"menu-item menu-item-type-post_type menu-item-object-page menu-item-15052\"><a href=\"https:\/\/kruse.de\/de\/downloads\/\" class=\"elementor-item menu-link\" tabindex=\"-1\">Downloads<\/a><\/li>\n<li class=\"menu-item menu-item-type-post_type menu-item-object-page menu-item-15053\"><a href=\"https:\/\/kruse.de\/de\/weitere-links\/\" class=\"elementor-item menu-link\" tabindex=\"-1\">Weitere Links<\/a><\/li>\n<li class=\"menu-item menu-item-type-post_type menu-item-object-page menu-item-15054\"><a href=\"https:\/\/kruse.de\/de\/rechtliche-hinweise\/\" class=\"elementor-item menu-link\" tabindex=\"-1\">Rechtliche Hinweise<\/a><\/li>\n<li class=\"menu-item menu-item-type-post_type menu-item-object-page menu-item-15055\"><a href=\"https:\/\/kruse.de\/de\/datenschutzrichtlinie\/\" class=\"elementor-item menu-link\" tabindex=\"-1\">Datenschutzrichtlinie<\/a><\/li>\n<\/ul>\t\t\t<\/nav>\n\t\t\t\t\t\t<\/div>\n\t\t\t\t<\/div>\n\t\t\t\t\t<\/div>\n\t\t<\/div>\n\t\t\t\t\t<\/div>\n\t\t<\/section>\n\t\t\t\t\t<\/div>\n\t\t<\/div>\n\t\t\t\t\t<\/div>\n\t\t<\/section>\n\t\t\t\t<\/div>\n\t\t","protected":false},"excerpt":{"rendered":"<p>GESCH\u00c4FTSVERHALTENSKODEX KARL KRUSE INTERNATIONALE EINKAUFSBEDINGUNGEN T\u00dcV-ZERTIFIKAT INTERNATIONALE LIEFER- UND LEISTUNGSBEDINGUNGEN ALLGEMEINE GESCH\u00c4FTSBEDINGUNGEN F\u00dcR DIE NUTZUNG DER KARL KRUSE-WEBSITE RECHTSINFORMATION<\/p>\n","protected":false},"author":2,"featured_media":0,"parent":0,"menu_order":0,"comment_status":"closed","ping_status":"closed","template":"elementor_header_footer","meta":{"site-sidebar-layout":"default","site-content-layout":"","ast-site-content-layout":"default","site-content-style":"default","site-sidebar-style":"default","ast-global-header-display":"","ast-banner-title-visibility":"","ast-main-header-display":"","ast-hfb-above-header-display":"","ast-hfb-below-header-display":"","ast-hfb-mobile-header-display":"","site-post-title":"","ast-breadcrumbs-content":"","ast-featured-img":"","footer-sml-layout":"","ast-disable-related-posts":"","theme-transparent-header-meta":"","adv-header-id-meta":"","stick-header-meta":"","header-above-stick-meta":"","header-main-stick-meta":"","header-below-stick-meta":"","astra-migrate-meta-layouts":"default","ast-page-background-enabled":"default","ast-page-background-meta":{"desktop":{"background-color":"var(--ast-global-color-4)","background-image":"","background-repeat":"repeat","background-position":"center center","background-size":"auto","background-attachment":"scroll","background-type":"","background-media":"","overlay-type":"","overlay-color":"","overlay-opacity":"","overlay-gradient":""},"tablet":{"background-color":"","background-image":"","background-repeat":"repeat","background-position":"center center","background-size":"auto","background-attachment":"scroll","background-type":"","background-media":"","overlay-type":"","overlay-color":"","overlay-opacity":"","overlay-gradient":""},"mobile":{"background-color":"","background-image":"","background-repeat":"repeat","background-position":"center center","background-size":"auto","background-attachment":"scroll","background-type":"","background-media":"","overlay-type":"","overlay-color":"","overlay-opacity":"","overlay-gradient":""}},"ast-content-background-meta":{"desktop":{"background-color":"var(--ast-global-color-5)","background-image":"","background-repeat":"repeat","background-position":"center center","background-size":"auto","background-attachment":"scroll","background-type":"","background-media":"","overlay-type":"","overlay-color":"","overlay-opacity":"","overlay-gradient":""},"tablet":{"background-color":"var(--ast-global-color-5)","background-image":"","background-repeat":"repeat","background-position":"center center","background-size":"auto","background-attachment":"scroll","background-type":"","background-media":"","overlay-type":"","overlay-color":"","overlay-opacity":"","overlay-gradient":""},"mobile":{"background-color":"var(--ast-global-color-5)","background-image":"","background-repeat":"repeat","background-position":"center center","background-size":"auto","background-attachment":"scroll","background-type":"","background-media":"","overlay-type":"","overlay-color":"","overlay-opacity":"","overlay-gradient":""}},"footnotes":""},"class_list":["post-13820","page","type-page","status-publish","hentry"],"yoast_head":"<!-- This site is optimized with the Yoast SEO Premium plugin v23.0 (Yoast SEO v27.4) - https:\/\/yoast.com\/product\/yoast-seo-premium-wordpress\/ -->\n<title>Downloads - Kruse electronic components | Obsolete electronic components<\/title>\n<meta name=\"robots\" content=\"index, follow, max-snippet:-1, max-image-preview:large, max-video-preview:-1\" \/>\n<link rel=\"canonical\" href=\"https:\/\/kruse.de\/de\/downloads\/\" \/>\n<meta property=\"og:locale\" content=\"de_DE\" \/>\n<meta property=\"og:type\" content=\"article\" \/>\n<meta property=\"og:title\" content=\"Downloads - Kruse electronic components | Obsolete electronic components\" \/>\n<meta property=\"og:description\" content=\"GESCH\u00c4FTSVERHALTENSKODEX KARL KRUSE INTERNATIONALE EINKAUFSBEDINGUNGEN T\u00dcV-ZERTIFIKAT INTERNATIONALE LIEFER- UND LEISTUNGSBEDINGUNGEN ALLGEMEINE GESCH\u00c4FTSBEDINGUNGEN F\u00dcR DIE NUTZUNG DER KARL KRUSE-WEBSITE RECHTSINFORMATION\" \/>\n<meta property=\"og:url\" content=\"https:\/\/kruse.de\/de\/downloads\/\" \/>\n<meta property=\"og:site_name\" content=\"Kruse electronic components | Obsolete electronic components\" \/>\n<meta property=\"article:modified_time\" content=\"2025-10-14T15:58:41+00:00\" \/>\n<meta name=\"twitter:card\" content=\"summary_large_image\" \/>\n<meta name=\"twitter:label1\" content=\"Gesch\u00e4tzte Lesezeit\" \/>\n\t<meta name=\"twitter:data1\" content=\"1\u00a0Minute\" \/>\n<script type=\"application\/ld+json\" class=\"yoast-schema-graph\">{\"@context\":\"https:\\\/\\\/schema.org\",\"@graph\":[{\"@type\":\"WebPage\",\"@id\":\"https:\\\/\\\/kruse.de\\\/de\\\/downloads\\\/\",\"url\":\"https:\\\/\\\/kruse.de\\\/de\\\/downloads\\\/\",\"name\":\"Downloads - Kruse electronic components | Obsolete electronic components\",\"isPartOf\":{\"@id\":\"https:\\\/\\\/kruse.de\\\/de\\\/#website\"},\"datePublished\":\"2021-03-15T12:52:26+00:00\",\"dateModified\":\"2025-10-14T15:58:41+00:00\",\"inLanguage\":\"de\",\"potentialAction\":[{\"@type\":\"ReadAction\",\"target\":[\"https:\\\/\\\/kruse.de\\\/de\\\/downloads\\\/\"]}]},{\"@type\":\"WebSite\",\"@id\":\"https:\\\/\\\/kruse.de\\\/de\\\/#website\",\"url\":\"https:\\\/\\\/kruse.de\\\/de\\\/\",\"name\":\"Kruse electronic components | Obsolete electronic components\",\"description\":\"\",\"publisher\":{\"@id\":\"https:\\\/\\\/kruse.de\\\/de\\\/#organization\"},\"potentialAction\":[{\"@type\":\"SearchAction\",\"target\":{\"@type\":\"EntryPoint\",\"urlTemplate\":\"https:\\\/\\\/kruse.de\\\/de\\\/?s={search_term_string}\"},\"query-input\":{\"@type\":\"PropertyValueSpecification\",\"valueRequired\":true,\"valueName\":\"search_term_string\"}}],\"inLanguage\":\"de\"},{\"@type\":\"Organization\",\"@id\":\"https:\\\/\\\/kruse.de\\\/de\\\/#organization\",\"name\":\"Kruse electronic components | Obsolete electronic components\",\"url\":\"https:\\\/\\\/kruse.de\\\/de\\\/\",\"logo\":{\"@type\":\"ImageObject\",\"inLanguage\":\"de\",\"@id\":\"https:\\\/\\\/kruse.de\\\/de\\\/#\\\/schema\\\/logo\\\/image\\\/\",\"url\":\"https:\\\/\\\/kruse.de\\\/wp-content\\\/uploads\\\/2023\\\/05\\\/kruse-logo-0__1_-removebg-preview.png\",\"contentUrl\":\"https:\\\/\\\/kruse.de\\\/wp-content\\\/uploads\\\/2023\\\/05\\\/kruse-logo-0__1_-removebg-preview.png\",\"width\":250,\"height\":86,\"caption\":\"Kruse electronic components | Obsolete electronic components\"},\"image\":{\"@id\":\"https:\\\/\\\/kruse.de\\\/de\\\/#\\\/schema\\\/logo\\\/image\\\/\"}}]}<\/script>\n<!-- \/ Yoast SEO Premium plugin. -->","yoast_head_json":{"title":"Downloads - Kruse electronic components | Obsolete electronic components","robots":{"index":"index","follow":"follow","max-snippet":"max-snippet:-1","max-image-preview":"max-image-preview:large","max-video-preview":"max-video-preview:-1"},"canonical":"https:\/\/kruse.de\/de\/downloads\/","og_locale":"de_DE","og_type":"article","og_title":"Downloads - Kruse electronic components | Obsolete electronic components","og_description":"GESCH\u00c4FTSVERHALTENSKODEX KARL KRUSE INTERNATIONALE EINKAUFSBEDINGUNGEN T\u00dcV-ZERTIFIKAT INTERNATIONALE LIEFER- UND LEISTUNGSBEDINGUNGEN ALLGEMEINE GESCH\u00c4FTSBEDINGUNGEN F\u00dcR DIE NUTZUNG DER KARL KRUSE-WEBSITE RECHTSINFORMATION","og_url":"https:\/\/kruse.de\/de\/downloads\/","og_site_name":"Kruse electronic components | Obsolete electronic components","article_modified_time":"2025-10-14T15:58:41+00:00","twitter_card":"summary_large_image","twitter_misc":{"Gesch\u00e4tzte Lesezeit":"1\u00a0Minute"},"schema":{"@context":"https:\/\/schema.org","@graph":[{"@type":"WebPage","@id":"https:\/\/kruse.de\/de\/downloads\/","url":"https:\/\/kruse.de\/de\/downloads\/","name":"Downloads - Kruse electronic components | Obsolete electronic components","isPartOf":{"@id":"https:\/\/kruse.de\/de\/#website"},"datePublished":"2021-03-15T12:52:26+00:00","dateModified":"2025-10-14T15:58:41+00:00","inLanguage":"de","potentialAction":[{"@type":"ReadAction","target":["https:\/\/kruse.de\/de\/downloads\/"]}]},{"@type":"WebSite","@id":"https:\/\/kruse.de\/de\/#website","url":"https:\/\/kruse.de\/de\/","name":"Kruse electronic components | Obsolete electronic components","description":"","publisher":{"@id":"https:\/\/kruse.de\/de\/#organization"},"potentialAction":[{"@type":"SearchAction","target":{"@type":"EntryPoint","urlTemplate":"https:\/\/kruse.de\/de\/?s={search_term_string}"},"query-input":{"@type":"PropertyValueSpecification","valueRequired":true,"valueName":"search_term_string"}}],"inLanguage":"de"},{"@type":"Organization","@id":"https:\/\/kruse.de\/de\/#organization","name":"Kruse electronic components | Obsolete electronic components","url":"https:\/\/kruse.de\/de\/","logo":{"@type":"ImageObject","inLanguage":"de","@id":"https:\/\/kruse.de\/de\/#\/schema\/logo\/image\/","url":"https:\/\/kruse.de\/wp-content\/uploads\/2023\/05\/kruse-logo-0__1_-removebg-preview.png","contentUrl":"https:\/\/kruse.de\/wp-content\/uploads\/2023\/05\/kruse-logo-0__1_-removebg-preview.png","width":250,"height":86,"caption":"Kruse electronic components | Obsolete electronic components"},"image":{"@id":"https:\/\/kruse.de\/de\/#\/schema\/logo\/image\/"}}]}},"_links":{"self":[{"href":"https:\/\/kruse.de\/de\/wp-json\/wp\/v2\/pages\/13820","targetHints":{"allow":["GET"]}}],"collection":[{"href":"https:\/\/kruse.de\/de\/wp-json\/wp\/v2\/pages"}],"about":[{"href":"https:\/\/kruse.de\/de\/wp-json\/wp\/v2\/types\/page"}],"author":[{"embeddable":true,"href":"https:\/\/kruse.de\/de\/wp-json\/wp\/v2\/users\/2"}],"replies":[{"embeddable":true,"href":"https:\/\/kruse.de\/de\/wp-json\/wp\/v2\/comments?post=13820"}],"version-history":[{"count":13,"href":"https:\/\/kruse.de\/de\/wp-json\/wp\/v2\/pages\/13820\/revisions"}],"predecessor-version":[{"id":15601,"href":"https:\/\/kruse.de\/de\/wp-json\/wp\/v2\/pages\/13820\/revisions\/15601"}],"wp:attachment":[{"href":"https:\/\/kruse.de\/de\/wp-json\/wp\/v2\/media?parent=13820"}],"curies":[{"name":"wp","href":"https:\/\/api.w.org\/{rel}","templated":true}]}}