{"id":13801,"date":"2021-07-13T11:29:08","date_gmt":"2021-07-13T11:29:08","guid":{"rendered":"https:\/\/kruse.de\/ruecknahmelogistik\/"},"modified":"2024-05-23T03:43:12","modified_gmt":"2024-05-23T03:43:12","slug":"ruecknahmelogistik","status":"publish","type":"page","link":"https:\/\/kruse.de\/de\/ruecknahmelogistik\/","title":{"rendered":"R\u00fccknahmelogistik"},"content":{"rendered":"\t\t<div data-elementor-type=\"wp-post\" data-elementor-id=\"13801\" class=\"elementor elementor-13801 elementor-3678\" data-elementor-post-type=\"page\">\n\t\t\t\t\t\t<section class=\"elementor-section elementor-top-section elementor-element elementor-element-38eb5fb elementor-section-boxed elementor-section-height-default elementor-section-height-default\" data-id=\"38eb5fb\" data-element_type=\"section\" data-e-type=\"section\">\n\t\t\t\t\t\t<div class=\"elementor-container elementor-column-gap-default\">\n\t\t\t\t\t<div class=\"elementor-column elementor-col-100 elementor-top-column elementor-element elementor-element-2bf3ed7\" data-id=\"2bf3ed7\" data-element_type=\"column\" data-e-type=\"column\">\n\t\t\t<div class=\"elementor-widget-wrap elementor-element-populated\">\n\t\t\t\t\t\t<div class=\"elementor-element elementor-element-2bd76d7 elementor-widget elementor-widget-text-editor\" data-id=\"2bd76d7\" data-element_type=\"widget\" data-e-type=\"widget\" data-widget_type=\"text-editor.default\">\n\t\t\t\t<div class=\"elementor-widget-container\">\n\t\t\t\t\t\t\t\t\t<p>Vorg\u00e4nge, die die Wiederverwendung von Produkten oder Materialien beinhalten, werden als Reverse Logistik bezeichnet. Reverse Logistics umfasst den gesamten Prozess der R\u00fcckf\u00fchrung von Waren vom Endverbraucher zum Hersteller oder Lieferanten. Dieser Prozess hilft uns, Kosten zu senken, die Kundenzufriedenheit zu erh\u00f6hen und die Effizienz der Lieferkette zu steigern. Er minimiert auch den Abfall und optimiert die Lagerbest\u00e4nde. Er ist ein entscheidender Teil unseres Gesch\u00e4fts, da wir bestrebt sind, nachhaltiger zu werden und unsere Umweltauswirkungen zu verringern.    <\/p>\n<p>Im Abwicklungszyklus der Unterhaltungselektronik wurde die R\u00fcckw\u00e4rtslogistik lange Zeit \u00fcbersehen. Im Gegensatz zur Vorw\u00e4rtslogistik befasst sich die R\u00fcckw\u00e4rtslogistik mit dem Produktfluss, nachdem es den Kunden erreicht hat. <\/p>\n\t\t\t\t\t\t\t\t<\/div>\n\t\t\t\t<\/div>\n\t\t\t\t\t<\/div>\n\t\t<\/div>\n\t\t\t\t\t<\/div>\n\t\t<\/section>\n\t\t\t\t<section class=\"elementor-section elementor-top-section elementor-element elementor-element-aa0c415 elementor-section-boxed elementor-section-height-default elementor-section-height-default\" data-id=\"aa0c415\" data-element_type=\"section\" data-e-type=\"section\">\n\t\t\t\t\t\t<div class=\"elementor-container elementor-column-gap-default\">\n\t\t\t\t\t<div class=\"elementor-column elementor-col-100 elementor-top-column elementor-element elementor-element-28f3e0f\" data-id=\"28f3e0f\" data-element_type=\"column\" data-e-type=\"column\">\n\t\t\t<div class=\"elementor-widget-wrap elementor-element-populated\">\n\t\t\t\t\t\t<div class=\"elementor-element elementor-element-0411adf elementor-widget elementor-widget-text-editor\" data-id=\"0411adf\" data-element_type=\"widget\" data-e-type=\"widget\" data-widget_type=\"text-editor.default\">\n\t\t\t\t<div class=\"elementor-widget-container\">\n\t\t\t\t\t\t\t\t\t<h4>Unsere Dienstleistungen umfassen:<\/h4>\n\t\t\t\t\t\t\t\t<\/div>\n\t\t\t\t<\/div>\n\t\t\t\t\t<\/div>\n\t\t<\/div>\n\t\t\t\t\t<\/div>\n\t\t<\/section>\n\t\t\t\t<section class=\"elementor-section elementor-top-section elementor-element elementor-element-946c03c elementor-section-boxed elementor-section-height-default elementor-section-height-default\" data-id=\"946c03c\" data-element_type=\"section\" data-e-type=\"section\">\n\t\t\t\t\t\t<div class=\"elementor-container elementor-column-gap-default\">\n\t\t\t\t\t<div class=\"elementor-column elementor-col-100 elementor-top-column elementor-element elementor-element-fe6b1fa\" data-id=\"fe6b1fa\" data-element_type=\"column\" data-e-type=\"column\">\n\t\t\t<div class=\"elementor-widget-wrap elementor-element-populated\">\n\t\t\t\t\t\t<div class=\"elementor-element elementor-element-57c7a86 elementor-icon-list--layout-traditional elementor-list-item-link-full_width elementor-widget elementor-widget-icon-list\" data-id=\"57c7a86\" data-element_type=\"widget\" data-e-type=\"widget\" data-widget_type=\"icon-list.default\">\n\t\t\t\t<div class=\"elementor-widget-container\">\n\t\t\t\t\t\t\t<ul class=\"elementor-icon-list-items\">\n\t\t\t\t\t\t\t<li class=\"elementor-icon-list-item\">\n\t\t\t\t\t\t\t\t\t\t\t<span class=\"elementor-icon-list-icon\">\n\t\t\t\t\t\t\t<svg xmlns=\"http:\/\/www.w3.org\/2000\/svg\" xmlns:xlink=\"http:\/\/www.w3.org\/1999\/xlink\" width=\"256\" height=\"256\" viewBox=\"0 0 256 256\" xml:space=\"preserve\"><defs><\/defs><g style=\"stroke: none; stroke-width: 0; stroke-dasharray: none; stroke-linecap: butt; stroke-linejoin: miter; stroke-miterlimit: 10; fill: none; fill-rule: nonzero; opacity: 1;\" transform=\"translate(1.4065934065934016 1.4065934065934016) scale(2.81 2.81)\">\t<path d=\"M 89.328 2.625 L 89.328 2.625 c -1.701 -2.859 -5.728 -3.151 -7.824 -0.568 L 46.532 45.173 c -0.856 1.055 -2.483 0.997 -3.262 -0.115 l -8.382 -11.97 c -2.852 -4.073 -8.789 -4.335 -11.989 -0.531 l 0 0 c -2.207 2.624 -2.374 6.403 -0.408 9.211 l 17.157 24.502 c 2.088 2.982 6.507 2.977 8.588 -0.011 l 4.925 -7.07 L 89.135 7.813 C 90.214 6.272 90.289 4.242 89.328 2.625 z\" style=\"stroke: none; stroke-width: 1; stroke-dasharray: none; stroke-linecap: butt; stroke-linejoin: miter; stroke-miterlimit: 10; fill: rgb(16,79,133); fill-rule: nonzero; opacity: 1;\" transform=\" matrix(1 0 0 1 0 0) \" stroke-linecap=\"round\"><\/path>\t<path d=\"M 45 90 C 20.187 90 0 69.813 0 45 C 0 20.187 20.187 0 45 0 c 6.072 0 11.967 1.19 17.518 3.538 c 2.034 0.861 2.986 3.208 2.125 5.242 c -0.859 2.035 -3.207 2.987 -5.242 2.126 C 54.842 8.978 49.996 8 45 8 C 24.598 8 8 24.598 8 45 c 0 20.402 16.598 37 37 37 c 20.402 0 37 -16.598 37 -37 c 0 -3.248 -0.42 -6.469 -1.249 -9.573 c -0.57 -2.134 0.698 -4.327 2.832 -4.897 c 2.133 -0.571 4.326 0.698 4.896 2.833 C 89.488 37.14 90 41.055 90 45 C 90 69.813 69.813 90 45 90 z\" style=\"stroke: none; stroke-width: 1; stroke-dasharray: none; stroke-linecap: butt; stroke-linejoin: miter; stroke-miterlimit: 10; fill: rgb(16,79,133); fill-rule: nonzero; opacity: 1;\" transform=\" matrix(1 0 0 1 0 0) \" stroke-linecap=\"round\"><\/path><\/g><\/svg>\t\t\t\t\t\t<\/span>\n\t\t\t\t\t\t\t\t\t\t<span class=\"elementor-icon-list-text\">IT-Entsorgung: L\u00f6schen, Vernichten und Entsorgen von Daten, Recycling und Wiedervermarktung von Systemen und Komponenten auf sichere und vorschriftsm\u00e4\u00dfige Weise.<\/span>\n\t\t\t\t\t\t\t\t\t<\/li>\n\t\t\t\t\t\t\t\t<li class=\"elementor-icon-list-item\">\n\t\t\t\t\t\t\t\t\t\t\t<span class=\"elementor-icon-list-icon\">\n\t\t\t\t\t\t\t<svg xmlns=\"http:\/\/www.w3.org\/2000\/svg\" xmlns:xlink=\"http:\/\/www.w3.org\/1999\/xlink\" width=\"256\" height=\"256\" viewBox=\"0 0 256 256\" xml:space=\"preserve\"><defs><\/defs><g style=\"stroke: none; stroke-width: 0; stroke-dasharray: none; stroke-linecap: butt; stroke-linejoin: miter; stroke-miterlimit: 10; fill: none; fill-rule: nonzero; opacity: 1;\" transform=\"translate(1.4065934065934016 1.4065934065934016) scale(2.81 2.81)\">\t<path d=\"M 89.328 2.625 L 89.328 2.625 c -1.701 -2.859 -5.728 -3.151 -7.824 -0.568 L 46.532 45.173 c -0.856 1.055 -2.483 0.997 -3.262 -0.115 l -8.382 -11.97 c -2.852 -4.073 -8.789 -4.335 -11.989 -0.531 l 0 0 c -2.207 2.624 -2.374 6.403 -0.408 9.211 l 17.157 24.502 c 2.088 2.982 6.507 2.977 8.588 -0.011 l 4.925 -7.07 L 89.135 7.813 C 90.214 6.272 90.289 4.242 89.328 2.625 z\" style=\"stroke: none; stroke-width: 1; stroke-dasharray: none; stroke-linecap: butt; stroke-linejoin: miter; stroke-miterlimit: 10; fill: rgb(16,79,133); fill-rule: nonzero; opacity: 1;\" transform=\" matrix(1 0 0 1 0 0) \" stroke-linecap=\"round\"><\/path>\t<path d=\"M 45 90 C 20.187 90 0 69.813 0 45 C 0 20.187 20.187 0 45 0 c 6.072 0 11.967 1.19 17.518 3.538 c 2.034 0.861 2.986 3.208 2.125 5.242 c -0.859 2.035 -3.207 2.987 -5.242 2.126 C 54.842 8.978 49.996 8 45 8 C 24.598 8 8 24.598 8 45 c 0 20.402 16.598 37 37 37 c 20.402 0 37 -16.598 37 -37 c 0 -3.248 -0.42 -6.469 -1.249 -9.573 c -0.57 -2.134 0.698 -4.327 2.832 -4.897 c 2.133 -0.571 4.326 0.698 4.896 2.833 C 89.488 37.14 90 41.055 90 45 C 90 69.813 69.813 90 45 90 z\" style=\"stroke: none; stroke-width: 1; stroke-dasharray: none; stroke-linecap: butt; stroke-linejoin: miter; stroke-miterlimit: 10; fill: rgb(16,79,133); fill-rule: nonzero; opacity: 1;\" transform=\" matrix(1 0 0 1 0 0) \" stroke-linecap=\"round\"><\/path><\/g><\/svg>\t\t\t\t\t\t<\/span>\n\t\t\t\t\t\t\t\t\t\t<span class=\"elementor-icon-list-text\">Vertrieb elektronischer Komponenten: Vertrieb elektronischer Komponenten, Beschaffungsservice f\u00fcr elektronische Komponenten und Qualit\u00e4tskontrollprogramme auf der Grundlage umfangreicher Testm\u00f6glichkeiten, integrierter Systeme, Brancheninformationen und einer weltweiten Marktpr\u00e4senz.<\/span>\n\t\t\t\t\t\t\t\t\t<\/li>\n\t\t\t\t\t\t\t\t<li class=\"elementor-icon-list-item\">\n\t\t\t\t\t\t\t\t\t\t\t<span class=\"elementor-icon-list-icon\">\n\t\t\t\t\t\t\t<svg xmlns=\"http:\/\/www.w3.org\/2000\/svg\" xmlns:xlink=\"http:\/\/www.w3.org\/1999\/xlink\" width=\"256\" height=\"256\" viewBox=\"0 0 256 256\" xml:space=\"preserve\"><defs><\/defs><g style=\"stroke: none; stroke-width: 0; stroke-dasharray: none; stroke-linecap: butt; stroke-linejoin: miter; stroke-miterlimit: 10; fill: none; fill-rule: nonzero; opacity: 1;\" transform=\"translate(1.4065934065934016 1.4065934065934016) scale(2.81 2.81)\">\t<path d=\"M 89.328 2.625 L 89.328 2.625 c -1.701 -2.859 -5.728 -3.151 -7.824 -0.568 L 46.532 45.173 c -0.856 1.055 -2.483 0.997 -3.262 -0.115 l -8.382 -11.97 c -2.852 -4.073 -8.789 -4.335 -11.989 -0.531 l 0 0 c -2.207 2.624 -2.374 6.403 -0.408 9.211 l 17.157 24.502 c 2.088 2.982 6.507 2.977 8.588 -0.011 l 4.925 -7.07 L 89.135 7.813 C 90.214 6.272 90.289 4.242 89.328 2.625 z\" style=\"stroke: none; stroke-width: 1; stroke-dasharray: none; stroke-linecap: butt; stroke-linejoin: miter; stroke-miterlimit: 10; fill: rgb(16,79,133); fill-rule: nonzero; opacity: 1;\" transform=\" matrix(1 0 0 1 0 0) \" stroke-linecap=\"round\"><\/path>\t<path d=\"M 45 90 C 20.187 90 0 69.813 0 45 C 0 20.187 20.187 0 45 0 c 6.072 0 11.967 1.19 17.518 3.538 c 2.034 0.861 2.986 3.208 2.125 5.242 c -0.859 2.035 -3.207 2.987 -5.242 2.126 C 54.842 8.978 49.996 8 45 8 C 24.598 8 8 24.598 8 45 c 0 20.402 16.598 37 37 37 c 20.402 0 37 -16.598 37 -37 c 0 -3.248 -0.42 -6.469 -1.249 -9.573 c -0.57 -2.134 0.698 -4.327 2.832 -4.897 c 2.133 -0.571 4.326 0.698 4.896 2.833 C 89.488 37.14 90 41.055 90 45 C 90 69.813 69.813 90 45 90 z\" style=\"stroke: none; stroke-width: 1; stroke-dasharray: none; stroke-linecap: butt; stroke-linejoin: miter; stroke-miterlimit: 10; fill: rgb(16,79,133); fill-rule: nonzero; opacity: 1;\" transform=\" matrix(1 0 0 1 0 0) \" stroke-linecap=\"round\"><\/path><\/g><\/svg>\t\t\t\t\t\t<\/span>\n\t\t\t\t\t\t\t\t\t\t<span class=\"elementor-icon-list-text\">Management von Produktr\u00fcckgaben: R\u00fcckgewinnung des Werts unserer Vertriebsanlagen und Wiedervermarktung von Materialien in der globalen Lieferkette.<\/span>\n\t\t\t\t\t\t\t\t\t<\/li>\n\t\t\t\t\t\t\t\t<li class=\"elementor-icon-list-item\">\n\t\t\t\t\t\t\t\t\t\t\t<span class=\"elementor-icon-list-icon\">\n\t\t\t\t\t\t\t<svg xmlns=\"http:\/\/www.w3.org\/2000\/svg\" xmlns:xlink=\"http:\/\/www.w3.org\/1999\/xlink\" width=\"256\" height=\"256\" viewBox=\"0 0 256 256\" xml:space=\"preserve\"><defs><\/defs><g style=\"stroke: none; stroke-width: 0; stroke-dasharray: none; stroke-linecap: butt; stroke-linejoin: miter; stroke-miterlimit: 10; fill: none; fill-rule: nonzero; opacity: 1;\" transform=\"translate(1.4065934065934016 1.4065934065934016) scale(2.81 2.81)\">\t<path d=\"M 89.328 2.625 L 89.328 2.625 c -1.701 -2.859 -5.728 -3.151 -7.824 -0.568 L 46.532 45.173 c -0.856 1.055 -2.483 0.997 -3.262 -0.115 l -8.382 -11.97 c -2.852 -4.073 -8.789 -4.335 -11.989 -0.531 l 0 0 c -2.207 2.624 -2.374 6.403 -0.408 9.211 l 17.157 24.502 c 2.088 2.982 6.507 2.977 8.588 -0.011 l 4.925 -7.07 L 89.135 7.813 C 90.214 6.272 90.289 4.242 89.328 2.625 z\" style=\"stroke: none; stroke-width: 1; stroke-dasharray: none; stroke-linecap: butt; stroke-linejoin: miter; stroke-miterlimit: 10; fill: rgb(16,79,133); fill-rule: nonzero; opacity: 1;\" transform=\" matrix(1 0 0 1 0 0) \" stroke-linecap=\"round\"><\/path>\t<path d=\"M 45 90 C 20.187 90 0 69.813 0 45 C 0 20.187 20.187 0 45 0 c 6.072 0 11.967 1.19 17.518 3.538 c 2.034 0.861 2.986 3.208 2.125 5.242 c -0.859 2.035 -3.207 2.987 -5.242 2.126 C 54.842 8.978 49.996 8 45 8 C 24.598 8 8 24.598 8 45 c 0 20.402 16.598 37 37 37 c 20.402 0 37 -16.598 37 -37 c 0 -3.248 -0.42 -6.469 -1.249 -9.573 c -0.57 -2.134 0.698 -4.327 2.832 -4.897 c 2.133 -0.571 4.326 0.698 4.896 2.833 C 89.488 37.14 90 41.055 90 45 C 90 69.813 69.813 90 45 90 z\" style=\"stroke: none; stroke-width: 1; stroke-dasharray: none; stroke-linecap: butt; stroke-linejoin: miter; stroke-miterlimit: 10; fill: rgb(16,79,133); fill-rule: nonzero; opacity: 1;\" transform=\" matrix(1 0 0 1 0 0) \" stroke-linecap=\"round\"><\/path><\/g><\/svg>\t\t\t\t\t\t<\/span>\n\t\t\t\t\t\t\t\t\t\t<span class=\"elementor-icon-list-text\">Service-Ersatzteilmanagement: Verbesserung der Wartungsfreundlichkeit und des Gesamtumsatzes durch Optimierung des Lagerbestands und Reduzierung des Risikos \u00fcbersch\u00fcssiger Ersatzteile.<\/span>\n\t\t\t\t\t\t\t\t\t<\/li>\n\t\t\t\t\t\t<\/ul>\n\t\t\t\t\t\t<\/div>\n\t\t\t\t<\/div>\n\t\t\t\t\t<\/div>\n\t\t<\/div>\n\t\t\t\t\t<\/div>\n\t\t<\/section>\n\t\t\t\t<\/div>\n\t\t","protected":false},"excerpt":{"rendered":"<p>Vorg\u00e4nge, die die Wiederverwendung von Produkten oder Materialien beinhalten, werden als Reverse Logistik bezeichnet. Reverse Logistics umfasst den gesamten Prozess der R\u00fcckf\u00fchrung von Waren vom Endverbraucher zum Hersteller oder Lieferanten. Dieser Prozess hilft uns, Kosten zu senken, die Kundenzufriedenheit zu erh\u00f6hen und die Effizienz der Lieferkette zu steigern. Er minimiert auch den Abfall und optimiert [&hellip;]<\/p>\n","protected":false},"author":2,"featured_media":13355,"parent":0,"menu_order":0,"comment_status":"open","ping_status":"open","template":"elementor_theme","meta":{"site-sidebar-layout":"default","site-content-layout":"","ast-site-content-layout":"default","site-content-style":"default","site-sidebar-style":"default","ast-global-header-display":"","ast-banner-title-visibility":"","ast-main-header-display":"","ast-hfb-above-header-display":"","ast-hfb-below-header-display":"","ast-hfb-mobile-header-display":"","site-post-title":"","ast-breadcrumbs-content":"","ast-featured-img":"","footer-sml-layout":"","ast-disable-related-posts":"","theme-transparent-header-meta":"","adv-header-id-meta":"","stick-header-meta":"","header-above-stick-meta":"","header-main-stick-meta":"","header-below-stick-meta":"","astra-migrate-meta-layouts":"default","ast-page-background-enabled":"default","ast-page-background-meta":{"desktop":{"background-color":"var(--ast-global-color-4)","background-image":"","background-repeat":"repeat","background-position":"center center","background-size":"auto","background-attachment":"scroll","background-type":"","background-media":"","overlay-type":"","overlay-color":"","overlay-opacity":"","overlay-gradient":""},"tablet":{"background-color":"","background-image":"","background-repeat":"repeat","background-position":"center center","background-size":"auto","background-attachment":"scroll","background-type":"","background-media":"","overlay-type":"","overlay-color":"","overlay-opacity":"","overlay-gradient":""},"mobile":{"background-color":"","background-image":"","background-repeat":"repeat","background-position":"center center","background-size":"auto","background-attachment":"scroll","background-type":"","background-media":"","overlay-type":"","overlay-color":"","overlay-opacity":"","overlay-gradient":""}},"ast-content-background-meta":{"desktop":{"background-color":"var(--ast-global-color-5)","background-image":"","background-repeat":"repeat","background-position":"center center","background-size":"auto","background-attachment":"scroll","background-type":"","background-media":"","overlay-type":"","overlay-color":"","overlay-opacity":"","overlay-gradient":""},"tablet":{"background-color":"var(--ast-global-color-5)","background-image":"","background-repeat":"repeat","background-position":"center center","background-size":"auto","background-attachment":"scroll","background-type":"","background-media":"","overlay-type":"","overlay-color":"","overlay-opacity":"","overlay-gradient":""},"mobile":{"background-color":"var(--ast-global-color-5)","background-image":"","background-repeat":"repeat","background-position":"center center","background-size":"auto","background-attachment":"scroll","background-type":"","background-media":"","overlay-type":"","overlay-color":"","overlay-opacity":"","overlay-gradient":""}},"footnotes":""},"class_list":["post-13801","page","type-page","status-publish","has-post-thumbnail","hentry"],"yoast_head":"<!-- This site is optimized with the Yoast SEO Premium plugin v23.0 (Yoast SEO v27.4) - https:\/\/yoast.com\/product\/yoast-seo-premium-wordpress\/ -->\n<title>Reverse Logistics f\u00fcr die Elektronikfertigung-Kruse<\/title>\n<meta name=\"description\" content=\"\u201eRevolutionieren Sie Ihren Retourenprozess mit Kruses Reverse Logistics for Electronic Manufacturing. Unsere End-to-End-L\u00f6sungen erm\u00f6glichen nahtlose Produktr\u00fcckgaben, Recycling und Reparaturen und verbessern so Ihre Nachhaltigkeit, Kosteneffizienz und Kundenzufriedenheit.\u201c\" \/>\n<meta name=\"robots\" content=\"index, follow, max-snippet:-1, max-image-preview:large, max-video-preview:-1\" \/>\n<link rel=\"canonical\" href=\"https:\/\/kruse.de\/de\/ruecknahmelogistik\/\" \/>\n<meta property=\"og:locale\" content=\"de_DE\" \/>\n<meta property=\"og:type\" content=\"article\" \/>\n<meta property=\"og:title\" content=\"Reverse Logistics f\u00fcr die Elektronikfertigung-Kruse\" \/>\n<meta property=\"og:description\" content=\"\u201eRevolutionieren Sie Ihren Retourenprozess mit Kruses Reverse Logistics for Electronic Manufacturing. Unsere End-to-End-L\u00f6sungen erm\u00f6glichen nahtlose Produktr\u00fcckgaben, Recycling und Reparaturen und verbessern so Ihre Nachhaltigkeit, Kosteneffizienz und Kundenzufriedenheit.\u201c\" \/>\n<meta property=\"og:url\" content=\"https:\/\/kruse.de\/de\/ruecknahmelogistik\/\" \/>\n<meta property=\"og:site_name\" content=\"Kruse electronic components | Obsolete electronic components\" \/>\n<meta property=\"article:modified_time\" content=\"2024-05-23T03:43:12+00:00\" \/>\n<meta property=\"og:image\" content=\"https:\/\/kruse.de\/wp-content\/uploads\/2021\/05\/reverse-logistics-1.jpg\" \/>\n\t<meta property=\"og:image:width\" content=\"768\" \/>\n\t<meta property=\"og:image:height\" content=\"256\" \/>\n\t<meta property=\"og:image:type\" content=\"image\/jpeg\" \/>\n<meta name=\"twitter:card\" content=\"summary_large_image\" \/>\n<meta name=\"twitter:label1\" content=\"Gesch\u00e4tzte Lesezeit\" \/>\n\t<meta name=\"twitter:data1\" content=\"1\u00a0Minute\" \/>\n<script type=\"application\/ld+json\" class=\"yoast-schema-graph\">{\"@context\":\"https:\\\/\\\/schema.org\",\"@graph\":[{\"@type\":\"WebPage\",\"@id\":\"https:\\\/\\\/kruse.de\\\/de\\\/ruecknahmelogistik\\\/\",\"url\":\"https:\\\/\\\/kruse.de\\\/de\\\/ruecknahmelogistik\\\/\",\"name\":\"Reverse Logistics f\u00fcr die Elektronikfertigung-Kruse\",\"isPartOf\":{\"@id\":\"https:\\\/\\\/kruse.de\\\/de\\\/#website\"},\"primaryImageOfPage\":{\"@id\":\"https:\\\/\\\/kruse.de\\\/de\\\/ruecknahmelogistik\\\/#primaryimage\"},\"image\":{\"@id\":\"https:\\\/\\\/kruse.de\\\/de\\\/ruecknahmelogistik\\\/#primaryimage\"},\"thumbnailUrl\":\"https:\\\/\\\/kruse.de\\\/wp-content\\\/uploads\\\/2021\\\/05\\\/reverse-logistics-1.jpg\",\"datePublished\":\"2021-07-13T11:29:08+00:00\",\"dateModified\":\"2024-05-23T03:43:12+00:00\",\"description\":\"\u201eRevolutionieren Sie Ihren Retourenprozess mit Kruses Reverse Logistics for Electronic Manufacturing. Unsere End-to-End-L\u00f6sungen erm\u00f6glichen nahtlose Produktr\u00fcckgaben, Recycling und Reparaturen und verbessern so Ihre Nachhaltigkeit, Kosteneffizienz und Kundenzufriedenheit.\u201c\",\"inLanguage\":\"de\",\"potentialAction\":[{\"@type\":\"ReadAction\",\"target\":[\"https:\\\/\\\/kruse.de\\\/de\\\/ruecknahmelogistik\\\/\"]}]},{\"@type\":\"ImageObject\",\"inLanguage\":\"de\",\"@id\":\"https:\\\/\\\/kruse.de\\\/de\\\/ruecknahmelogistik\\\/#primaryimage\",\"url\":\"https:\\\/\\\/kruse.de\\\/wp-content\\\/uploads\\\/2021\\\/05\\\/reverse-logistics-1.jpg\",\"contentUrl\":\"https:\\\/\\\/kruse.de\\\/wp-content\\\/uploads\\\/2021\\\/05\\\/reverse-logistics-1.jpg\",\"width\":768,\"height\":256},{\"@type\":\"WebSite\",\"@id\":\"https:\\\/\\\/kruse.de\\\/de\\\/#website\",\"url\":\"https:\\\/\\\/kruse.de\\\/de\\\/\",\"name\":\"Kruse electronic components | Obsolete electronic components\",\"description\":\"\",\"publisher\":{\"@id\":\"https:\\\/\\\/kruse.de\\\/de\\\/#organization\"},\"potentialAction\":[{\"@type\":\"SearchAction\",\"target\":{\"@type\":\"EntryPoint\",\"urlTemplate\":\"https:\\\/\\\/kruse.de\\\/de\\\/?s={search_term_string}\"},\"query-input\":{\"@type\":\"PropertyValueSpecification\",\"valueRequired\":true,\"valueName\":\"search_term_string\"}}],\"inLanguage\":\"de\"},{\"@type\":\"Organization\",\"@id\":\"https:\\\/\\\/kruse.de\\\/de\\\/#organization\",\"name\":\"Kruse electronic components | Obsolete electronic components\",\"url\":\"https:\\\/\\\/kruse.de\\\/de\\\/\",\"logo\":{\"@type\":\"ImageObject\",\"inLanguage\":\"de\",\"@id\":\"https:\\\/\\\/kruse.de\\\/de\\\/#\\\/schema\\\/logo\\\/image\\\/\",\"url\":\"https:\\\/\\\/kruse.de\\\/wp-content\\\/uploads\\\/2023\\\/05\\\/kruse-logo-0__1_-removebg-preview.png\",\"contentUrl\":\"https:\\\/\\\/kruse.de\\\/wp-content\\\/uploads\\\/2023\\\/05\\\/kruse-logo-0__1_-removebg-preview.png\",\"width\":250,\"height\":86,\"caption\":\"Kruse electronic components | Obsolete electronic components\"},\"image\":{\"@id\":\"https:\\\/\\\/kruse.de\\\/de\\\/#\\\/schema\\\/logo\\\/image\\\/\"}}]}<\/script>\n<!-- \/ Yoast SEO Premium plugin. -->","yoast_head_json":{"title":"Reverse Logistics f\u00fcr die Elektronikfertigung-Kruse","description":"\u201eRevolutionieren Sie Ihren Retourenprozess mit Kruses Reverse Logistics for Electronic Manufacturing. Unsere End-to-End-L\u00f6sungen erm\u00f6glichen nahtlose Produktr\u00fcckgaben, Recycling und Reparaturen und verbessern so Ihre Nachhaltigkeit, Kosteneffizienz und Kundenzufriedenheit.\u201c","robots":{"index":"index","follow":"follow","max-snippet":"max-snippet:-1","max-image-preview":"max-image-preview:large","max-video-preview":"max-video-preview:-1"},"canonical":"https:\/\/kruse.de\/de\/ruecknahmelogistik\/","og_locale":"de_DE","og_type":"article","og_title":"Reverse Logistics f\u00fcr die Elektronikfertigung-Kruse","og_description":"\u201eRevolutionieren Sie Ihren Retourenprozess mit Kruses Reverse Logistics for Electronic Manufacturing. Unsere End-to-End-L\u00f6sungen erm\u00f6glichen nahtlose Produktr\u00fcckgaben, Recycling und Reparaturen und verbessern so Ihre Nachhaltigkeit, Kosteneffizienz und Kundenzufriedenheit.\u201c","og_url":"https:\/\/kruse.de\/de\/ruecknahmelogistik\/","og_site_name":"Kruse electronic components | Obsolete electronic components","article_modified_time":"2024-05-23T03:43:12+00:00","og_image":[{"width":768,"height":256,"url":"https:\/\/kruse.de\/wp-content\/uploads\/2021\/05\/reverse-logistics-1.jpg","type":"image\/jpeg"}],"twitter_card":"summary_large_image","twitter_misc":{"Gesch\u00e4tzte Lesezeit":"1\u00a0Minute"},"schema":{"@context":"https:\/\/schema.org","@graph":[{"@type":"WebPage","@id":"https:\/\/kruse.de\/de\/ruecknahmelogistik\/","url":"https:\/\/kruse.de\/de\/ruecknahmelogistik\/","name":"Reverse Logistics f\u00fcr die Elektronikfertigung-Kruse","isPartOf":{"@id":"https:\/\/kruse.de\/de\/#website"},"primaryImageOfPage":{"@id":"https:\/\/kruse.de\/de\/ruecknahmelogistik\/#primaryimage"},"image":{"@id":"https:\/\/kruse.de\/de\/ruecknahmelogistik\/#primaryimage"},"thumbnailUrl":"https:\/\/kruse.de\/wp-content\/uploads\/2021\/05\/reverse-logistics-1.jpg","datePublished":"2021-07-13T11:29:08+00:00","dateModified":"2024-05-23T03:43:12+00:00","description":"\u201eRevolutionieren Sie Ihren Retourenprozess mit Kruses Reverse Logistics for Electronic Manufacturing. Unsere End-to-End-L\u00f6sungen erm\u00f6glichen nahtlose Produktr\u00fcckgaben, Recycling und Reparaturen und verbessern so Ihre Nachhaltigkeit, Kosteneffizienz und Kundenzufriedenheit.\u201c","inLanguage":"de","potentialAction":[{"@type":"ReadAction","target":["https:\/\/kruse.de\/de\/ruecknahmelogistik\/"]}]},{"@type":"ImageObject","inLanguage":"de","@id":"https:\/\/kruse.de\/de\/ruecknahmelogistik\/#primaryimage","url":"https:\/\/kruse.de\/wp-content\/uploads\/2021\/05\/reverse-logistics-1.jpg","contentUrl":"https:\/\/kruse.de\/wp-content\/uploads\/2021\/05\/reverse-logistics-1.jpg","width":768,"height":256},{"@type":"WebSite","@id":"https:\/\/kruse.de\/de\/#website","url":"https:\/\/kruse.de\/de\/","name":"Kruse electronic components | Obsolete electronic components","description":"","publisher":{"@id":"https:\/\/kruse.de\/de\/#organization"},"potentialAction":[{"@type":"SearchAction","target":{"@type":"EntryPoint","urlTemplate":"https:\/\/kruse.de\/de\/?s={search_term_string}"},"query-input":{"@type":"PropertyValueSpecification","valueRequired":true,"valueName":"search_term_string"}}],"inLanguage":"de"},{"@type":"Organization","@id":"https:\/\/kruse.de\/de\/#organization","name":"Kruse electronic components | Obsolete electronic components","url":"https:\/\/kruse.de\/de\/","logo":{"@type":"ImageObject","inLanguage":"de","@id":"https:\/\/kruse.de\/de\/#\/schema\/logo\/image\/","url":"https:\/\/kruse.de\/wp-content\/uploads\/2023\/05\/kruse-logo-0__1_-removebg-preview.png","contentUrl":"https:\/\/kruse.de\/wp-content\/uploads\/2023\/05\/kruse-logo-0__1_-removebg-preview.png","width":250,"height":86,"caption":"Kruse electronic components | Obsolete electronic components"},"image":{"@id":"https:\/\/kruse.de\/de\/#\/schema\/logo\/image\/"}}]}},"_links":{"self":[{"href":"https:\/\/kruse.de\/de\/wp-json\/wp\/v2\/pages\/13801","targetHints":{"allow":["GET"]}}],"collection":[{"href":"https:\/\/kruse.de\/de\/wp-json\/wp\/v2\/pages"}],"about":[{"href":"https:\/\/kruse.de\/de\/wp-json\/wp\/v2\/types\/page"}],"author":[{"embeddable":true,"href":"https:\/\/kruse.de\/de\/wp-json\/wp\/v2\/users\/2"}],"replies":[{"embeddable":true,"href":"https:\/\/kruse.de\/de\/wp-json\/wp\/v2\/comments?post=13801"}],"version-history":[{"count":1,"href":"https:\/\/kruse.de\/de\/wp-json\/wp\/v2\/pages\/13801\/revisions"}],"predecessor-version":[{"id":13802,"href":"https:\/\/kruse.de\/de\/wp-json\/wp\/v2\/pages\/13801\/revisions\/13802"}],"wp:featuredmedia":[{"embeddable":true,"href":"https:\/\/kruse.de\/de\/wp-json\/wp\/v2\/media\/13355"}],"wp:attachment":[{"href":"https:\/\/kruse.de\/de\/wp-json\/wp\/v2\/media?parent=13801"}],"curies":[{"name":"wp","href":"https:\/\/api.w.org\/{rel}","templated":true}]}}