{"id":13715,"date":"2023-09-19T04:33:36","date_gmt":"2023-09-19T04:33:36","guid":{"rendered":"https:\/\/kruse.de\/unser-team\/"},"modified":"2024-05-01T02:38:12","modified_gmt":"2024-05-01T02:38:12","slug":"unser-team","status":"publish","type":"page","link":"https:\/\/kruse.de\/de\/unser-team\/","title":{"rendered":"Unser Team"},"content":{"rendered":"\n<p>Seit der Gr\u00fcndung im Jahr 1951 ist Kruse Electronics ein Familienunternehmen, das in zweiter Generation gef\u00fchrt wird. Unser Management repr\u00e4sentiert sowohl die traditionellen Werte eines Familienunternehmens als auch die Innovationskraft eines Branchenf\u00fchrers.<\/p>\n \r\n\r\n\t\t<div class=\"wp-tsas-wrp tsas-enable-popup \" id=\"tsas-wrp-1\">\r\n\t  \t\t<div class=\"wp_teamshowcase_grid design-1\">\r\n\t\t\t\t\r\n<div class=\"team-grid tsas-first wp-tsas-medium-4 wp-tsas-columns\">\r\n\r\n\t\t\t<div class=\"teamshowcase-image-bg\">\r\n\t\t\t<img decoding=\"async\"  src=\"https:\/\/kruse.de\/wp-content\/uploads\/2025\/09\/IMG_4702.jpg\" alt=\"Nico Dzemailov\" \/>\r\n\t\t\t\t\t\t<a class=\"teamshowcase-hover-icon popup-modal\" data-mfp-src=\"#popup-1-1\" href=\"javascript:void(0);\"><i class=\"fa fa-plus-circle\"><\/i><\/a>\r\n\t\t\t\t\t<\/div>\r\n\t\r\n\t<div class=\"member-content\">\r\n\t\t<div class=\"member-name\">Nico Dzemailov<\/div>\r\n\t\t\r\n\t\t<div class=\"member-desc\"> \r\n\t\t\t<p><strong>Tel:<\/strong> <a href=\"tel:4917666048861\">+49 176 66048861<\/a><br \/>\n<strong>Email:<\/strong>\u00a0<a href=\"mailto:NDzemailov@Kruse.de\">NDzemailov@Kruse.de<\/a><\/p>\n \r\n\t\t<\/div>\r\n\t\t\t<\/div>\r\n\r\n\t<\/div>\r\n<div id=\"popup-1-1\" class=\"mfp-hide white-popup-block wp-tsas-popup-wrp\">\r\n\t<header>\r\n\t\t<div class=\"wp-modal-header ng-scope\" style=\"background:url(https:\/\/kruse.de\/wp-content\/uploads\/2025\/09\/IMG_4702.jpg) center top no-repeat;\">\r\n\t\t\t<div class=\"member-popup-info\">\r\n\t\t\t\t<div class=\"member-name\">Nico Dzemailov<\/div>\r\n\t\t\t\t\t\t\t<\/div>\r\n\t\t<\/div>\r\n\t<\/header>\r\n\r\n\t<div class=\"wp-modal-body\">\r\n\t\t<p><strong>Tel:<\/strong> <a href=\"tel:4917666048861\">+49 176 66048861<\/a><br \/>\n<strong>Email:<\/strong>\u00a0<a href=\"mailto:NDzemailov@Kruse.de\">NDzemailov@Kruse.de<\/a><\/p>\n\t<\/div>\r\n\r\n<\/div>\r\n<div class=\"team-grid wp-tsas-medium-4 wp-tsas-columns\">\r\n\r\n\t\t\t<div class=\"teamshowcase-image-bg\">\r\n\t\t\t<img decoding=\"async\"  src=\"https:\/\/kruse.de\/wp-content\/uploads\/2023\/09\/Alexander-Kruse-New.jpg\" alt=\"Alexander Kruse\" \/>\r\n\t\t\t\t\t\t<a class=\"teamshowcase-hover-icon popup-modal\" data-mfp-src=\"#popup-1-2\" href=\"javascript:void(0);\"><i class=\"fa fa-plus-circle\"><\/i><\/a>\r\n\t\t\t\t\t<\/div>\r\n\t\r\n\t<div class=\"member-content\">\r\n\t\t<div class=\"member-name\">Alexander Kruse<\/div>\r\n\t\t\r\n\t\t<div class=\"member-desc\"> \r\n\t\t\t<p><strong>Tel:<\/strong> <a href=\"tel:4921127403531\">+49-211-27403531<\/a><br \/>\n<strong>Email:<\/strong>\u00a0<a href=\"mailto:akruse@kruse.de\">akruse@kruse.de<\/a><\/p>\n \r\n\t\t<\/div>\r\n\t\t\t<\/div>\r\n\r\n\t<\/div>\r\n<div id=\"popup-1-2\" class=\"mfp-hide white-popup-block wp-tsas-popup-wrp\">\r\n\t<header>\r\n\t\t<div class=\"wp-modal-header ng-scope\" style=\"background:url(https:\/\/kruse.de\/wp-content\/uploads\/2023\/09\/Alexander-Kruse-New.jpg) center top no-repeat;\">\r\n\t\t\t<div class=\"member-popup-info\">\r\n\t\t\t\t<div class=\"member-name\">Alexander Kruse<\/div>\r\n\t\t\t\t\t\t\t<\/div>\r\n\t\t<\/div>\r\n\t<\/header>\r\n\r\n\t<div class=\"wp-modal-body\">\r\n\t\t<p><strong>Tel:<\/strong> <a href=\"tel:4921127403531\">+49-211-27403531<\/a><br \/>\n<strong>Email:<\/strong>\u00a0<a href=\"mailto:akruse@kruse.de\">akruse@kruse.de<\/a><\/p>\n\t<\/div>\r\n\r\n<\/div>\r\n<div class=\"team-grid tsas-last wp-tsas-medium-4 wp-tsas-columns\">\r\n\r\n\t\t\t<div class=\"teamshowcase-image-bg\">\r\n\t\t\t<img decoding=\"async\"  src=\"https:\/\/kruse.de\/wp-content\/uploads\/2023\/09\/Aleksandra-Bilic-New.jpg\" alt=\"Aleksandra Bilic\" \/>\r\n\t\t\t\t\t\t<a class=\"teamshowcase-hover-icon popup-modal\" data-mfp-src=\"#popup-1-3\" href=\"javascript:void(0);\"><i class=\"fa fa-plus-circle\"><\/i><\/a>\r\n\t\t\t\t\t<\/div>\r\n\t\r\n\t<div class=\"member-content\">\r\n\t\t<div class=\"member-name\">Aleksandra Bilic<\/div>\r\n\t\t\r\n\t\t<div class=\"member-desc\"> \r\n\t\t\t\t\t\t\t<strong>Tel:<\/strong> <a href=\"tel:49211-27403535\">+49-211- 27403535<\/a>\r\n<strong>Email:<\/strong>\u00a0<a href=\"mailto:abilic@kruse.de\">abilic@kruse.de<\/a>\t\t\t \r\n\t\t<\/div>\r\n\t\t\t<\/div>\r\n\r\n\t<\/div>\r\n<div id=\"popup-1-3\" class=\"mfp-hide white-popup-block wp-tsas-popup-wrp\">\r\n\t<header>\r\n\t\t<div class=\"wp-modal-header ng-scope\" style=\"background:url(https:\/\/kruse.de\/wp-content\/uploads\/2023\/09\/Aleksandra-Bilic-New.jpg) center top no-repeat;\">\r\n\t\t\t<div class=\"member-popup-info\">\r\n\t\t\t\t<div class=\"member-name\">Aleksandra Bilic<\/div>\r\n\t\t\t\t\t\t\t<\/div>\r\n\t\t<\/div>\r\n\t<\/header>\r\n\r\n\t<div class=\"wp-modal-body\">\r\n\t\t<p><strong>Tel:<\/strong> <a href=\"tel:49211-27403535\">+49-211- 27403535<\/a><br \/>\n<strong>Email:<\/strong>\u00a0<a href=\"mailto:abilic@kruse.de\">abilic@kruse.de<\/a><\/p>\n\t<\/div>\r\n\r\n<\/div>\r\n<div class=\"team-grid tsas-first wp-tsas-medium-4 wp-tsas-columns\">\r\n\r\n\t\t\t<div class=\"teamshowcase-image-bg\">\r\n\t\t\t<img decoding=\"async\"  src=\"https:\/\/kruse.de\/wp-content\/uploads\/2023\/09\/Anna-Mercati-New-1.jpg\" alt=\"Anna Mercati\" \/>\r\n\t\t\t\t\t\t<a class=\"teamshowcase-hover-icon popup-modal\" data-mfp-src=\"#popup-1-4\" href=\"javascript:void(0);\"><i class=\"fa fa-plus-circle\"><\/i><\/a>\r\n\t\t\t\t\t<\/div>\r\n\t\r\n\t<div class=\"member-content\">\r\n\t\t<div class=\"member-name\">Anna Mercati<\/div>\r\n\t\t\r\n\t\t<div class=\"member-desc\"> \r\n\t\t\t<p><strong>Tel:<\/strong> <a href=\"tel:4921127403531\">+49-211- 27403531<\/a><br \/>\n<strong>Email:<\/strong>\u00a0<a href=\"mailto:amercati@kruse.de\">amercati@kruse.de<\/a><\/p>\n \r\n\t\t<\/div>\r\n\t\t\t<\/div>\r\n\r\n\t<\/div>\r\n<div id=\"popup-1-4\" class=\"mfp-hide white-popup-block wp-tsas-popup-wrp\">\r\n\t<header>\r\n\t\t<div class=\"wp-modal-header ng-scope\" style=\"background:url(https:\/\/kruse.de\/wp-content\/uploads\/2023\/09\/Anna-Mercati-New-1.jpg) center top no-repeat;\">\r\n\t\t\t<div class=\"member-popup-info\">\r\n\t\t\t\t<div class=\"member-name\">Anna Mercati<\/div>\r\n\t\t\t\t\t\t\t<\/div>\r\n\t\t<\/div>\r\n\t<\/header>\r\n\r\n\t<div class=\"wp-modal-body\">\r\n\t\t<p><strong>Tel:<\/strong> <a href=\"tel:4921127403531\">+49-211- 27403531<\/a><br \/>\n<strong>Email:<\/strong>\u00a0<a href=\"mailto:amercati@kruse.de\">amercati@kruse.de<\/a><\/p>\n\t<\/div>\r\n\r\n<\/div>\r\n<div class=\"team-grid wp-tsas-medium-4 wp-tsas-columns\">\r\n\r\n\t\t\t<div class=\"teamshowcase-image-bg\">\r\n\t\t\t<img decoding=\"async\"  src=\"https:\/\/kruse.de\/wp-content\/uploads\/2023\/09\/Klaus-P.-Kruse-New.jpg\" alt=\"Klaus P. Kruse\" \/>\r\n\t\t\t\t\t\t<a class=\"teamshowcase-hover-icon popup-modal\" data-mfp-src=\"#popup-1-5\" href=\"javascript:void(0);\"><i class=\"fa fa-plus-circle\"><\/i><\/a>\r\n\t\t\t\t\t<\/div>\r\n\t\r\n\t<div class=\"member-content\">\r\n\t\t<div class=\"member-name\">Klaus P. Kruse<\/div>\r\n\t\t\r\n\t\t<div class=\"member-desc\"> \r\n\t\t\t<p><strong>Tel:<\/strong> <a href=\"tel:4921127403536\">+49 211 27403536<\/a><br \/>\n<strong>Email:<\/strong>\u00a0<a href=\"mailto:kkruse@kruse.de\">kkruse@kruse.de<\/a><\/p>\n \r\n\t\t<\/div>\r\n\t\t\t<\/div>\r\n\r\n\t<\/div>\r\n<div id=\"popup-1-5\" class=\"mfp-hide white-popup-block wp-tsas-popup-wrp\">\r\n\t<header>\r\n\t\t<div class=\"wp-modal-header ng-scope\" style=\"background:url(https:\/\/kruse.de\/wp-content\/uploads\/2023\/09\/Klaus-P.-Kruse-New.jpg) center top no-repeat;\">\r\n\t\t\t<div class=\"member-popup-info\">\r\n\t\t\t\t<div class=\"member-name\">Klaus P. Kruse<\/div>\r\n\t\t\t\t\t\t\t<\/div>\r\n\t\t<\/div>\r\n\t<\/header>\r\n\r\n\t<div class=\"wp-modal-body\">\r\n\t\t<p><strong>Tel:<\/strong> <a href=\"tel:4921127403536\">+49 211 27403536<\/a><br \/>\n<strong>Email:<\/strong>\u00a0<a href=\"mailto:kkruse@kruse.de\">kkruse@kruse.de<\/a><\/p>\n\t<\/div>\r\n\r\n<\/div>\r\n<div class=\"team-grid tsas-last wp-tsas-medium-4 wp-tsas-columns\">\r\n\r\n\t\t\t<div class=\"teamshowcase-image-bg\">\r\n\t\t\t<img decoding=\"async\"  src=\"https:\/\/kruse.de\/wp-content\/uploads\/2023\/09\/Michele-Radici-New.jpg\" alt=\"Michele Radici\" \/>\r\n\t\t\t\t\t\t<a class=\"teamshowcase-hover-icon popup-modal\" data-mfp-src=\"#popup-1-6\" href=\"javascript:void(0);\"><i class=\"fa fa-plus-circle\"><\/i><\/a>\r\n\t\t\t\t\t<\/div>\r\n\t\r\n\t<div class=\"member-content\">\r\n\t\t<div class=\"member-name\">Michele Radici<\/div>\r\n\t\t\r\n\t\t<div class=\"member-desc\"> \r\n\t\t\t<p><strong>Tel:<\/strong> <a href=\"tel:393351298930\">+39 335 1298930<\/a><br \/>\n<strong>Email:<\/strong>\u00a0<a href=\"mailto:micheleradici@tim.it\">micheleradici@tim.it<\/a><\/p>\n \r\n\t\t<\/div>\r\n\t\t\t<\/div>\r\n\r\n\t<\/div>\r\n<div id=\"popup-1-6\" class=\"mfp-hide white-popup-block wp-tsas-popup-wrp\">\r\n\t<header>\r\n\t\t<div class=\"wp-modal-header ng-scope\" style=\"background:url(https:\/\/kruse.de\/wp-content\/uploads\/2023\/09\/Michele-Radici-New.jpg) center top no-repeat;\">\r\n\t\t\t<div class=\"member-popup-info\">\r\n\t\t\t\t<div class=\"member-name\">Michele Radici<\/div>\r\n\t\t\t\t\t\t\t<\/div>\r\n\t\t<\/div>\r\n\t<\/header>\r\n\r\n\t<div class=\"wp-modal-body\">\r\n\t\t<p><strong>Tel:<\/strong> <a href=\"tel:393351298930\">+39 335 1298930<\/a><br \/>\n<strong>Email:<\/strong>\u00a0<a href=\"mailto:micheleradici@tim.it\">micheleradici@tim.it<\/a><\/p>\n\t<\/div>\r\n\r\n<\/div>\r\n<div class=\"team-grid tsas-first wp-tsas-medium-4 wp-tsas-columns\">\r\n\r\n\t\t\t<div class=\"teamshowcase-image-bg\">\r\n\t\t\t<img decoding=\"async\"  src=\"https:\/\/kruse.de\/wp-content\/uploads\/2023\/09\/vincent-RABOTIN.jpg\" alt=\"Vincent Rabotin\" \/>\r\n\t\t\t\t\t\t<a class=\"teamshowcase-hover-icon popup-modal\" data-mfp-src=\"#popup-1-7\" href=\"javascript:void(0);\"><i class=\"fa fa-plus-circle\"><\/i><\/a>\r\n\t\t\t\t\t<\/div>\r\n\t\r\n\t<div class=\"member-content\">\r\n\t\t<div class=\"member-name\">Vincent Rabotin<\/div>\r\n\t\t\r\n\t\t<div class=\"member-desc\"> \r\n\t\t\t<p><strong>Tel<\/strong>: + <a href=\"tel:330767170046\">33 (0)7 6717 0046<\/a><br \/>\n<strong>Email<\/strong>: <a href=\"mailto:vrabotin@kruse.de\">vrabotin@kruse.de<\/a><\/p>\n \r\n\t\t<\/div>\r\n\t\t\t<\/div>\r\n\r\n\t<\/div>\r\n<div id=\"popup-1-7\" class=\"mfp-hide white-popup-block wp-tsas-popup-wrp\">\r\n\t<header>\r\n\t\t<div class=\"wp-modal-header ng-scope\" style=\"background:url(https:\/\/kruse.de\/wp-content\/uploads\/2023\/09\/vincent-RABOTIN.jpg) center top no-repeat;\">\r\n\t\t\t<div class=\"member-popup-info\">\r\n\t\t\t\t<div class=\"member-name\">Vincent Rabotin<\/div>\r\n\t\t\t\t\t\t\t<\/div>\r\n\t\t<\/div>\r\n\t<\/header>\r\n\r\n\t<div class=\"wp-modal-body\">\r\n\t\t<p><strong>Tel<\/strong>: + <a href=\"tel:330767170046\">33 (0)7 6717 0046<\/a><br \/>\n<strong>Email<\/strong>: <a href=\"mailto:vrabotin@kruse.de\">vrabotin@kruse.de<\/a><\/p>\n\t<\/div>\r\n\r\n<\/div>\t\t\t<\/div>\r\n\t\t<\/div>\r\n\t\n\n<p><\/p>\n","protected":false},"excerpt":{"rendered":"<p>Seit der Gr\u00fcndung im Jahr 1951 ist Kruse Electronics ein Familienunternehmen, das in zweiter Generation gef\u00fchrt wird. Unser Management repr\u00e4sentiert sowohl die traditionellen Werte eines Familienunternehmens als auch die Innovationskraft eines Branchenf\u00fchrers.<\/p>\n","protected":false},"author":2,"featured_media":0,"parent":0,"menu_order":0,"comment_status":"closed","ping_status":"closed","template":"","meta":{"site-sidebar-layout":"default","site-content-layout":"","ast-site-content-layout":"default","site-content-style":"default","site-sidebar-style":"default","ast-global-header-display":"","ast-banner-title-visibility":"","ast-main-header-display":"","ast-hfb-above-header-display":"","ast-hfb-below-header-display":"","ast-hfb-mobile-header-display":"","site-post-title":"","ast-breadcrumbs-content":"","ast-featured-img":"","footer-sml-layout":"","ast-disable-related-posts":"","theme-transparent-header-meta":"","adv-header-id-meta":"","stick-header-meta":"","header-above-stick-meta":"","header-main-stick-meta":"","header-below-stick-meta":"","astra-migrate-meta-layouts":"default","ast-page-background-enabled":"default","ast-page-background-meta":{"desktop":{"background-color":"var(--ast-global-color-4)","background-image":"","background-repeat":"repeat","background-position":"center center","background-size":"auto","background-attachment":"scroll","background-type":"","background-media":"","overlay-type":"","overlay-color":"","overlay-opacity":"","overlay-gradient":""},"tablet":{"background-color":"","background-image":"","background-repeat":"repeat","background-position":"center center","background-size":"auto","background-attachment":"scroll","background-type":"","background-media":"","overlay-type":"","overlay-color":"","overlay-opacity":"","overlay-gradient":""},"mobile":{"background-color":"","background-image":"","background-repeat":"repeat","background-position":"center center","background-size":"auto","background-attachment":"scroll","background-type":"","background-media":"","overlay-type":"","overlay-color":"","overlay-opacity":"","overlay-gradient":""}},"ast-content-background-meta":{"desktop":{"background-color":"var(--ast-global-color-5)","background-image":"","background-repeat":"repeat","background-position":"center center","background-size":"auto","background-attachment":"scroll","background-type":"","background-media":"","overlay-type":"","overlay-color":"","overlay-opacity":"","overlay-gradient":""},"tablet":{"background-color":"var(--ast-global-color-5)","background-image":"","background-repeat":"repeat","background-position":"center center","background-size":"auto","background-attachment":"scroll","background-type":"","background-media":"","overlay-type":"","overlay-color":"","overlay-opacity":"","overlay-gradient":""},"mobile":{"background-color":"var(--ast-global-color-5)","background-image":"","background-repeat":"repeat","background-position":"center center","background-size":"auto","background-attachment":"scroll","background-type":"","background-media":"","overlay-type":"","overlay-color":"","overlay-opacity":"","overlay-gradient":""}},"footnotes":""},"class_list":["post-13715","page","type-page","status-publish","hentry"],"yoast_head":"<!-- This site is optimized with the Yoast SEO Premium plugin v23.0 (Yoast SEO v27.4) - https:\/\/yoast.com\/product\/yoast-seo-premium-wordpress\/ -->\n<title>Unser Team - Kruse electronic components | Obsolete electronic components<\/title>\n<meta name=\"robots\" content=\"index, follow, max-snippet:-1, max-image-preview:large, max-video-preview:-1\" \/>\n<link rel=\"canonical\" href=\"https:\/\/kruse.de\/de\/unser-team\/\" \/>\n<meta property=\"og:locale\" content=\"de_DE\" \/>\n<meta property=\"og:type\" content=\"article\" \/>\n<meta property=\"og:title\" content=\"Unser Team - Kruse electronic components | Obsolete electronic components\" \/>\n<meta property=\"og:description\" content=\"Seit der Gr\u00fcndung im Jahr 1951 ist Kruse Electronics ein Familienunternehmen, das in zweiter Generation gef\u00fchrt wird. Unser Management repr\u00e4sentiert sowohl die traditionellen Werte eines Familienunternehmens als auch die Innovationskraft eines Branchenf\u00fchrers.\" \/>\n<meta property=\"og:url\" content=\"https:\/\/kruse.de\/de\/unser-team\/\" \/>\n<meta property=\"og:site_name\" content=\"Kruse electronic components | Obsolete electronic components\" \/>\n<meta property=\"article:modified_time\" content=\"2024-05-01T02:38:12+00:00\" \/>\n<meta name=\"twitter:card\" content=\"summary_large_image\" \/>\n<script type=\"application\/ld+json\" class=\"yoast-schema-graph\">{\"@context\":\"https:\\\/\\\/schema.org\",\"@graph\":[{\"@type\":\"WebPage\",\"@id\":\"https:\\\/\\\/kruse.de\\\/de\\\/unser-team\\\/\",\"url\":\"https:\\\/\\\/kruse.de\\\/de\\\/unser-team\\\/\",\"name\":\"Unser Team - Kruse electronic components | Obsolete electronic components\",\"isPartOf\":{\"@id\":\"https:\\\/\\\/kruse.de\\\/de\\\/#website\"},\"datePublished\":\"2023-09-19T04:33:36+00:00\",\"dateModified\":\"2024-05-01T02:38:12+00:00\",\"inLanguage\":\"de\",\"potentialAction\":[{\"@type\":\"ReadAction\",\"target\":[\"https:\\\/\\\/kruse.de\\\/de\\\/unser-team\\\/\"]}]},{\"@type\":\"WebSite\",\"@id\":\"https:\\\/\\\/kruse.de\\\/de\\\/#website\",\"url\":\"https:\\\/\\\/kruse.de\\\/de\\\/\",\"name\":\"Kruse electronic components | Obsolete electronic components\",\"description\":\"\",\"publisher\":{\"@id\":\"https:\\\/\\\/kruse.de\\\/de\\\/#organization\"},\"potentialAction\":[{\"@type\":\"SearchAction\",\"target\":{\"@type\":\"EntryPoint\",\"urlTemplate\":\"https:\\\/\\\/kruse.de\\\/de\\\/?s={search_term_string}\"},\"query-input\":{\"@type\":\"PropertyValueSpecification\",\"valueRequired\":true,\"valueName\":\"search_term_string\"}}],\"inLanguage\":\"de\"},{\"@type\":\"Organization\",\"@id\":\"https:\\\/\\\/kruse.de\\\/de\\\/#organization\",\"name\":\"Kruse electronic components | Obsolete electronic components\",\"url\":\"https:\\\/\\\/kruse.de\\\/de\\\/\",\"logo\":{\"@type\":\"ImageObject\",\"inLanguage\":\"de\",\"@id\":\"https:\\\/\\\/kruse.de\\\/de\\\/#\\\/schema\\\/logo\\\/image\\\/\",\"url\":\"https:\\\/\\\/kruse.de\\\/wp-content\\\/uploads\\\/2023\\\/05\\\/kruse-logo-0__1_-removebg-preview.png\",\"contentUrl\":\"https:\\\/\\\/kruse.de\\\/wp-content\\\/uploads\\\/2023\\\/05\\\/kruse-logo-0__1_-removebg-preview.png\",\"width\":250,\"height\":86,\"caption\":\"Kruse electronic components | Obsolete electronic components\"},\"image\":{\"@id\":\"https:\\\/\\\/kruse.de\\\/de\\\/#\\\/schema\\\/logo\\\/image\\\/\"}}]}<\/script>\n<!-- \/ Yoast SEO Premium plugin. -->","yoast_head_json":{"title":"Unser Team - Kruse electronic components | Obsolete electronic components","robots":{"index":"index","follow":"follow","max-snippet":"max-snippet:-1","max-image-preview":"max-image-preview:large","max-video-preview":"max-video-preview:-1"},"canonical":"https:\/\/kruse.de\/de\/unser-team\/","og_locale":"de_DE","og_type":"article","og_title":"Unser Team - Kruse electronic components | Obsolete electronic components","og_description":"Seit der Gr\u00fcndung im Jahr 1951 ist Kruse Electronics ein Familienunternehmen, das in zweiter Generation gef\u00fchrt wird. Unser Management repr\u00e4sentiert sowohl die traditionellen Werte eines Familienunternehmens als auch die Innovationskraft eines Branchenf\u00fchrers.","og_url":"https:\/\/kruse.de\/de\/unser-team\/","og_site_name":"Kruse electronic components | Obsolete electronic components","article_modified_time":"2024-05-01T02:38:12+00:00","twitter_card":"summary_large_image","schema":{"@context":"https:\/\/schema.org","@graph":[{"@type":"WebPage","@id":"https:\/\/kruse.de\/de\/unser-team\/","url":"https:\/\/kruse.de\/de\/unser-team\/","name":"Unser Team - Kruse electronic components | Obsolete electronic components","isPartOf":{"@id":"https:\/\/kruse.de\/de\/#website"},"datePublished":"2023-09-19T04:33:36+00:00","dateModified":"2024-05-01T02:38:12+00:00","inLanguage":"de","potentialAction":[{"@type":"ReadAction","target":["https:\/\/kruse.de\/de\/unser-team\/"]}]},{"@type":"WebSite","@id":"https:\/\/kruse.de\/de\/#website","url":"https:\/\/kruse.de\/de\/","name":"Kruse electronic components | Obsolete electronic components","description":"","publisher":{"@id":"https:\/\/kruse.de\/de\/#organization"},"potentialAction":[{"@type":"SearchAction","target":{"@type":"EntryPoint","urlTemplate":"https:\/\/kruse.de\/de\/?s={search_term_string}"},"query-input":{"@type":"PropertyValueSpecification","valueRequired":true,"valueName":"search_term_string"}}],"inLanguage":"de"},{"@type":"Organization","@id":"https:\/\/kruse.de\/de\/#organization","name":"Kruse electronic components | Obsolete electronic components","url":"https:\/\/kruse.de\/de\/","logo":{"@type":"ImageObject","inLanguage":"de","@id":"https:\/\/kruse.de\/de\/#\/schema\/logo\/image\/","url":"https:\/\/kruse.de\/wp-content\/uploads\/2023\/05\/kruse-logo-0__1_-removebg-preview.png","contentUrl":"https:\/\/kruse.de\/wp-content\/uploads\/2023\/05\/kruse-logo-0__1_-removebg-preview.png","width":250,"height":86,"caption":"Kruse electronic components | Obsolete electronic components"},"image":{"@id":"https:\/\/kruse.de\/de\/#\/schema\/logo\/image\/"}}]}},"_links":{"self":[{"href":"https:\/\/kruse.de\/de\/wp-json\/wp\/v2\/pages\/13715","targetHints":{"allow":["GET"]}}],"collection":[{"href":"https:\/\/kruse.de\/de\/wp-json\/wp\/v2\/pages"}],"about":[{"href":"https:\/\/kruse.de\/de\/wp-json\/wp\/v2\/types\/page"}],"author":[{"embeddable":true,"href":"https:\/\/kruse.de\/de\/wp-json\/wp\/v2\/users\/2"}],"replies":[{"embeddable":true,"href":"https:\/\/kruse.de\/de\/wp-json\/wp\/v2\/comments?post=13715"}],"version-history":[{"count":3,"href":"https:\/\/kruse.de\/de\/wp-json\/wp\/v2\/pages\/13715\/revisions"}],"predecessor-version":[{"id":13718,"href":"https:\/\/kruse.de\/de\/wp-json\/wp\/v2\/pages\/13715\/revisions\/13718"}],"wp:attachment":[{"href":"https:\/\/kruse.de\/de\/wp-json\/wp\/v2\/media?parent=13715"}],"curies":[{"name":"wp","href":"https:\/\/api.w.org\/{rel}","templated":true}]}}