{"id":13709,"date":"2021-02-24T12:14:05","date_gmt":"2021-02-24T12:14:05","guid":{"rendered":"https:\/\/kruse.de\/philosophie\/"},"modified":"2024-05-01T02:35:13","modified_gmt":"2024-05-01T02:35:13","slug":"philosophie","status":"publish","type":"page","link":"https:\/\/kruse.de\/de\/philosophie\/","title":{"rendered":"Philosophie"},"content":{"rendered":"\t\t<div data-elementor-type=\"wp-post\" data-elementor-id=\"13709\" class=\"elementor elementor-13709 elementor-1235\" data-elementor-post-type=\"page\">\n\t\t\t\t\t\t<section class=\"elementor-section elementor-top-section elementor-element elementor-element-cb12b4c elementor-section-boxed elementor-section-height-default elementor-section-height-default\" data-id=\"cb12b4c\" data-element_type=\"section\" data-e-type=\"section\">\n\t\t\t\t\t\t<div class=\"elementor-container elementor-column-gap-default\">\n\t\t\t\t\t<div class=\"elementor-column elementor-col-100 elementor-top-column elementor-element elementor-element-87d2195\" data-id=\"87d2195\" data-element_type=\"column\" data-e-type=\"column\">\n\t\t\t<div class=\"elementor-widget-wrap elementor-element-populated\">\n\t\t\t\t\t\t<div class=\"elementor-element elementor-element-1f26bca elementor-widget elementor-widget-heading\" data-id=\"1f26bca\" data-element_type=\"widget\" data-e-type=\"widget\" data-widget_type=\"heading.default\">\n\t\t\t\t<div class=\"elementor-widget-container\">\n\t\t\t\t\t<h2 class=\"elementor-heading-title elementor-size-default\">Wir arbeiten f\u00fcr ein klares Ziel: Vertrauen und Erfolg<\/h2>\t\t\t\t<\/div>\n\t\t\t\t<\/div>\n\t\t\t\t\t<\/div>\n\t\t<\/div>\n\t\t\t\t\t<\/div>\n\t\t<\/section>\n\t\t\t\t<section class=\"elementor-section elementor-top-section elementor-element elementor-element-101dad1 elementor-section-boxed elementor-section-height-default elementor-section-height-default\" data-id=\"101dad1\" data-element_type=\"section\" data-e-type=\"section\">\n\t\t\t\t\t\t<div class=\"elementor-container elementor-column-gap-default\">\n\t\t\t\t\t<div class=\"elementor-column elementor-col-100 elementor-top-column elementor-element elementor-element-1fd29ff\" data-id=\"1fd29ff\" data-element_type=\"column\" data-e-type=\"column\">\n\t\t\t<div class=\"elementor-widget-wrap elementor-element-populated\">\n\t\t\t\t\t\t<div class=\"elementor-element elementor-element-2da61bb elementor-widget elementor-widget-text-editor\" data-id=\"2da61bb\" data-element_type=\"widget\" data-e-type=\"widget\" data-widget_type=\"text-editor.default\">\n\t\t\t\t<div class=\"elementor-widget-container\">\n\t\t\t\t\t\t\t\t\tBasierend auf unserer Kernkompetenz im Bereich elektronischer Bauelemente bieten wir unseren Kunden ein weltweit einzigartiges Produkt- und L\u00f6sungsportfolio von elektronischen Bauelementen auf Leiterplattenebene und Dienstleistungen.\n\n\t\t\t\t\t\t\t\t<\/div>\n\t\t\t\t<\/div>\n\t\t\t\t<div class=\"elementor-element elementor-element-834a429 elementor-widget elementor-widget-text-editor\" data-id=\"834a429\" data-element_type=\"widget\" data-e-type=\"widget\" data-widget_type=\"text-editor.default\">\n\t\t\t\t<div class=\"elementor-widget-container\">\n\t\t\t\t\t\t\t\t\tKarl Kruse ist ein verantwortungsbewusstes Familienunternehmen, das Nachhaltigkeit und Traditionsbewusstsein f\u00f6rdert &#8211; Ihre Ziele bestimmen unsere t\u00e4gliche Arbeit. Deshalb ist ein Gesch\u00e4ftsabschluss f\u00fcr uns nur dann erfolgreich, wenn er die Erwartungen und W\u00fcnsche aller Beteiligten vereint, denn nur dann bieten unsere Leistungen einen Mehrwert f\u00fcr Ihr Unternehmen.\n\n\t\t\t\t\t\t\t\t<\/div>\n\t\t\t\t<\/div>\n\t\t\t\t<div class=\"elementor-element elementor-element-4b8b79a elementor-widget elementor-widget-text-editor\" data-id=\"4b8b79a\" data-element_type=\"widget\" data-e-type=\"widget\" data-widget_type=\"text-editor.default\">\n\t\t\t\t<div class=\"elementor-widget-container\">\n\t\t\t\t\t\t\t\t\t<p>Wir denken f\u00fcr Sie immer einen Schritt voraus. Auch wenn die Aufgaben im Electronic Business immer komplexer werden, finden wir individuelle L\u00f6sungen f\u00fcr Ihre Aufgaben. Wir erkennen trotz st\u00e4ndig wechselnder Marktbedingungen fr\u00fchzeitig Chancen und helfen Ihnen, diese gewinnbringend zu nutzen. Dabei verlieren wir auch nie die Risiken f\u00fcr Sie aus den Augen. Gemeinsam mit Ihnen entwickeln wir die richtige Strategie. Gegenseitiges Vertrauen ist dabei die Basis f\u00fcr unseren gemeinsamen Erfolg.<\/p>\n\t\t\t\t\t\t\t\t<\/div>\n\t\t\t\t<\/div>\n\t\t\t\t\t<\/div>\n\t\t<\/div>\n\t\t\t\t\t<\/div>\n\t\t<\/section>\n\t\t\t\t<\/div>\n\t\t","protected":false},"excerpt":{"rendered":"<p>Wir arbeiten f\u00fcr ein klares Ziel: Vertrauen und Erfolg Basierend auf unserer Kernkompetenz im Bereich elektronischer Bauelemente bieten wir unseren Kunden ein weltweit einzigartiges Produkt- und L\u00f6sungsportfolio von elektronischen Bauelementen auf Leiterplattenebene und Dienstleistungen. Karl Kruse ist ein verantwortungsbewusstes Familienunternehmen, das Nachhaltigkeit und Traditionsbewusstsein f\u00f6rdert &#8211; Ihre Ziele bestimmen unsere t\u00e4gliche Arbeit. Deshalb ist ein [&hellip;]<\/p>\n","protected":false},"author":2,"featured_media":13269,"parent":0,"menu_order":0,"comment_status":"open","ping_status":"open","template":"elementor_theme","meta":{"site-sidebar-layout":"default","site-content-layout":"","ast-site-content-layout":"default","site-content-style":"default","site-sidebar-style":"default","ast-global-header-display":"","ast-banner-title-visibility":"","ast-main-header-display":"","ast-hfb-above-header-display":"","ast-hfb-below-header-display":"","ast-hfb-mobile-header-display":"","site-post-title":"","ast-breadcrumbs-content":"","ast-featured-img":"","footer-sml-layout":"","ast-disable-related-posts":"","theme-transparent-header-meta":"","adv-header-id-meta":"","stick-header-meta":"","header-above-stick-meta":"","header-main-stick-meta":"","header-below-stick-meta":"","astra-migrate-meta-layouts":"default","ast-page-background-enabled":"default","ast-page-background-meta":{"desktop":{"background-color":"var(--ast-global-color-4)","background-image":"","background-repeat":"repeat","background-position":"center center","background-size":"auto","background-attachment":"scroll","background-type":"","background-media":"","overlay-type":"","overlay-color":"","overlay-opacity":"","overlay-gradient":""},"tablet":{"background-color":"","background-image":"","background-repeat":"repeat","background-position":"center center","background-size":"auto","background-attachment":"scroll","background-type":"","background-media":"","overlay-type":"","overlay-color":"","overlay-opacity":"","overlay-gradient":""},"mobile":{"background-color":"","background-image":"","background-repeat":"repeat","background-position":"center center","background-size":"auto","background-attachment":"scroll","background-type":"","background-media":"","overlay-type":"","overlay-color":"","overlay-opacity":"","overlay-gradient":""}},"ast-content-background-meta":{"desktop":{"background-color":"var(--ast-global-color-5)","background-image":"","background-repeat":"repeat","background-position":"center center","background-size":"auto","background-attachment":"scroll","background-type":"","background-media":"","overlay-type":"","overlay-color":"","overlay-opacity":"","overlay-gradient":""},"tablet":{"background-color":"var(--ast-global-color-5)","background-image":"","background-repeat":"repeat","background-position":"center center","background-size":"auto","background-attachment":"scroll","background-type":"","background-media":"","overlay-type":"","overlay-color":"","overlay-opacity":"","overlay-gradient":""},"mobile":{"background-color":"var(--ast-global-color-5)","background-image":"","background-repeat":"repeat","background-position":"center center","background-size":"auto","background-attachment":"scroll","background-type":"","background-media":"","overlay-type":"","overlay-color":"","overlay-opacity":"","overlay-gradient":""}},"footnotes":""},"class_list":["post-13709","page","type-page","status-publish","has-post-thumbnail","hentry"],"yoast_head":"<!-- This site is optimized with the Yoast SEO Premium plugin v23.0 (Yoast SEO v27.4) - https:\/\/yoast.com\/product\/yoast-seo-premium-wordpress\/ -->\n<title>Philosophie - Kruse electronic components | Obsolete electronic components<\/title>\n<meta name=\"robots\" content=\"index, follow, max-snippet:-1, max-image-preview:large, max-video-preview:-1\" \/>\n<link rel=\"canonical\" href=\"https:\/\/kruse.de\/de\/philosophie\/\" \/>\n<meta property=\"og:locale\" content=\"de_DE\" \/>\n<meta property=\"og:type\" content=\"article\" \/>\n<meta property=\"og:title\" content=\"Philosophie - Kruse electronic components | Obsolete electronic components\" \/>\n<meta property=\"og:description\" content=\"Wir arbeiten f\u00fcr ein klares Ziel: Vertrauen und Erfolg Basierend auf unserer Kernkompetenz im Bereich elektronischer Bauelemente bieten wir unseren Kunden ein weltweit einzigartiges Produkt- und L\u00f6sungsportfolio von elektronischen Bauelementen auf Leiterplattenebene und Dienstleistungen. Karl Kruse ist ein verantwortungsbewusstes Familienunternehmen, das Nachhaltigkeit und Traditionsbewusstsein f\u00f6rdert &#8211; Ihre Ziele bestimmen unsere t\u00e4gliche Arbeit. Deshalb ist ein [&hellip;]\" \/>\n<meta property=\"og:url\" content=\"https:\/\/kruse.de\/de\/philosophie\/\" \/>\n<meta property=\"og:site_name\" content=\"Kruse electronic components | Obsolete electronic components\" \/>\n<meta property=\"article:modified_time\" content=\"2024-05-01T02:35:13+00:00\" \/>\n<meta property=\"og:image\" content=\"https:\/\/kruse.de\/wp-content\/uploads\/2021\/02\/philosophy.jpg\" \/>\n\t<meta property=\"og:image:width\" content=\"745\" \/>\n\t<meta property=\"og:image:height\" content=\"250\" \/>\n\t<meta property=\"og:image:type\" content=\"image\/jpeg\" \/>\n<meta name=\"twitter:card\" content=\"summary_large_image\" \/>\n<meta name=\"twitter:label1\" content=\"Gesch\u00e4tzte Lesezeit\" \/>\n\t<meta name=\"twitter:data1\" content=\"1\u00a0Minute\" \/>\n<script type=\"application\/ld+json\" class=\"yoast-schema-graph\">{\"@context\":\"https:\\\/\\\/schema.org\",\"@graph\":[{\"@type\":\"WebPage\",\"@id\":\"https:\\\/\\\/kruse.de\\\/de\\\/philosophie\\\/\",\"url\":\"https:\\\/\\\/kruse.de\\\/de\\\/philosophie\\\/\",\"name\":\"Philosophie - Kruse electronic components | Obsolete electronic components\",\"isPartOf\":{\"@id\":\"https:\\\/\\\/kruse.de\\\/de\\\/#website\"},\"primaryImageOfPage\":{\"@id\":\"https:\\\/\\\/kruse.de\\\/de\\\/philosophie\\\/#primaryimage\"},\"image\":{\"@id\":\"https:\\\/\\\/kruse.de\\\/de\\\/philosophie\\\/#primaryimage\"},\"thumbnailUrl\":\"https:\\\/\\\/kruse.de\\\/wp-content\\\/uploads\\\/2021\\\/02\\\/philosophy.jpg\",\"datePublished\":\"2021-02-24T12:14:05+00:00\",\"dateModified\":\"2024-05-01T02:35:13+00:00\",\"inLanguage\":\"de\",\"potentialAction\":[{\"@type\":\"ReadAction\",\"target\":[\"https:\\\/\\\/kruse.de\\\/de\\\/philosophie\\\/\"]}]},{\"@type\":\"ImageObject\",\"inLanguage\":\"de\",\"@id\":\"https:\\\/\\\/kruse.de\\\/de\\\/philosophie\\\/#primaryimage\",\"url\":\"https:\\\/\\\/kruse.de\\\/wp-content\\\/uploads\\\/2021\\\/02\\\/philosophy.jpg\",\"contentUrl\":\"https:\\\/\\\/kruse.de\\\/wp-content\\\/uploads\\\/2021\\\/02\\\/philosophy.jpg\",\"width\":745,\"height\":250},{\"@type\":\"WebSite\",\"@id\":\"https:\\\/\\\/kruse.de\\\/de\\\/#website\",\"url\":\"https:\\\/\\\/kruse.de\\\/de\\\/\",\"name\":\"Kruse electronic components | Obsolete electronic components\",\"description\":\"\",\"publisher\":{\"@id\":\"https:\\\/\\\/kruse.de\\\/de\\\/#organization\"},\"potentialAction\":[{\"@type\":\"SearchAction\",\"target\":{\"@type\":\"EntryPoint\",\"urlTemplate\":\"https:\\\/\\\/kruse.de\\\/de\\\/?s={search_term_string}\"},\"query-input\":{\"@type\":\"PropertyValueSpecification\",\"valueRequired\":true,\"valueName\":\"search_term_string\"}}],\"inLanguage\":\"de\"},{\"@type\":\"Organization\",\"@id\":\"https:\\\/\\\/kruse.de\\\/de\\\/#organization\",\"name\":\"Kruse electronic components | Obsolete electronic components\",\"url\":\"https:\\\/\\\/kruse.de\\\/de\\\/\",\"logo\":{\"@type\":\"ImageObject\",\"inLanguage\":\"de\",\"@id\":\"https:\\\/\\\/kruse.de\\\/de\\\/#\\\/schema\\\/logo\\\/image\\\/\",\"url\":\"https:\\\/\\\/kruse.de\\\/wp-content\\\/uploads\\\/2023\\\/05\\\/kruse-logo-0__1_-removebg-preview.png\",\"contentUrl\":\"https:\\\/\\\/kruse.de\\\/wp-content\\\/uploads\\\/2023\\\/05\\\/kruse-logo-0__1_-removebg-preview.png\",\"width\":250,\"height\":86,\"caption\":\"Kruse electronic components | Obsolete electronic components\"},\"image\":{\"@id\":\"https:\\\/\\\/kruse.de\\\/de\\\/#\\\/schema\\\/logo\\\/image\\\/\"}}]}<\/script>\n<!-- \/ Yoast SEO Premium plugin. -->","yoast_head_json":{"title":"Philosophie - Kruse electronic components | Obsolete electronic components","robots":{"index":"index","follow":"follow","max-snippet":"max-snippet:-1","max-image-preview":"max-image-preview:large","max-video-preview":"max-video-preview:-1"},"canonical":"https:\/\/kruse.de\/de\/philosophie\/","og_locale":"de_DE","og_type":"article","og_title":"Philosophie - Kruse electronic components | Obsolete electronic components","og_description":"Wir arbeiten f\u00fcr ein klares Ziel: Vertrauen und Erfolg Basierend auf unserer Kernkompetenz im Bereich elektronischer Bauelemente bieten wir unseren Kunden ein weltweit einzigartiges Produkt- und L\u00f6sungsportfolio von elektronischen Bauelementen auf Leiterplattenebene und Dienstleistungen. Karl Kruse ist ein verantwortungsbewusstes Familienunternehmen, das Nachhaltigkeit und Traditionsbewusstsein f\u00f6rdert &#8211; Ihre Ziele bestimmen unsere t\u00e4gliche Arbeit. Deshalb ist ein [&hellip;]","og_url":"https:\/\/kruse.de\/de\/philosophie\/","og_site_name":"Kruse electronic components | Obsolete electronic components","article_modified_time":"2024-05-01T02:35:13+00:00","og_image":[{"width":745,"height":250,"url":"https:\/\/kruse.de\/wp-content\/uploads\/2021\/02\/philosophy.jpg","type":"image\/jpeg"}],"twitter_card":"summary_large_image","twitter_misc":{"Gesch\u00e4tzte Lesezeit":"1\u00a0Minute"},"schema":{"@context":"https:\/\/schema.org","@graph":[{"@type":"WebPage","@id":"https:\/\/kruse.de\/de\/philosophie\/","url":"https:\/\/kruse.de\/de\/philosophie\/","name":"Philosophie - Kruse electronic components | Obsolete electronic components","isPartOf":{"@id":"https:\/\/kruse.de\/de\/#website"},"primaryImageOfPage":{"@id":"https:\/\/kruse.de\/de\/philosophie\/#primaryimage"},"image":{"@id":"https:\/\/kruse.de\/de\/philosophie\/#primaryimage"},"thumbnailUrl":"https:\/\/kruse.de\/wp-content\/uploads\/2021\/02\/philosophy.jpg","datePublished":"2021-02-24T12:14:05+00:00","dateModified":"2024-05-01T02:35:13+00:00","inLanguage":"de","potentialAction":[{"@type":"ReadAction","target":["https:\/\/kruse.de\/de\/philosophie\/"]}]},{"@type":"ImageObject","inLanguage":"de","@id":"https:\/\/kruse.de\/de\/philosophie\/#primaryimage","url":"https:\/\/kruse.de\/wp-content\/uploads\/2021\/02\/philosophy.jpg","contentUrl":"https:\/\/kruse.de\/wp-content\/uploads\/2021\/02\/philosophy.jpg","width":745,"height":250},{"@type":"WebSite","@id":"https:\/\/kruse.de\/de\/#website","url":"https:\/\/kruse.de\/de\/","name":"Kruse electronic components | Obsolete electronic components","description":"","publisher":{"@id":"https:\/\/kruse.de\/de\/#organization"},"potentialAction":[{"@type":"SearchAction","target":{"@type":"EntryPoint","urlTemplate":"https:\/\/kruse.de\/de\/?s={search_term_string}"},"query-input":{"@type":"PropertyValueSpecification","valueRequired":true,"valueName":"search_term_string"}}],"inLanguage":"de"},{"@type":"Organization","@id":"https:\/\/kruse.de\/de\/#organization","name":"Kruse electronic components | Obsolete electronic components","url":"https:\/\/kruse.de\/de\/","logo":{"@type":"ImageObject","inLanguage":"de","@id":"https:\/\/kruse.de\/de\/#\/schema\/logo\/image\/","url":"https:\/\/kruse.de\/wp-content\/uploads\/2023\/05\/kruse-logo-0__1_-removebg-preview.png","contentUrl":"https:\/\/kruse.de\/wp-content\/uploads\/2023\/05\/kruse-logo-0__1_-removebg-preview.png","width":250,"height":86,"caption":"Kruse electronic components | Obsolete electronic components"},"image":{"@id":"https:\/\/kruse.de\/de\/#\/schema\/logo\/image\/"}}]}},"_links":{"self":[{"href":"https:\/\/kruse.de\/de\/wp-json\/wp\/v2\/pages\/13709","targetHints":{"allow":["GET"]}}],"collection":[{"href":"https:\/\/kruse.de\/de\/wp-json\/wp\/v2\/pages"}],"about":[{"href":"https:\/\/kruse.de\/de\/wp-json\/wp\/v2\/types\/page"}],"author":[{"embeddable":true,"href":"https:\/\/kruse.de\/de\/wp-json\/wp\/v2\/users\/2"}],"replies":[{"embeddable":true,"href":"https:\/\/kruse.de\/de\/wp-json\/wp\/v2\/comments?post=13709"}],"version-history":[{"count":3,"href":"https:\/\/kruse.de\/de\/wp-json\/wp\/v2\/pages\/13709\/revisions"}],"predecessor-version":[{"id":13713,"href":"https:\/\/kruse.de\/de\/wp-json\/wp\/v2\/pages\/13709\/revisions\/13713"}],"wp:featuredmedia":[{"embeddable":true,"href":"https:\/\/kruse.de\/de\/wp-json\/wp\/v2\/media\/13269"}],"wp:attachment":[{"href":"https:\/\/kruse.de\/de\/wp-json\/wp\/v2\/media?parent=13709"}],"curies":[{"name":"wp","href":"https:\/\/api.w.org\/{rel}","templated":true}]}}