{"id":13702,"date":"2021-02-23T08:52:06","date_gmt":"2021-02-23T08:52:06","guid":{"rendered":"https:\/\/kruse.de\/management\/"},"modified":"2024-04-30T04:36:28","modified_gmt":"2024-04-30T04:36:28","slug":"management","status":"publish","type":"page","link":"https:\/\/kruse.de\/de\/management\/","title":{"rendered":"Management"},"content":{"rendered":"\t\t<div data-elementor-type=\"wp-post\" data-elementor-id=\"13702\" class=\"elementor elementor-13702 elementor-1190\" data-elementor-post-type=\"page\">\n\t\t\t\t\t\t<section class=\"elementor-section elementor-top-section elementor-element elementor-element-4aca5b9 elementor-section-boxed elementor-section-height-default elementor-section-height-default\" data-id=\"4aca5b9\" data-element_type=\"section\" data-e-type=\"section\">\n\t\t\t\t\t\t<div class=\"elementor-container elementor-column-gap-default\">\n\t\t\t\t\t<div class=\"elementor-column elementor-col-100 elementor-top-column elementor-element elementor-element-bcb248e\" data-id=\"bcb248e\" data-element_type=\"column\" data-e-type=\"column\">\n\t\t\t<div class=\"elementor-widget-wrap elementor-element-populated\">\n\t\t\t\t\t\t<div class=\"elementor-element elementor-element-27f683a elementor-widget elementor-widget-text-editor\" data-id=\"27f683a\" data-element_type=\"widget\" data-e-type=\"widget\" data-widget_type=\"text-editor.default\">\n\t\t\t\t<div class=\"elementor-widget-container\">\n\t\t\t\t\t\t\t\t\t<h4><span class=\"font-weight-300\"> <\/span><span style=\"color: #104f85;\">Familienunternehmen<\/span> <span class=\"font-weight-300\">Karl Krusea &#8230;.<\/span><\/h4>\n\t\t\t\t\t\t\t\t<\/div>\n\t\t\t\t<\/div>\n\t\t\t\t<div class=\"elementor-element elementor-element-b55ae85 elementor-widget elementor-widget-text-editor\" data-id=\"b55ae85\" data-element_type=\"widget\" data-e-type=\"widget\" data-widget_type=\"text-editor.default\">\n\t\t\t\t<div class=\"elementor-widget-container\">\n\t\t\t\t\t\t\t\t\tUnsere Unternehmensf\u00fchrung steht f\u00fcr die traditionellen Werte eines Familienunternehmens \u2013 ebenso wie f\u00fcr die Innovationskraft eines Marktf\u00fchrers. Seit der Gr\u00fcndung im Jahr 1951 ist Karl Kruse in Familienbesitz und die F\u00fchrung des Unternehmens ist durch zwei gesichert Familiengeneration.\n\n\t\t\t\t\t\t\t\t<\/div>\n\t\t\t\t<\/div>\n\t\t\t\t\t<\/div>\n\t\t<\/div>\n\t\t\t\t\t<\/div>\n\t\t<\/section>\n\t\t\t\t<section class=\"elementor-section elementor-top-section elementor-element elementor-element-c72221e elementor-section-boxed elementor-section-height-default elementor-section-height-default\" data-id=\"c72221e\" data-element_type=\"section\" data-e-type=\"section\">\n\t\t\t\t\t\t<div class=\"elementor-container elementor-column-gap-default\">\n\t\t\t\t\t<div class=\"elementor-column elementor-col-50 elementor-top-column elementor-element elementor-element-52e427b\" data-id=\"52e427b\" data-element_type=\"column\" data-e-type=\"column\">\n\t\t\t<div class=\"elementor-widget-wrap elementor-element-populated\">\n\t\t\t\t\t\t<section class=\"elementor-section elementor-inner-section elementor-element elementor-element-ad848a7 elementor-section-boxed elementor-section-height-default elementor-section-height-default\" data-id=\"ad848a7\" data-element_type=\"section\" data-e-type=\"section\">\n\t\t\t\t\t\t<div class=\"elementor-container elementor-column-gap-default\">\n\t\t\t\t\t<div class=\"elementor-column elementor-col-50 elementor-inner-column elementor-element elementor-element-079a8df\" data-id=\"079a8df\" data-element_type=\"column\" data-e-type=\"column\">\n\t\t\t<div class=\"elementor-widget-wrap elementor-element-populated\">\n\t\t\t\t\t\t<div class=\"elementor-element elementor-element-7d60b9a elementor-widget elementor-widget-image\" data-id=\"7d60b9a\" data-element_type=\"widget\" data-e-type=\"widget\" data-widget_type=\"image.default\">\n\t\t\t\t<div class=\"elementor-widget-container\">\n\t\t\t\t\t\t\t\t\t\t\t\t\t\t\t<img fetchpriority=\"high\" decoding=\"async\" width=\"350\" height=\"420\" src=\"https:\/\/kruse.de\/wp-content\/uploads\/2023\/08\/Untitled-design-14.jpg\" class=\"attachment-large size-large wp-image-13523\" alt=\"\" srcset=\"https:\/\/kruse.de\/wp-content\/uploads\/2023\/08\/Untitled-design-14.jpg 350w, https:\/\/kruse.de\/wp-content\/uploads\/2023\/08\/Untitled-design-14-250x300.jpg 250w\" sizes=\"(max-width: 350px) 100vw, 350px\" \/>\t\t\t\t\t\t\t\t\t\t\t\t\t\t\t<\/div>\n\t\t\t\t<\/div>\n\t\t\t\t\t<\/div>\n\t\t<\/div>\n\t\t\t\t<div class=\"elementor-column elementor-col-50 elementor-inner-column elementor-element elementor-element-c395c74\" data-id=\"c395c74\" data-element_type=\"column\" data-e-type=\"column\">\n\t\t\t<div class=\"elementor-widget-wrap elementor-element-populated\">\n\t\t\t\t\t\t<div class=\"elementor-element elementor-element-522adbf elementor-widget elementor-widget-heading\" data-id=\"522adbf\" data-element_type=\"widget\" data-e-type=\"widget\" data-widget_type=\"heading.default\">\n\t\t\t\t<div class=\"elementor-widget-container\">\n\t\t\t\t\t<h2 class=\"elementor-heading-title elementor-size-default\">Klaus P. Kruse\n\n<\/h2>\t\t\t\t<\/div>\n\t\t\t\t<\/div>\n\t\t\t\t<div class=\"elementor-element elementor-element-71cf6bc elementor-widget elementor-widget-heading\" data-id=\"71cf6bc\" data-element_type=\"widget\" data-e-type=\"widget\" data-widget_type=\"heading.default\">\n\t\t\t\t<div class=\"elementor-widget-container\">\n\t\t\t\t\t<h2 class=\"elementor-heading-title elementor-size-default\">Klaus Kruse vertritt Kruse Electronic Components. Gesch\u00e4ftsf\u00fchrender Gesellschafter und CEO ist\nverantwortlich f\u00fcr die Bereiche Marketing, Vertrieb &amp; Einkauf.<\/h2>\t\t\t\t<\/div>\n\t\t\t\t<\/div>\n\t\t\t\t\t<\/div>\n\t\t<\/div>\n\t\t\t\t\t<\/div>\n\t\t<\/section>\n\t\t\t\t<section class=\"elementor-section elementor-inner-section elementor-element elementor-element-5927e0f elementor-section-boxed elementor-section-height-default elementor-section-height-default\" data-id=\"5927e0f\" data-element_type=\"section\" data-e-type=\"section\">\n\t\t\t\t\t\t<div class=\"elementor-container elementor-column-gap-default\">\n\t\t\t\t\t<div class=\"elementor-column elementor-col-50 elementor-inner-column elementor-element elementor-element-2b4ec80\" data-id=\"2b4ec80\" data-element_type=\"column\" data-e-type=\"column\">\n\t\t\t<div class=\"elementor-widget-wrap elementor-element-populated\">\n\t\t\t\t\t\t<div class=\"elementor-element elementor-element-bdf5ad9 elementor-align-center elementor-widget__width-auto elementor-widget elementor-widget-button\" data-id=\"bdf5ad9\" data-element_type=\"widget\" data-e-type=\"widget\" data-widget_type=\"button.default\">\n\t\t\t\t<div class=\"elementor-widget-container\">\n\t\t\t\t\t\t\t\t\t<div class=\"elementor-button-wrapper\">\n\t\t\t\t\t<a class=\"elementor-button elementor-button-link elementor-size-sm\" href=\"tel:4921127403530\">\n\t\t\t\t\t\t<span class=\"elementor-button-content-wrapper\">\n\t\t\t\t\t\t\t\t\t<span class=\"elementor-button-text\">+49 211 27403530<\/span>\n\t\t\t\t\t<\/span>\n\t\t\t\t\t<\/a>\n\t\t\t\t<\/div>\n\t\t\t\t\t\t\t\t<\/div>\n\t\t\t\t<\/div>\n\t\t\t\t\t<\/div>\n\t\t<\/div>\n\t\t\t\t<div class=\"elementor-column elementor-col-50 elementor-inner-column elementor-element elementor-element-e83c4af\" data-id=\"e83c4af\" data-element_type=\"column\" data-e-type=\"column\">\n\t\t\t<div class=\"elementor-widget-wrap elementor-element-populated\">\n\t\t\t\t\t\t<div class=\"elementor-element elementor-element-9da4339 elementor-align-center elementor-widget__width-auto elementor-widget elementor-widget-button\" data-id=\"9da4339\" data-element_type=\"widget\" data-e-type=\"widget\" data-widget_type=\"button.default\">\n\t\t\t\t<div class=\"elementor-widget-container\">\n\t\t\t\t\t\t\t\t\t<div class=\"elementor-button-wrapper\">\n\t\t\t\t\t<a class=\"elementor-button elementor-button-link elementor-size-sm\" href=\"mailto:kkruse@kruse.de\">\n\t\t\t\t\t\t<span class=\"elementor-button-content-wrapper\">\n\t\t\t\t\t\t<span class=\"elementor-button-icon\">\n\t\t\t\t<i aria-hidden=\"true\" class=\"fas fa-envelope\"><\/i>\t\t\t<\/span>\n\t\t\t\t\t\t\t\t\t<span class=\"elementor-button-text\">E-MAIL<\/span>\n\t\t\t\t\t<\/span>\n\t\t\t\t\t<\/a>\n\t\t\t\t<\/div>\n\t\t\t\t\t\t\t\t<\/div>\n\t\t\t\t<\/div>\n\t\t\t\t\t<\/div>\n\t\t<\/div>\n\t\t\t\t\t<\/div>\n\t\t<\/section>\n\t\t\t\t\t<\/div>\n\t\t<\/div>\n\t\t\t\t<div class=\"elementor-column elementor-col-50 elementor-top-column elementor-element elementor-element-41ae3e6\" data-id=\"41ae3e6\" data-element_type=\"column\" data-e-type=\"column\">\n\t\t\t<div class=\"elementor-widget-wrap elementor-element-populated\">\n\t\t\t\t\t\t<section class=\"elementor-section elementor-inner-section elementor-element elementor-element-90af9c9 elementor-section-boxed elementor-section-height-default elementor-section-height-default\" data-id=\"90af9c9\" data-element_type=\"section\" data-e-type=\"section\">\n\t\t\t\t\t\t<div class=\"elementor-container elementor-column-gap-default\">\n\t\t\t\t\t<div class=\"elementor-column elementor-col-50 elementor-inner-column elementor-element elementor-element-c2736e2\" data-id=\"c2736e2\" data-element_type=\"column\" data-e-type=\"column\">\n\t\t\t<div class=\"elementor-widget-wrap elementor-element-populated\">\n\t\t\t\t\t\t<div class=\"elementor-element elementor-element-e83bd57 elementor-widget elementor-widget-image\" data-id=\"e83bd57\" data-element_type=\"widget\" data-e-type=\"widget\" data-widget_type=\"image.default\">\n\t\t\t\t<div class=\"elementor-widget-container\">\n\t\t\t\t\t\t\t\t\t\t\t\t\t\t\t<img decoding=\"async\" width=\"350\" height=\"420\" src=\"https:\/\/kruse.de\/wp-content\/uploads\/2023\/08\/Untitled-design-13.jpg\" class=\"attachment-large size-large wp-image-13522\" alt=\"\" srcset=\"https:\/\/kruse.de\/wp-content\/uploads\/2023\/08\/Untitled-design-13.jpg 350w, https:\/\/kruse.de\/wp-content\/uploads\/2023\/08\/Untitled-design-13-250x300.jpg 250w\" sizes=\"(max-width: 350px) 100vw, 350px\" \/>\t\t\t\t\t\t\t\t\t\t\t\t\t\t\t<\/div>\n\t\t\t\t<\/div>\n\t\t\t\t\t<\/div>\n\t\t<\/div>\n\t\t\t\t<div class=\"elementor-column elementor-col-50 elementor-inner-column elementor-element elementor-element-86336d5\" data-id=\"86336d5\" data-element_type=\"column\" data-e-type=\"column\">\n\t\t\t<div class=\"elementor-widget-wrap elementor-element-populated\">\n\t\t\t\t\t\t<div class=\"elementor-element elementor-element-e12c6d1 elementor-widget elementor-widget-heading\" data-id=\"e12c6d1\" data-element_type=\"widget\" data-e-type=\"widget\" data-widget_type=\"heading.default\">\n\t\t\t\t<div class=\"elementor-widget-container\">\n\t\t\t\t\t<h2 class=\"elementor-heading-title elementor-size-default\">Alexander Kruse <\/h2>\t\t\t\t<\/div>\n\t\t\t\t<\/div>\n\t\t\t\t<div class=\"elementor-element elementor-element-e246e30 elementor-widget elementor-widget-heading\" data-id=\"e246e30\" data-element_type=\"widget\" data-e-type=\"widget\" data-widget_type=\"heading.default\">\n\t\t\t\t<div class=\"elementor-widget-container\">\n\t\t\t\t\t<h2 class=\"elementor-heading-title elementor-size-default\">Alexander ist CFO und Qualit\u00e4tsbeauftragter, w\u00e4hrend Karl ein globaler Franchise-Distributor ist (ISO: 9001-2015 zertifiziert).<\/h2>\t\t\t\t<\/div>\n\t\t\t\t<\/div>\n\t\t\t\t\t<\/div>\n\t\t<\/div>\n\t\t\t\t\t<\/div>\n\t\t<\/section>\n\t\t\t\t<section class=\"elementor-section elementor-inner-section elementor-element elementor-element-ac67875 elementor-section-boxed elementor-section-height-default elementor-section-height-default\" data-id=\"ac67875\" data-element_type=\"section\" data-e-type=\"section\">\n\t\t\t\t\t\t<div class=\"elementor-container elementor-column-gap-default\">\n\t\t\t\t\t<div class=\"elementor-column elementor-col-50 elementor-inner-column elementor-element elementor-element-7000707\" data-id=\"7000707\" data-element_type=\"column\" data-e-type=\"column\">\n\t\t\t<div class=\"elementor-widget-wrap elementor-element-populated\">\n\t\t\t\t\t\t<div class=\"elementor-element elementor-element-05c6afb elementor-align-center elementor-widget__width-auto elementor-widget elementor-widget-button\" data-id=\"05c6afb\" data-element_type=\"widget\" data-e-type=\"widget\" data-widget_type=\"button.default\">\n\t\t\t\t<div class=\"elementor-widget-container\">\n\t\t\t\t\t\t\t\t\t<div class=\"elementor-button-wrapper\">\n\t\t\t\t\t<a class=\"elementor-button elementor-button-link elementor-size-sm\" href=\"tel:4921127403531\">\n\t\t\t\t\t\t<span class=\"elementor-button-content-wrapper\">\n\t\t\t\t\t\t<span class=\"elementor-button-icon\">\n\t\t\t\t<i aria-hidden=\"true\" class=\"fas fa-phone-volume\"><\/i>\t\t\t<\/span>\n\t\t\t\t\t\t\t\t\t<span class=\"elementor-button-text\">+49 211 27403531<\/span>\n\t\t\t\t\t<\/span>\n\t\t\t\t\t<\/a>\n\t\t\t\t<\/div>\n\t\t\t\t\t\t\t\t<\/div>\n\t\t\t\t<\/div>\n\t\t\t\t\t<\/div>\n\t\t<\/div>\n\t\t\t\t<div class=\"elementor-column elementor-col-50 elementor-inner-column elementor-element elementor-element-6ed73e3\" data-id=\"6ed73e3\" data-element_type=\"column\" data-e-type=\"column\">\n\t\t\t<div class=\"elementor-widget-wrap elementor-element-populated\">\n\t\t\t\t\t\t<div class=\"elementor-element elementor-element-91486bf elementor-align-center elementor-widget__width-auto elementor-widget elementor-widget-button\" data-id=\"91486bf\" data-element_type=\"widget\" data-e-type=\"widget\" data-widget_type=\"button.default\">\n\t\t\t\t<div class=\"elementor-widget-container\">\n\t\t\t\t\t\t\t\t\t<div class=\"elementor-button-wrapper\">\n\t\t\t\t\t<a class=\"elementor-button elementor-button-link elementor-size-sm\" href=\"mailto:akruse@kruse.de\">\n\t\t\t\t\t\t<span class=\"elementor-button-content-wrapper\">\n\t\t\t\t\t\t<span class=\"elementor-button-icon\">\n\t\t\t\t<i aria-hidden=\"true\" class=\"fas fa-envelope\"><\/i>\t\t\t<\/span>\n\t\t\t\t\t\t\t\t\t<span class=\"elementor-button-text\">E-MAIL<\/span>\n\t\t\t\t\t<\/span>\n\t\t\t\t\t<\/a>\n\t\t\t\t<\/div>\n\t\t\t\t\t\t\t\t<\/div>\n\t\t\t\t<\/div>\n\t\t\t\t\t<\/div>\n\t\t<\/div>\n\t\t\t\t\t<\/div>\n\t\t<\/section>\n\t\t\t\t\t<\/div>\n\t\t<\/div>\n\t\t\t\t\t<\/div>\n\t\t<\/section>\n\t\t\t\t<\/div>\n\t\t","protected":false},"excerpt":{"rendered":"<p>Familienunternehmen Karl Krusea &#8230;. Unsere Unternehmensf\u00fchrung steht f\u00fcr die traditionellen Werte eines Familienunternehmens \u2013 ebenso wie f\u00fcr die Innovationskraft eines Marktf\u00fchrers. Seit der Gr\u00fcndung im Jahr 1951 ist Karl Kruse in Familienbesitz und die F\u00fchrung des Unternehmens ist durch zwei gesichert Familiengeneration. Klaus P. Kruse Klaus Kruse vertritt Kruse Electronic Components. Gesch\u00e4ftsf\u00fchrender Gesellschafter und CEO [&hellip;]<\/p>\n","protected":false},"author":2,"featured_media":13263,"parent":0,"menu_order":0,"comment_status":"open","ping_status":"open","template":"elementor_theme","meta":{"site-sidebar-layout":"default","site-content-layout":"","ast-site-content-layout":"default","site-content-style":"default","site-sidebar-style":"default","ast-global-header-display":"","ast-banner-title-visibility":"","ast-main-header-display":"","ast-hfb-above-header-display":"","ast-hfb-below-header-display":"","ast-hfb-mobile-header-display":"","site-post-title":"","ast-breadcrumbs-content":"","ast-featured-img":"","footer-sml-layout":"","ast-disable-related-posts":"","theme-transparent-header-meta":"","adv-header-id-meta":"","stick-header-meta":"","header-above-stick-meta":"","header-main-stick-meta":"","header-below-stick-meta":"","astra-migrate-meta-layouts":"default","ast-page-background-enabled":"default","ast-page-background-meta":{"desktop":{"background-color":"var(--ast-global-color-4)","background-image":"","background-repeat":"repeat","background-position":"center center","background-size":"auto","background-attachment":"scroll","background-type":"","background-media":"","overlay-type":"","overlay-color":"","overlay-opacity":"","overlay-gradient":""},"tablet":{"background-color":"","background-image":"","background-repeat":"repeat","background-position":"center center","background-size":"auto","background-attachment":"scroll","background-type":"","background-media":"","overlay-type":"","overlay-color":"","overlay-opacity":"","overlay-gradient":""},"mobile":{"background-color":"","background-image":"","background-repeat":"repeat","background-position":"center center","background-size":"auto","background-attachment":"scroll","background-type":"","background-media":"","overlay-type":"","overlay-color":"","overlay-opacity":"","overlay-gradient":""}},"ast-content-background-meta":{"desktop":{"background-color":"var(--ast-global-color-5)","background-image":"","background-repeat":"repeat","background-position":"center center","background-size":"auto","background-attachment":"scroll","background-type":"","background-media":"","overlay-type":"","overlay-color":"","overlay-opacity":"","overlay-gradient":""},"tablet":{"background-color":"var(--ast-global-color-5)","background-image":"","background-repeat":"repeat","background-position":"center center","background-size":"auto","background-attachment":"scroll","background-type":"","background-media":"","overlay-type":"","overlay-color":"","overlay-opacity":"","overlay-gradient":""},"mobile":{"background-color":"var(--ast-global-color-5)","background-image":"","background-repeat":"repeat","background-position":"center center","background-size":"auto","background-attachment":"scroll","background-type":"","background-media":"","overlay-type":"","overlay-color":"","overlay-opacity":"","overlay-gradient":""}},"footnotes":""},"class_list":["post-13702","page","type-page","status-publish","has-post-thumbnail","hentry"],"yoast_head":"<!-- This site is optimized with the Yoast SEO Premium plugin v23.0 (Yoast SEO v27.4) - https:\/\/yoast.com\/product\/yoast-seo-premium-wordpress\/ -->\n<title>Management - Kruse electronic components | Obsolete electronic components<\/title>\n<meta name=\"robots\" content=\"index, follow, max-snippet:-1, max-image-preview:large, max-video-preview:-1\" \/>\n<link rel=\"canonical\" href=\"https:\/\/kruse.de\/de\/management\/\" \/>\n<meta property=\"og:locale\" content=\"de_DE\" \/>\n<meta property=\"og:type\" content=\"article\" \/>\n<meta property=\"og:title\" content=\"Management - Kruse electronic components | Obsolete electronic components\" \/>\n<meta property=\"og:description\" content=\"Familienunternehmen Karl Krusea &#8230;. Unsere Unternehmensf\u00fchrung steht f\u00fcr die traditionellen Werte eines Familienunternehmens \u2013 ebenso wie f\u00fcr die Innovationskraft eines Marktf\u00fchrers. Seit der Gr\u00fcndung im Jahr 1951 ist Karl Kruse in Familienbesitz und die F\u00fchrung des Unternehmens ist durch zwei gesichert Familiengeneration. Klaus P. Kruse Klaus Kruse vertritt Kruse Electronic Components. Gesch\u00e4ftsf\u00fchrender Gesellschafter und CEO [&hellip;]\" \/>\n<meta property=\"og:url\" content=\"https:\/\/kruse.de\/de\/management\/\" \/>\n<meta property=\"og:site_name\" content=\"Kruse electronic components | Obsolete electronic components\" \/>\n<meta property=\"article:modified_time\" content=\"2024-04-30T04:36:28+00:00\" \/>\n<meta property=\"og:image\" content=\"https:\/\/kruse.de\/wp-content\/uploads\/2021\/02\/management-banner.jpg\" \/>\n\t<meta property=\"og:image:width\" content=\"1024\" \/>\n\t<meta property=\"og:image:height\" content=\"683\" \/>\n\t<meta property=\"og:image:type\" content=\"image\/jpeg\" \/>\n<meta name=\"twitter:card\" content=\"summary_large_image\" \/>\n<script type=\"application\/ld+json\" class=\"yoast-schema-graph\">{\"@context\":\"https:\\\/\\\/schema.org\",\"@graph\":[{\"@type\":\"WebPage\",\"@id\":\"https:\\\/\\\/kruse.de\\\/de\\\/management\\\/\",\"url\":\"https:\\\/\\\/kruse.de\\\/de\\\/management\\\/\",\"name\":\"Management - Kruse electronic components | Obsolete electronic components\",\"isPartOf\":{\"@id\":\"https:\\\/\\\/kruse.de\\\/de\\\/#website\"},\"primaryImageOfPage\":{\"@id\":\"https:\\\/\\\/kruse.de\\\/de\\\/management\\\/#primaryimage\"},\"image\":{\"@id\":\"https:\\\/\\\/kruse.de\\\/de\\\/management\\\/#primaryimage\"},\"thumbnailUrl\":\"https:\\\/\\\/kruse.de\\\/wp-content\\\/uploads\\\/2021\\\/02\\\/management-banner.jpg\",\"datePublished\":\"2021-02-23T08:52:06+00:00\",\"dateModified\":\"2024-04-30T04:36:28+00:00\",\"inLanguage\":\"de\",\"potentialAction\":[{\"@type\":\"ReadAction\",\"target\":[\"https:\\\/\\\/kruse.de\\\/de\\\/management\\\/\"]}]},{\"@type\":\"ImageObject\",\"inLanguage\":\"de\",\"@id\":\"https:\\\/\\\/kruse.de\\\/de\\\/management\\\/#primaryimage\",\"url\":\"https:\\\/\\\/kruse.de\\\/wp-content\\\/uploads\\\/2021\\\/02\\\/management-banner.jpg\",\"contentUrl\":\"https:\\\/\\\/kruse.de\\\/wp-content\\\/uploads\\\/2021\\\/02\\\/management-banner.jpg\",\"width\":1024,\"height\":683},{\"@type\":\"WebSite\",\"@id\":\"https:\\\/\\\/kruse.de\\\/de\\\/#website\",\"url\":\"https:\\\/\\\/kruse.de\\\/de\\\/\",\"name\":\"Kruse electronic components | Obsolete electronic components\",\"description\":\"\",\"publisher\":{\"@id\":\"https:\\\/\\\/kruse.de\\\/de\\\/#organization\"},\"potentialAction\":[{\"@type\":\"SearchAction\",\"target\":{\"@type\":\"EntryPoint\",\"urlTemplate\":\"https:\\\/\\\/kruse.de\\\/de\\\/?s={search_term_string}\"},\"query-input\":{\"@type\":\"PropertyValueSpecification\",\"valueRequired\":true,\"valueName\":\"search_term_string\"}}],\"inLanguage\":\"de\"},{\"@type\":\"Organization\",\"@id\":\"https:\\\/\\\/kruse.de\\\/de\\\/#organization\",\"name\":\"Kruse electronic components | Obsolete electronic components\",\"url\":\"https:\\\/\\\/kruse.de\\\/de\\\/\",\"logo\":{\"@type\":\"ImageObject\",\"inLanguage\":\"de\",\"@id\":\"https:\\\/\\\/kruse.de\\\/de\\\/#\\\/schema\\\/logo\\\/image\\\/\",\"url\":\"https:\\\/\\\/kruse.de\\\/wp-content\\\/uploads\\\/2023\\\/05\\\/kruse-logo-0__1_-removebg-preview.png\",\"contentUrl\":\"https:\\\/\\\/kruse.de\\\/wp-content\\\/uploads\\\/2023\\\/05\\\/kruse-logo-0__1_-removebg-preview.png\",\"width\":250,\"height\":86,\"caption\":\"Kruse electronic components | Obsolete electronic components\"},\"image\":{\"@id\":\"https:\\\/\\\/kruse.de\\\/de\\\/#\\\/schema\\\/logo\\\/image\\\/\"}}]}<\/script>\n<!-- \/ Yoast SEO Premium plugin. -->","yoast_head_json":{"title":"Management - Kruse electronic components | Obsolete electronic components","robots":{"index":"index","follow":"follow","max-snippet":"max-snippet:-1","max-image-preview":"max-image-preview:large","max-video-preview":"max-video-preview:-1"},"canonical":"https:\/\/kruse.de\/de\/management\/","og_locale":"de_DE","og_type":"article","og_title":"Management - Kruse electronic components | Obsolete electronic components","og_description":"Familienunternehmen Karl Krusea &#8230;. Unsere Unternehmensf\u00fchrung steht f\u00fcr die traditionellen Werte eines Familienunternehmens \u2013 ebenso wie f\u00fcr die Innovationskraft eines Marktf\u00fchrers. Seit der Gr\u00fcndung im Jahr 1951 ist Karl Kruse in Familienbesitz und die F\u00fchrung des Unternehmens ist durch zwei gesichert Familiengeneration. Klaus P. Kruse Klaus Kruse vertritt Kruse Electronic Components. Gesch\u00e4ftsf\u00fchrender Gesellschafter und CEO [&hellip;]","og_url":"https:\/\/kruse.de\/de\/management\/","og_site_name":"Kruse electronic components | Obsolete electronic components","article_modified_time":"2024-04-30T04:36:28+00:00","og_image":[{"width":1024,"height":683,"url":"https:\/\/kruse.de\/wp-content\/uploads\/2021\/02\/management-banner.jpg","type":"image\/jpeg"}],"twitter_card":"summary_large_image","schema":{"@context":"https:\/\/schema.org","@graph":[{"@type":"WebPage","@id":"https:\/\/kruse.de\/de\/management\/","url":"https:\/\/kruse.de\/de\/management\/","name":"Management - Kruse electronic components | Obsolete electronic components","isPartOf":{"@id":"https:\/\/kruse.de\/de\/#website"},"primaryImageOfPage":{"@id":"https:\/\/kruse.de\/de\/management\/#primaryimage"},"image":{"@id":"https:\/\/kruse.de\/de\/management\/#primaryimage"},"thumbnailUrl":"https:\/\/kruse.de\/wp-content\/uploads\/2021\/02\/management-banner.jpg","datePublished":"2021-02-23T08:52:06+00:00","dateModified":"2024-04-30T04:36:28+00:00","inLanguage":"de","potentialAction":[{"@type":"ReadAction","target":["https:\/\/kruse.de\/de\/management\/"]}]},{"@type":"ImageObject","inLanguage":"de","@id":"https:\/\/kruse.de\/de\/management\/#primaryimage","url":"https:\/\/kruse.de\/wp-content\/uploads\/2021\/02\/management-banner.jpg","contentUrl":"https:\/\/kruse.de\/wp-content\/uploads\/2021\/02\/management-banner.jpg","width":1024,"height":683},{"@type":"WebSite","@id":"https:\/\/kruse.de\/de\/#website","url":"https:\/\/kruse.de\/de\/","name":"Kruse electronic components | Obsolete electronic components","description":"","publisher":{"@id":"https:\/\/kruse.de\/de\/#organization"},"potentialAction":[{"@type":"SearchAction","target":{"@type":"EntryPoint","urlTemplate":"https:\/\/kruse.de\/de\/?s={search_term_string}"},"query-input":{"@type":"PropertyValueSpecification","valueRequired":true,"valueName":"search_term_string"}}],"inLanguage":"de"},{"@type":"Organization","@id":"https:\/\/kruse.de\/de\/#organization","name":"Kruse electronic components | Obsolete electronic components","url":"https:\/\/kruse.de\/de\/","logo":{"@type":"ImageObject","inLanguage":"de","@id":"https:\/\/kruse.de\/de\/#\/schema\/logo\/image\/","url":"https:\/\/kruse.de\/wp-content\/uploads\/2023\/05\/kruse-logo-0__1_-removebg-preview.png","contentUrl":"https:\/\/kruse.de\/wp-content\/uploads\/2023\/05\/kruse-logo-0__1_-removebg-preview.png","width":250,"height":86,"caption":"Kruse electronic components | Obsolete electronic components"},"image":{"@id":"https:\/\/kruse.de\/de\/#\/schema\/logo\/image\/"}}]}},"_links":{"self":[{"href":"https:\/\/kruse.de\/de\/wp-json\/wp\/v2\/pages\/13702","targetHints":{"allow":["GET"]}}],"collection":[{"href":"https:\/\/kruse.de\/de\/wp-json\/wp\/v2\/pages"}],"about":[{"href":"https:\/\/kruse.de\/de\/wp-json\/wp\/v2\/types\/page"}],"author":[{"embeddable":true,"href":"https:\/\/kruse.de\/de\/wp-json\/wp\/v2\/users\/2"}],"replies":[{"embeddable":true,"href":"https:\/\/kruse.de\/de\/wp-json\/wp\/v2\/comments?post=13702"}],"version-history":[{"count":1,"href":"https:\/\/kruse.de\/de\/wp-json\/wp\/v2\/pages\/13702\/revisions"}],"predecessor-version":[{"id":13703,"href":"https:\/\/kruse.de\/de\/wp-json\/wp\/v2\/pages\/13702\/revisions\/13703"}],"wp:featuredmedia":[{"embeddable":true,"href":"https:\/\/kruse.de\/de\/wp-json\/wp\/v2\/media\/13263"}],"wp:attachment":[{"href":"https:\/\/kruse.de\/de\/wp-json\/wp\/v2\/media?parent=13702"}],"curies":[{"name":"wp","href":"https:\/\/api.w.org\/{rel}","templated":true}]}}